{"id":6391046,"date":"2026-01-18T21:40:21","date_gmt":"2026-01-18T19:40:21","guid":{"rendered":"http:\/\/inkman007"},"modified":"2026-01-18T21:40:21","modified_gmt":"2026-01-18T19:40:21","slug":"mi-svi-smo-jedno-bit-svega-sto-postoji-3","status":"publish","type":"product","link":"https:\/\/staging2.anabucevic.com\/en\/product\/mi-svi-smo-jedno-bit-svega-sto-postoji-3\/","title":{"rendered":"ARMAND ALVAREZ I KOSTA TRIFUNOVI\u0106 &#8211; Mi svi smo jedno: BIT SVEGA \u0160TO POSTOJI"},"content":{"rendered":"","protected":false},"excerpt":{"rendered":"<h5><strong>1,760 rsd<\/strong><\/h5>\n<p>Tko sam ja? Koja je moja svrha u ovom \u017eivotu?<br \/>\nKako da znam slu\u017eim li svojoj svrsi?<\/p>\n<p>Nerijetko si postavljamo ovakva pitanja na intelektualnoj razini.<br \/>\nPonekad toliko da uzalud gubimo vrijeme!<\/p>\n<p>U Va\u0161im rukama dr\u017eite transformacijski ples pitanja i odgovora, primljen iz perspektive van okvira misli, mi\u0161ljenja, predrasuda i uvjerenja.<\/p>\n<p>Ovo je knjiga o VAMA, va\u0161oj unutra\u0161njosti i vanj\u0161tini.<\/p>\n<p>Knjiga se bavi obiljem u kojem imate priliku u\u017eivati, kada postanete svjesni vi\u0161e refleksija i kutova vas, vi\u0161e nego \u0161to va\u0161a perspektiva Sebe sadr\u017ei.<\/p>\n<p>Pitanja predstavljaju DUBOKO URANJANJE u proces svjesnog kreiranja realnosti pojedinca, sa snagom fokusa i ravnote\u017eom u prvom planu.<br \/>\nNa\u0161a najiskrenija \u017eelja za objavom ovog \u0161tiva je kreirati pogodno okru\u017eenje za vas, s ciljem ubrzavanja va\u0161e URO\u00d0ENE potrage za znanjem, tempom koji vam najvi\u0161e odgovara.<\/p>\n<p>Na\u0161a je \u017eelja da vam ove stranice poslu\u017ee kao motivacija za novu znati\u017eelju, pitanja, otkrivanje i utjelovljenje va\u0161eg PUNOG POTENCIJALA koji je u konstantnom razvoju.<\/p>\n<p>U\u017eivajte u putovanju!<\/p>","protected":false},"featured_media":6353565,"template":"","meta":[],"product_cat":[56],"product_tag":[],"class_list":["post-6391046","product","type-product","status-publish","has-post-thumbnail","hentry","product_cat-ostale-knjige-u-nasem-izdavastvu"],"yoast_head":"<!-- This site is optimized with the Yoast SEO plugin v26.0 - https:\/\/yoast.com\/wordpress\/plugins\/seo\/ -->\n<title>ARMAND ALVAREZ I KOSTA TRIFUNOVI\u0106 - Mi svi smo jedno: BIT SVEGA \u0160TO POSTOJI - Ana Bu\u010devi\u0107 - STAGING<\/title>\n<meta name=\"robots\" content=\"noindex, follow, max-snippet:-1, max-image-preview:large, max-video-preview:-1\" \/>\n<meta property=\"og:locale\" content=\"en_GB\" \/>\n<meta property=\"og:type\" content=\"article\" \/>\n<meta property=\"og:title\" content=\"ARMAND ALVAREZ I KOSTA TRIFUNOVI\u0106 - Mi svi smo jedno: BIT SVEGA \u0160TO POSTOJI - Ana Bu\u010devi\u0107 - STAGING\" \/>\n<meta property=\"og:description\" content=\"1,760 rsd Tko sam ja? Koja je moja svrha u ovom \u017eivotu? Kako da znam slu\u017eim li svojoj svrsi? Nerijetko si postavljamo ovakva pitanja na intelektualnoj razini. Ponekad toliko da uzalud gubimo vrijeme! U Va\u0161im rukama dr\u017eite transformacijski ples pitanja i odgovora, primljen iz perspektive van okvira misli, mi\u0161ljenja, predrasuda i uvjerenja. Ovo je knjiga o VAMA, va\u0161oj unutra\u0161njosti i vanj\u0161tini. Knjiga se bavi obiljem u kojem imate priliku u\u017eivati, kada postanete svjesni vi\u0161e refleksija i kutova vas, vi\u0161e nego \u0161to va\u0161a perspektiva Sebe sadr\u017ei. Pitanja predstavljaju DUBOKO URANJANJE u proces svjesnog kreiranja realnosti pojedinca, sa snagom fokusa i ravnote\u017eom u prvom planu. Na\u0161a najiskrenija \u017eelja za objavom ovog \u0161tiva je kreirati pogodno okru\u017eenje za vas, s ciljem ubrzavanja va\u0161e URO\u00d0ENE potrage za znanjem, tempom koji vam najvi\u0161e odgovara. Na\u0161a je \u017eelja da vam ove stranice poslu\u017ee kao motivacija za novu znati\u017eelju, pitanja, otkrivanje i utjelovljenje va\u0161eg PUNOG POTENCIJALA koji je u konstantnom razvoju. U\u017eivajte u putovanju!\" \/>\n<meta property=\"og:url\" content=\"https:\/\/staging2.anabucevic.com\/en\/product\/mi-svi-smo-jedno-bit-svega-sto-postoji-3\/\" \/>\n<meta property=\"og:site_name\" content=\"Ana Bu\u010devi\u0107 - STAGING\" \/>\n<meta property=\"og:image\" content=\"https:\/\/staging2.anabucevic.com\/wp-content\/uploads\/2023\/08\/Screenshot-2023-08-27-at-12.26.26-1024x1024.png\" \/>\n\t<meta property=\"og:image:width\" content=\"1024\" \/>\n\t<meta property=\"og:image:height\" content=\"1024\" \/>\n\t<meta property=\"og:image:type\" content=\"image\/png\" \/>\n<meta name=\"twitter:card\" content=\"summary_large_image\" \/>\n<script type=\"application\/ld+json\" class=\"yoast-schema-graph\">{\"@context\":\"https:\/\/schema.org\",\"@graph\":[{\"@type\":\"WebPage\",\"@id\":\"https:\/\/staging2.anabucevic.com\/en\/product\/mi-svi-smo-jedno-bit-svega-sto-postoji-3\/\",\"url\":\"https:\/\/staging2.anabucevic.com\/en\/product\/mi-svi-smo-jedno-bit-svega-sto-postoji-3\/\",\"name\":\"ARMAND ALVAREZ I KOSTA TRIFUNOVI\u0106 - Mi svi smo jedno: BIT SVEGA \u0160TO POSTOJI - Ana Bu\u010devi\u0107 - STAGING\",\"isPartOf\":{\"@id\":\"https:\/\/staging2.anabucevic.com\/en\/#website\"},\"primaryImageOfPage\":{\"@id\":\"https:\/\/staging2.anabucevic.com\/en\/product\/mi-svi-smo-jedno-bit-svega-sto-postoji-3\/#primaryimage\"},\"image\":{\"@id\":\"https:\/\/staging2.anabucevic.com\/en\/product\/mi-svi-smo-jedno-bit-svega-sto-postoji-3\/#primaryimage\"},\"thumbnailUrl\":\"https:\/\/staging2.anabucevic.com\/wp-content\/uploads\/2023\/08\/Screenshot-2023-08-27-at-12.26.26.png\",\"datePublished\":\"2026-01-18T19:40:21+00:00\",\"breadcrumb\":{\"@id\":\"https:\/\/staging2.anabucevic.com\/en\/product\/mi-svi-smo-jedno-bit-svega-sto-postoji-3\/#breadcrumb\"},\"inLanguage\":\"en-GB\",\"potentialAction\":[{\"@type\":\"ReadAction\",\"target\":[\"https:\/\/staging2.anabucevic.com\/en\/product\/mi-svi-smo-jedno-bit-svega-sto-postoji-3\/\"]}]},{\"@type\":\"ImageObject\",\"inLanguage\":\"en-GB\",\"@id\":\"https:\/\/staging2.anabucevic.com\/en\/product\/mi-svi-smo-jedno-bit-svega-sto-postoji-3\/#primaryimage\",\"url\":\"https:\/\/staging2.anabucevic.com\/wp-content\/uploads\/2023\/08\/Screenshot-2023-08-27-at-12.26.26.png\",\"contentUrl\":\"https:\/\/staging2.anabucevic.com\/wp-content\/uploads\/2023\/08\/Screenshot-2023-08-27-at-12.26.26.png\",\"width\":2246,\"height\":2244},{\"@type\":\"BreadcrumbList\",\"@id\":\"https:\/\/staging2.anabucevic.com\/en\/product\/mi-svi-smo-jedno-bit-svega-sto-postoji-3\/#breadcrumb\",\"itemListElement\":[{\"@type\":\"ListItem\",\"position\":1,\"name\":\"Home\",\"item\":\"https:\/\/staging2.anabucevic.com\/en\/\"},{\"@type\":\"ListItem\",\"position\":2,\"name\":\"Products\",\"item\":\"https:\/\/staging2.anabucevic.com\/shop\/\"},{\"@type\":\"ListItem\",\"position\":3,\"name\":\"ARMAND ALVAREZ I KOSTA TRIFUNOVI\u0106 &#8211; Mi svi smo jedno: BIT SVEGA \u0160TO POSTOJI\"}]},{\"@type\":\"WebSite\",\"@id\":\"https:\/\/staging2.anabucevic.com\/en\/#website\",\"url\":\"https:\/\/staging2.anabucevic.com\/en\/\",\"name\":\"Ana Bu\u010devi\u0107 - STAGING\",\"description\":\"Budite ono \u0161to \u017eelite postati..\",\"publisher\":{\"@id\":\"https:\/\/staging2.anabucevic.com\/en\/#organization\"},\"potentialAction\":[{\"@type\":\"SearchAction\",\"target\":{\"@type\":\"EntryPoint\",\"urlTemplate\":\"https:\/\/staging2.anabucevic.com\/en\/?s={search_term_string}\"},\"query-input\":{\"@type\":\"PropertyValueSpecification\",\"valueRequired\":true,\"valueName\":\"search_term_string\"}}],\"inLanguage\":\"en-GB\"},{\"@type\":\"Organization\",\"@id\":\"https:\/\/staging2.anabucevic.com\/en\/#organization\",\"name\":\"Ana Bu\u010devi\u0107 - STAGING\",\"url\":\"https:\/\/staging2.anabucevic.com\/en\/\",\"logo\":{\"@type\":\"ImageObject\",\"inLanguage\":\"en-GB\",\"@id\":\"https:\/\/staging2.anabucevic.com\/en\/#\/schema\/logo\/image\/\",\"url\":\"\",\"contentUrl\":\"\",\"caption\":\"Ana Bu\u010devi\u0107 - STAGING\"},\"image\":{\"@id\":\"https:\/\/staging2.anabucevic.com\/en\/#\/schema\/logo\/image\/\"}}]}<\/script>\n<!-- \/ Yoast SEO plugin. -->","yoast_head_json":{"title":"ARMAND ALVAREZ I KOSTA TRIFUNOVI\u0106 - Mi svi smo jedno: BIT SVEGA \u0160TO POSTOJI - Ana Bu\u010devi\u0107 - STAGING","robots":{"index":"noindex","follow":"follow","max-snippet":"max-snippet:-1","max-image-preview":"max-image-preview:large","max-video-preview":"max-video-preview:-1"},"og_locale":"en_GB","og_type":"article","og_title":"ARMAND ALVAREZ I KOSTA TRIFUNOVI\u0106 - Mi svi smo jedno: BIT SVEGA \u0160TO POSTOJI - Ana Bu\u010devi\u0107 - STAGING","og_description":"1,760 rsd Tko sam ja? Koja je moja svrha u ovom \u017eivotu? Kako da znam slu\u017eim li svojoj svrsi? Nerijetko si postavljamo ovakva pitanja na intelektualnoj razini. Ponekad toliko da uzalud gubimo vrijeme! U Va\u0161im rukama dr\u017eite transformacijski ples pitanja i odgovora, primljen iz perspektive van okvira misli, mi\u0161ljenja, predrasuda i uvjerenja. Ovo je knjiga o VAMA, va\u0161oj unutra\u0161njosti i vanj\u0161tini. Knjiga se bavi obiljem u kojem imate priliku u\u017eivati, kada postanete svjesni vi\u0161e refleksija i kutova vas, vi\u0161e nego \u0161to va\u0161a perspektiva Sebe sadr\u017ei. Pitanja predstavljaju DUBOKO URANJANJE u proces svjesnog kreiranja realnosti pojedinca, sa snagom fokusa i ravnote\u017eom u prvom planu. Na\u0161a najiskrenija \u017eelja za objavom ovog \u0161tiva je kreirati pogodno okru\u017eenje za vas, s ciljem ubrzavanja va\u0161e URO\u00d0ENE potrage za znanjem, tempom koji vam najvi\u0161e odgovara. Na\u0161a je \u017eelja da vam ove stranice poslu\u017ee kao motivacija za novu znati\u017eelju, pitanja, otkrivanje i utjelovljenje va\u0161eg PUNOG POTENCIJALA koji je u konstantnom razvoju. U\u017eivajte u putovanju!","og_url":"https:\/\/staging2.anabucevic.com\/en\/product\/mi-svi-smo-jedno-bit-svega-sto-postoji-3\/","og_site_name":"Ana Bu\u010devi\u0107 - STAGING","og_image":[{"width":1024,"height":1024,"url":"https:\/\/staging2.anabucevic.com\/wp-content\/uploads\/2023\/08\/Screenshot-2023-08-27-at-12.26.26-1024x1024.png","type":"image\/png"}],"twitter_card":"summary_large_image","schema":{"@context":"https:\/\/schema.org","@graph":[{"@type":"WebPage","@id":"https:\/\/staging2.anabucevic.com\/en\/product\/mi-svi-smo-jedno-bit-svega-sto-postoji-3\/","url":"https:\/\/staging2.anabucevic.com\/en\/product\/mi-svi-smo-jedno-bit-svega-sto-postoji-3\/","name":"ARMAND ALVAREZ I KOSTA TRIFUNOVI\u0106 - Mi svi smo jedno: BIT SVEGA \u0160TO POSTOJI - Ana Bu\u010devi\u0107 - STAGING","isPartOf":{"@id":"https:\/\/staging2.anabucevic.com\/en\/#website"},"primaryImageOfPage":{"@id":"https:\/\/staging2.anabucevic.com\/en\/product\/mi-svi-smo-jedno-bit-svega-sto-postoji-3\/#primaryimage"},"image":{"@id":"https:\/\/staging2.anabucevic.com\/en\/product\/mi-svi-smo-jedno-bit-svega-sto-postoji-3\/#primaryimage"},"thumbnailUrl":"https:\/\/staging2.anabucevic.com\/wp-content\/uploads\/2023\/08\/Screenshot-2023-08-27-at-12.26.26.png","datePublished":"2026-01-18T19:40:21+00:00","breadcrumb":{"@id":"https:\/\/staging2.anabucevic.com\/en\/product\/mi-svi-smo-jedno-bit-svega-sto-postoji-3\/#breadcrumb"},"inLanguage":"en-GB","potentialAction":[{"@type":"ReadAction","target":["https:\/\/staging2.anabucevic.com\/en\/product\/mi-svi-smo-jedno-bit-svega-sto-postoji-3\/"]}]},{"@type":"ImageObject","inLanguage":"en-GB","@id":"https:\/\/staging2.anabucevic.com\/en\/product\/mi-svi-smo-jedno-bit-svega-sto-postoji-3\/#primaryimage","url":"https:\/\/staging2.anabucevic.com\/wp-content\/uploads\/2023\/08\/Screenshot-2023-08-27-at-12.26.26.png","contentUrl":"https:\/\/staging2.anabucevic.com\/wp-content\/uploads\/2023\/08\/Screenshot-2023-08-27-at-12.26.26.png","width":2246,"height":2244},{"@type":"BreadcrumbList","@id":"https:\/\/staging2.anabucevic.com\/en\/product\/mi-svi-smo-jedno-bit-svega-sto-postoji-3\/#breadcrumb","itemListElement":[{"@type":"ListItem","position":1,"name":"Home","item":"https:\/\/staging2.anabucevic.com\/en\/"},{"@type":"ListItem","position":2,"name":"Products","item":"https:\/\/staging2.anabucevic.com\/shop\/"},{"@type":"ListItem","position":3,"name":"ARMAND ALVAREZ I KOSTA TRIFUNOVI\u0106 &#8211; Mi svi smo jedno: BIT SVEGA \u0160TO POSTOJI"}]},{"@type":"WebSite","@id":"https:\/\/staging2.anabucevic.com\/en\/#website","url":"https:\/\/staging2.anabucevic.com\/en\/","name":"Ana Bu\u010devi\u0107 - STAGING","description":"Budite ono \u0161to \u017eelite postati..","publisher":{"@id":"https:\/\/staging2.anabucevic.com\/en\/#organization"},"potentialAction":[{"@type":"SearchAction","target":{"@type":"EntryPoint","urlTemplate":"https:\/\/staging2.anabucevic.com\/en\/?s={search_term_string}"},"query-input":{"@type":"PropertyValueSpecification","valueRequired":true,"valueName":"search_term_string"}}],"inLanguage":"en-GB"},{"@type":"Organization","@id":"https:\/\/staging2.anabucevic.com\/en\/#organization","name":"Ana Bu\u010devi\u0107 - STAGING","url":"https:\/\/staging2.anabucevic.com\/en\/","logo":{"@type":"ImageObject","inLanguage":"en-GB","@id":"https:\/\/staging2.anabucevic.com\/en\/#\/schema\/logo\/image\/","url":"","contentUrl":"","caption":"Ana Bu\u010devi\u0107 - STAGING"},"image":{"@id":"https:\/\/staging2.anabucevic.com\/en\/#\/schema\/logo\/image\/"}}]}},"_links":{"self":[{"href":"https:\/\/staging2.anabucevic.com\/en\/wp-json\/wp\/v2\/product\/6391046","targetHints":{"allow":["GET"]}}],"collection":[{"href":"https:\/\/staging2.anabucevic.com\/en\/wp-json\/wp\/v2\/product"}],"about":[{"href":"https:\/\/staging2.anabucevic.com\/en\/wp-json\/wp\/v2\/types\/product"}],"wp:featuredmedia":[{"embeddable":true,"href":"https:\/\/staging2.anabucevic.com\/en\/wp-json\/wp\/v2\/media\/6353565"}],"wp:attachment":[{"href":"https:\/\/staging2.anabucevic.com\/en\/wp-json\/wp\/v2\/media?parent=6391046"}],"wp:term":[{"taxonomy":"product_cat","embeddable":true,"href":"https:\/\/staging2.anabucevic.com\/en\/wp-json\/wp\/v2\/product_cat?post=6391046"},{"taxonomy":"product_tag","embeddable":true,"href":"https:\/\/staging2.anabucevic.com\/en\/wp-json\/wp\/v2\/product_tag?post=6391046"}],"curies":[{"name":"wp","href":"https:\/\/api.w.org\/{rel}","templated":true}]}}