{"id":6381213,"date":"2025-07-27T14:48:49","date_gmt":"2025-07-27T12:48:49","guid":{"rendered":"https:\/\/anabucevic.com\/?post_type=product&#038;p=6381213"},"modified":"2025-07-28T15:48:42","modified_gmt":"2025-07-28T13:48:42","slug":"mastermind-radionica-ane-bucevic-svjesni-kreator-18-04-26-zurich","status":"publish","type":"product","link":"https:\/\/staging2.anabucevic.com\/en\/product\/mastermind-radionica-ane-bucevic-svjesni-kreator-18-04-26-zurich\/","title":{"rendered":"MASTERMIND RADIONICA ANE BU\u010cEVI\u0106 &#8211; SVJESNI KREATOR &#8211; 18.04.26. Z\u00dcRICH"},"content":{"rendered":"<p>Adresa: Hilton Garden Inn Zurich Limmattal Kreuz\u00e4ckerstrasse 5, 8957 Spreitenbach<\/p>\n<p><code><iframe style=\"border: 0;\" src=\"https:\/\/www.google.com\/maps\/embed?pb=!1m18!1m12!1m3!1d2699.703388655522!2d8.37503891357456!3d47.41772637105286!2m3!1f0!2f0!3f0!3m2!1i1024!2i768!4f13.1!3m3!1m2!1s0x47900dbad156205d%3A0x2d666c3b8280dece!2sHilton%20Garden%20Inn%20Zurich%20Limmattal!5e0!3m2!1sen!2shr!4v1753620707437!5m2!1sen!2shr\" width=\"800\" height=\"600\" allowfullscreen=\"allowfullscreen\"><\/iframe><\/code><\/p>","protected":false},"excerpt":{"rendered":"<h5>23.500 RSD<\/h5>\n<p>Trajanje radionice:<br \/>\n9h- 14h<\/p>\n<p>Svjesni kreator onaj je koji zna kako se kreira realnost.<br \/>\nOn prestaje ne\u0161to \u010dekati i tra\u017eiti izvana, ve\u0107 po\u010dinje stvarati iznutra.<\/p>\n<p>Ova radionica je za one koji su spremni prisjetiti se tko su zaista.<br \/>\nNe kroz napor. Ne kroz borbu.<br \/>\nVe\u0107 kroz ti\u0161inu, prisutnost i uskla\u0111enost sa sobom i svojom du\u0161om.<\/p>\n<p>U pet sati ovog vo\u0111enog rada:<br \/>\n\u2022 u\u010dimo na\u010dine meditacije, te za\u0161to je meditacija klju\u010dna za kreiranje realnosti<br \/>\n\u2022\u2060 \u2060uti\u0161ajemo um i kontroliramo negativne misli<br \/>\n\u2022\u2060 \u2060vra\u0107amo se u sada\u0161nji trenutak<br \/>\n\u2022 vizualiziramo<br \/>\n\u2022\u2060 \u2060u\u010dimo kako otpu\u0161tati otpore i sve ono \u0161to vam vi\u0161e ne slu\u017ei<br \/>\n\u2022\u2060 \u2060kako se ne vezivati za \u017eelje<br \/>\n\u2022\u2060 \u2060kako s lako\u0107om prolaziti kroz kontraste<br \/>\n\u2022\u2060 \u2060kako kreirati fokusom<br \/>\n\u2022\u2060 \u2060kako kreirati otpu\u0161tanjem<br \/>\n\u2022 kako osje\u0107ajem voditi svoju manifestaciju do vas.<br \/>\n\u2022\u2060 \u2060kako postati i ostati svjesni kreator<\/p>\n<p>Svjesni kreator ne \u017eivi svjesno da bi do\u0161ao do cilja, nego zato \u0161to je svijest jedini na\u010din da se \u017eivi \u017eivot u kojem je ekspanzija prirodni tijek. A po to je va\u0161a du\u0161a i do\u0161la.<\/p>","protected":false},"featured_media":6381215,"template":"","meta":[],"product_cat":[49],"product_tag":[],"class_list":["post-6381213","product","type-product","status-publish","has-post-thumbnail","hentry","product_cat-ulaznice"],"yoast_head":"<!-- This site is optimized with the Yoast SEO plugin v26.0 - https:\/\/yoast.com\/wordpress\/plugins\/seo\/ -->\n<title>MASTERMIND RADIONICA ANE BU\u010cEVI\u0106 - SVJESNI KREATOR - 18.04.26. Z\u00dcRICH - Ana Bu\u010devi\u0107 - STAGING<\/title>\n<meta name=\"robots\" content=\"noindex, follow, max-snippet:-1, max-image-preview:large, max-video-preview:-1\" \/>\n<meta property=\"og:locale\" content=\"en_GB\" \/>\n<meta property=\"og:type\" content=\"article\" \/>\n<meta property=\"og:title\" content=\"MASTERMIND RADIONICA ANE BU\u010cEVI\u0106 - SVJESNI KREATOR - 18.04.26. Z\u00dcRICH - Ana Bu\u010devi\u0107 - STAGING\" \/>\n<meta property=\"og:description\" content=\"23.500 RSD Trajanje radionice: 9h- 14h  Svjesni kreator onaj je koji zna kako se kreira realnost. On prestaje ne\u0161to \u010dekati i tra\u017eiti izvana, ve\u0107 po\u010dinje stvarati iznutra.  Ova radionica je za one koji su spremni prisjetiti se tko su zaista. Ne kroz napor. Ne kroz borbu. Ve\u0107 kroz ti\u0161inu, prisutnost i uskla\u0111enost sa sobom i svojom du\u0161om.  U pet sati ovog vo\u0111enog rada: \u2022 u\u010dimo na\u010dine meditacije, te za\u0161to je meditacija klju\u010dna za kreiranje realnosti \u2022\u2060 \u2060uti\u0161ajemo um i kontroliramo negativne misli \u2022\u2060 \u2060vra\u0107amo se u sada\u0161nji trenutak \u2022 vizualiziramo \u2022\u2060 \u2060u\u010dimo kako otpu\u0161tati otpore i sve ono \u0161to vam vi\u0161e ne slu\u017ei \u2022\u2060 \u2060kako se ne vezivati za \u017eelje \u2022\u2060 \u2060kako s lako\u0107om prolaziti kroz kontraste \u2022\u2060 \u2060kako kreirati fokusom \u2022\u2060 \u2060kako kreirati otpu\u0161tanjem \u2022 kako osje\u0107ajem voditi svoju manifestaciju do vas. \u2022\u2060 \u2060kako postati i ostati svjesni kreator  Svjesni kreator ne \u017eivi svjesno da bi do\u0161ao do cilja, nego zato \u0161to je svijest jedini na\u010din da se \u017eivi \u017eivot u kojem je ekspanzija prirodni tijek. A po to je va\u0161a du\u0161a i do\u0161la.\" \/>\n<meta property=\"og:url\" content=\"https:\/\/staging2.anabucevic.com\/en\/product\/mastermind-radionica-ane-bucevic-svjesni-kreator-18-04-26-zurich\/\" \/>\n<meta property=\"og:site_name\" content=\"Ana Bu\u010devi\u0107 - STAGING\" \/>\n<meta property=\"article:modified_time\" content=\"2025-07-28T13:48:42+00:00\" \/>\n<meta property=\"og:image\" content=\"https:\/\/staging2.anabucevic.com\/wp-content\/uploads\/2025\/07\/SVJESNI-KREATOR-ZURICH-copy.jpg\" \/>\n\t<meta property=\"og:image:width\" content=\"1500\" \/>\n\t<meta property=\"og:image:height\" content=\"1500\" \/>\n\t<meta property=\"og:image:type\" content=\"image\/jpeg\" \/>\n<meta name=\"twitter:card\" content=\"summary_large_image\" \/>\n<script type=\"application\/ld+json\" class=\"yoast-schema-graph\">{\"@context\":\"https:\/\/schema.org\",\"@graph\":[{\"@type\":\"WebPage\",\"@id\":\"https:\/\/staging2.anabucevic.com\/en\/product\/mastermind-radionica-ane-bucevic-svjesni-kreator-18-04-26-zurich\/\",\"url\":\"https:\/\/staging2.anabucevic.com\/en\/product\/mastermind-radionica-ane-bucevic-svjesni-kreator-18-04-26-zurich\/\",\"name\":\"MASTERMIND RADIONICA ANE BU\u010cEVI\u0106 - SVJESNI KREATOR - 18.04.26. Z\u00dcRICH - Ana Bu\u010devi\u0107 - STAGING\",\"isPartOf\":{\"@id\":\"http:\/\/staging2.anabucevic.com\/#website\"},\"primaryImageOfPage\":{\"@id\":\"https:\/\/staging2.anabucevic.com\/en\/product\/mastermind-radionica-ane-bucevic-svjesni-kreator-18-04-26-zurich\/#primaryimage\"},\"image\":{\"@id\":\"https:\/\/staging2.anabucevic.com\/en\/product\/mastermind-radionica-ane-bucevic-svjesni-kreator-18-04-26-zurich\/#primaryimage\"},\"thumbnailUrl\":\"https:\/\/staging2.anabucevic.com\/wp-content\/uploads\/2025\/07\/SVJESNI-KREATOR-ZURICH-copy.jpg\",\"datePublished\":\"2025-07-27T12:48:49+00:00\",\"dateModified\":\"2025-07-28T13:48:42+00:00\",\"breadcrumb\":{\"@id\":\"https:\/\/staging2.anabucevic.com\/en\/product\/mastermind-radionica-ane-bucevic-svjesni-kreator-18-04-26-zurich\/#breadcrumb\"},\"inLanguage\":\"en-GB\",\"potentialAction\":[{\"@type\":\"ReadAction\",\"target\":[\"https:\/\/staging2.anabucevic.com\/en\/product\/mastermind-radionica-ane-bucevic-svjesni-kreator-18-04-26-zurich\/\"]}]},{\"@type\":\"ImageObject\",\"inLanguage\":\"en-GB\",\"@id\":\"https:\/\/staging2.anabucevic.com\/en\/product\/mastermind-radionica-ane-bucevic-svjesni-kreator-18-04-26-zurich\/#primaryimage\",\"url\":\"https:\/\/staging2.anabucevic.com\/wp-content\/uploads\/2025\/07\/SVJESNI-KREATOR-ZURICH-copy.jpg\",\"contentUrl\":\"https:\/\/staging2.anabucevic.com\/wp-content\/uploads\/2025\/07\/SVJESNI-KREATOR-ZURICH-copy.jpg\",\"width\":1500,\"height\":1500},{\"@type\":\"BreadcrumbList\",\"@id\":\"https:\/\/staging2.anabucevic.com\/en\/product\/mastermind-radionica-ane-bucevic-svjesni-kreator-18-04-26-zurich\/#breadcrumb\",\"itemListElement\":[{\"@type\":\"ListItem\",\"position\":1,\"name\":\"Home\",\"item\":\"http:\/\/staging2.anabucevic.com\/\"},{\"@type\":\"ListItem\",\"position\":2,\"name\":\"Products\",\"item\":\"http:\/\/staging2.anabucevic.com\/shop\/\"},{\"@type\":\"ListItem\",\"position\":3,\"name\":\"MASTERMIND RADIONICA ANE BU\u010cEVI\u0106 &#8211; SVJESNI KREATOR &#8211; 18.04.26. Z\u00dcRICH\"}]},{\"@type\":\"WebSite\",\"@id\":\"http:\/\/staging2.anabucevic.com\/#website\",\"url\":\"http:\/\/staging2.anabucevic.com\/\",\"name\":\"Ana Bu\u010devi\u0107 - STAGING\",\"description\":\"Budite ono \u0161to \u017eelite postati..\",\"publisher\":{\"@id\":\"http:\/\/staging2.anabucevic.com\/#organization\"},\"potentialAction\":[{\"@type\":\"SearchAction\",\"target\":{\"@type\":\"EntryPoint\",\"urlTemplate\":\"http:\/\/staging2.anabucevic.com\/?s={search_term_string}\"},\"query-input\":{\"@type\":\"PropertyValueSpecification\",\"valueRequired\":true,\"valueName\":\"search_term_string\"}}],\"inLanguage\":\"en-GB\"},{\"@type\":\"Organization\",\"@id\":\"http:\/\/staging2.anabucevic.com\/#organization\",\"name\":\"Ana Bu\u010devi\u0107 - STAGING\",\"url\":\"http:\/\/staging2.anabucevic.com\/\",\"logo\":{\"@type\":\"ImageObject\",\"inLanguage\":\"en-GB\",\"@id\":\"http:\/\/staging2.anabucevic.com\/#\/schema\/logo\/image\/\",\"url\":\"\",\"contentUrl\":\"\",\"caption\":\"Ana Bu\u010devi\u0107 - STAGING\"},\"image\":{\"@id\":\"http:\/\/staging2.anabucevic.com\/#\/schema\/logo\/image\/\"}}]}<\/script>\n<!-- \/ Yoast SEO plugin. -->","yoast_head_json":{"title":"MASTERMIND RADIONICA ANE BU\u010cEVI\u0106 - SVJESNI KREATOR - 18.04.26. Z\u00dcRICH - Ana Bu\u010devi\u0107 - STAGING","robots":{"index":"noindex","follow":"follow","max-snippet":"max-snippet:-1","max-image-preview":"max-image-preview:large","max-video-preview":"max-video-preview:-1"},"og_locale":"en_GB","og_type":"article","og_title":"MASTERMIND RADIONICA ANE BU\u010cEVI\u0106 - SVJESNI KREATOR - 18.04.26. Z\u00dcRICH - Ana Bu\u010devi\u0107 - STAGING","og_description":"23.500 RSD Trajanje radionice: 9h- 14h  Svjesni kreator onaj je koji zna kako se kreira realnost. On prestaje ne\u0161to \u010dekati i tra\u017eiti izvana, ve\u0107 po\u010dinje stvarati iznutra.  Ova radionica je za one koji su spremni prisjetiti se tko su zaista. Ne kroz napor. Ne kroz borbu. Ve\u0107 kroz ti\u0161inu, prisutnost i uskla\u0111enost sa sobom i svojom du\u0161om.  U pet sati ovog vo\u0111enog rada: \u2022 u\u010dimo na\u010dine meditacije, te za\u0161to je meditacija klju\u010dna za kreiranje realnosti \u2022\u2060 \u2060uti\u0161ajemo um i kontroliramo negativne misli \u2022\u2060 \u2060vra\u0107amo se u sada\u0161nji trenutak \u2022 vizualiziramo \u2022\u2060 \u2060u\u010dimo kako otpu\u0161tati otpore i sve ono \u0161to vam vi\u0161e ne slu\u017ei \u2022\u2060 \u2060kako se ne vezivati za \u017eelje \u2022\u2060 \u2060kako s lako\u0107om prolaziti kroz kontraste \u2022\u2060 \u2060kako kreirati fokusom \u2022\u2060 \u2060kako kreirati otpu\u0161tanjem \u2022 kako osje\u0107ajem voditi svoju manifestaciju do vas. \u2022\u2060 \u2060kako postati i ostati svjesni kreator  Svjesni kreator ne \u017eivi svjesno da bi do\u0161ao do cilja, nego zato \u0161to je svijest jedini na\u010din da se \u017eivi \u017eivot u kojem je ekspanzija prirodni tijek. A po to je va\u0161a du\u0161a i do\u0161la.","og_url":"https:\/\/staging2.anabucevic.com\/en\/product\/mastermind-radionica-ane-bucevic-svjesni-kreator-18-04-26-zurich\/","og_site_name":"Ana Bu\u010devi\u0107 - STAGING","article_modified_time":"2025-07-28T13:48:42+00:00","og_image":[{"width":1500,"height":1500,"url":"https:\/\/staging2.anabucevic.com\/wp-content\/uploads\/2025\/07\/SVJESNI-KREATOR-ZURICH-copy.jpg","type":"image\/jpeg"}],"twitter_card":"summary_large_image","schema":{"@context":"https:\/\/schema.org","@graph":[{"@type":"WebPage","@id":"https:\/\/staging2.anabucevic.com\/en\/product\/mastermind-radionica-ane-bucevic-svjesni-kreator-18-04-26-zurich\/","url":"https:\/\/staging2.anabucevic.com\/en\/product\/mastermind-radionica-ane-bucevic-svjesni-kreator-18-04-26-zurich\/","name":"MASTERMIND RADIONICA ANE BU\u010cEVI\u0106 - SVJESNI KREATOR - 18.04.26. Z\u00dcRICH - Ana Bu\u010devi\u0107 - STAGING","isPartOf":{"@id":"http:\/\/staging2.anabucevic.com\/#website"},"primaryImageOfPage":{"@id":"https:\/\/staging2.anabucevic.com\/en\/product\/mastermind-radionica-ane-bucevic-svjesni-kreator-18-04-26-zurich\/#primaryimage"},"image":{"@id":"https:\/\/staging2.anabucevic.com\/en\/product\/mastermind-radionica-ane-bucevic-svjesni-kreator-18-04-26-zurich\/#primaryimage"},"thumbnailUrl":"https:\/\/staging2.anabucevic.com\/wp-content\/uploads\/2025\/07\/SVJESNI-KREATOR-ZURICH-copy.jpg","datePublished":"2025-07-27T12:48:49+00:00","dateModified":"2025-07-28T13:48:42+00:00","breadcrumb":{"@id":"https:\/\/staging2.anabucevic.com\/en\/product\/mastermind-radionica-ane-bucevic-svjesni-kreator-18-04-26-zurich\/#breadcrumb"},"inLanguage":"en-GB","potentialAction":[{"@type":"ReadAction","target":["https:\/\/staging2.anabucevic.com\/en\/product\/mastermind-radionica-ane-bucevic-svjesni-kreator-18-04-26-zurich\/"]}]},{"@type":"ImageObject","inLanguage":"en-GB","@id":"https:\/\/staging2.anabucevic.com\/en\/product\/mastermind-radionica-ane-bucevic-svjesni-kreator-18-04-26-zurich\/#primaryimage","url":"https:\/\/staging2.anabucevic.com\/wp-content\/uploads\/2025\/07\/SVJESNI-KREATOR-ZURICH-copy.jpg","contentUrl":"https:\/\/staging2.anabucevic.com\/wp-content\/uploads\/2025\/07\/SVJESNI-KREATOR-ZURICH-copy.jpg","width":1500,"height":1500},{"@type":"BreadcrumbList","@id":"https:\/\/staging2.anabucevic.com\/en\/product\/mastermind-radionica-ane-bucevic-svjesni-kreator-18-04-26-zurich\/#breadcrumb","itemListElement":[{"@type":"ListItem","position":1,"name":"Home","item":"http:\/\/staging2.anabucevic.com\/"},{"@type":"ListItem","position":2,"name":"Products","item":"http:\/\/staging2.anabucevic.com\/shop\/"},{"@type":"ListItem","position":3,"name":"MASTERMIND RADIONICA ANE BU\u010cEVI\u0106 &#8211; SVJESNI KREATOR &#8211; 18.04.26. Z\u00dcRICH"}]},{"@type":"WebSite","@id":"http:\/\/staging2.anabucevic.com\/#website","url":"http:\/\/staging2.anabucevic.com\/","name":"Ana Bu\u010devi\u0107 - STAGING","description":"Budite ono \u0161to \u017eelite postati..","publisher":{"@id":"http:\/\/staging2.anabucevic.com\/#organization"},"potentialAction":[{"@type":"SearchAction","target":{"@type":"EntryPoint","urlTemplate":"http:\/\/staging2.anabucevic.com\/?s={search_term_string}"},"query-input":{"@type":"PropertyValueSpecification","valueRequired":true,"valueName":"search_term_string"}}],"inLanguage":"en-GB"},{"@type":"Organization","@id":"http:\/\/staging2.anabucevic.com\/#organization","name":"Ana Bu\u010devi\u0107 - STAGING","url":"http:\/\/staging2.anabucevic.com\/","logo":{"@type":"ImageObject","inLanguage":"en-GB","@id":"http:\/\/staging2.anabucevic.com\/#\/schema\/logo\/image\/","url":"","contentUrl":"","caption":"Ana Bu\u010devi\u0107 - STAGING"},"image":{"@id":"http:\/\/staging2.anabucevic.com\/#\/schema\/logo\/image\/"}}]}},"_links":{"self":[{"href":"https:\/\/staging2.anabucevic.com\/en\/wp-json\/wp\/v2\/product\/6381213","targetHints":{"allow":["GET"]}}],"collection":[{"href":"https:\/\/staging2.anabucevic.com\/en\/wp-json\/wp\/v2\/product"}],"about":[{"href":"https:\/\/staging2.anabucevic.com\/en\/wp-json\/wp\/v2\/types\/product"}],"wp:featuredmedia":[{"embeddable":true,"href":"https:\/\/staging2.anabucevic.com\/en\/wp-json\/wp\/v2\/media\/6381215"}],"wp:attachment":[{"href":"https:\/\/staging2.anabucevic.com\/en\/wp-json\/wp\/v2\/media?parent=6381213"}],"wp:term":[{"taxonomy":"product_cat","embeddable":true,"href":"https:\/\/staging2.anabucevic.com\/en\/wp-json\/wp\/v2\/product_cat?post=6381213"},{"taxonomy":"product_tag","embeddable":true,"href":"https:\/\/staging2.anabucevic.com\/en\/wp-json\/wp\/v2\/product_tag?post=6381213"}],"curies":[{"name":"wp","href":"https:\/\/api.w.org\/{rel}","templated":true}]}}