{"id":6380466,"date":"2025-06-05T17:32:31","date_gmt":"2025-06-05T15:32:31","guid":{"rendered":"https:\/\/anabucevic.com\/?post_type=product&#038;p=6380466"},"modified":"2025-06-07T14:33:53","modified_gmt":"2025-06-07T12:33:53","slug":"put-do-unutarnjeg-mira-prirucnik-za-svakodnecnu-praksu","status":"publish","type":"product","link":"https:\/\/staging2.anabucevic.com\/en\/product\/put-do-unutarnjeg-mira-prirucnik-za-svakodnecnu-praksu\/","title":{"rendered":"PUT DO UNUTARNJEG MIRA  &#8211; Priru\u010dnik za svakodnevnu praksu"},"content":{"rendered":"","protected":false},"excerpt":{"rendered":"<h5>2.230 RSD<\/h5>\n<p>Priru\u010dnik PUT DO UNUTARNJEG MIRA prakti\u010dno je putovanje prema dubljoj svjesnosti, unutarnjoj ravnote\u017ei i osobnom duhovnom rastu.<br \/>\nSvrha priru\u010dnika je da se pove\u017eete sa svojim unutarnjim bi\u0107em, prepoznate prirodu svojih misli i oslobodite se ograni\u010davaju\u0107ih obrazaca.<br \/>\nVje\u017ebe su osmi\u0161ljene tako da ih mo\u017eete koristiti u svakodnevnom \u017eivotu, neovisno o tome koliko je va\u0161 dan ispunjen obvezama.<br \/>\nBez obzira na to \u017eelite li postaviti namjeru za dan, smanjiti stres u izazovnim trenucima ili produbiti svoju duhovnu praksu, svaka od ovih vje\u017ebi pru\u017eit \u0107e vam priliku da se pove\u017eete s dubljim aspektima sebe.<\/p>\n<p>Neke od vje\u017ebi koje se nalaze unutra:<br \/>\n\u2022 Poma\u017ee li mi ova misao da \u017eivim u sada\u0161njem trenutku?<br \/>\n\u2022 Kako se osje\u0107am kada vjerujem ovoj misli?<br \/>\n\u2022 \u0160to mogu kontrolirati u ovoj situaciji?<br \/>\n\u2022 Koje su moje granice?<br \/>\n\u2022 \u0160to me trenutno dr\u017ei u pro\u0161losti?<br \/>\n\u2022 Kako bi izgledao moj \u017eivot da nemam ni\u0161ta za dokazivati?<br \/>\n\u2022 Osvje\u0161tavanje i promjena negativnih misli.<br \/>\n\u2022 Razumijevanje vlastitih uvjerenja.<br \/>\n\u2022 Svjesno prihva\u0107anje svojih emocija.<br \/>\n\u2022 U\u010denje opra\u0161tanja sebi&#8230;<\/p>\n<p>Svaka od 77 vje\u017ebi \u0107e vas nje\u017eno pozvati da svjesno izaberete put unutarnje slobode i mira.<\/p>","protected":false},"featured_media":6380476,"template":"","meta":[],"product_cat":[18],"product_tag":[],"class_list":["post-6380466","product","type-product","status-publish","has-post-thumbnail","hentry","product_cat-knjige-i-ostalo"],"yoast_head":"<!-- This site is optimized with the Yoast SEO plugin v26.0 - https:\/\/yoast.com\/wordpress\/plugins\/seo\/ -->\n<title>PUT DO UNUTARNJEG MIRA - Priru\u010dnik za svakodnevnu praksu - Ana Bu\u010devi\u0107 - STAGING<\/title>\n<meta name=\"robots\" content=\"noindex, follow, max-snippet:-1, max-image-preview:large, max-video-preview:-1\" \/>\n<meta property=\"og:locale\" content=\"en_GB\" \/>\n<meta property=\"og:type\" content=\"article\" \/>\n<meta property=\"og:title\" content=\"PUT DO UNUTARNJEG MIRA - Priru\u010dnik za svakodnevnu praksu - Ana Bu\u010devi\u0107 - STAGING\" \/>\n<meta property=\"og:description\" content=\"2.230 RSD Priru\u010dnik PUT DO UNUTARNJEG MIRA prakti\u010dno je putovanje prema dubljoj svjesnosti, unutarnjoj ravnote\u017ei i osobnom duhovnom rastu. Svrha priru\u010dnika je da se pove\u017eete sa svojim unutarnjim bi\u0107em, prepoznate prirodu svojih misli i oslobodite se ograni\u010davaju\u0107ih obrazaca. Vje\u017ebe su osmi\u0161ljene tako da ih mo\u017eete koristiti u svakodnevnom \u017eivotu, neovisno o tome koliko je va\u0161 dan ispunjen obvezama. Bez obzira na to \u017eelite li postaviti namjeru za dan, smanjiti stres u izazovnim trenucima ili produbiti svoju duhovnu praksu, svaka od ovih vje\u017ebi pru\u017eit \u0107e vam priliku da se pove\u017eete s dubljim aspektima sebe.  Neke od vje\u017ebi koje se nalaze unutra: \u2022 Poma\u017ee li mi ova misao da \u017eivim u sada\u0161njem trenutku? \u2022 Kako se osje\u0107am kada vjerujem ovoj misli? \u2022 \u0160to mogu kontrolirati u ovoj situaciji? \u2022 Koje su moje granice? \u2022 \u0160to me trenutno dr\u017ei u pro\u0161losti? \u2022 Kako bi izgledao moj \u017eivot da nemam ni\u0161ta za dokazivati? \u2022 Osvje\u0161tavanje i promjena negativnih misli. \u2022 Razumijevanje vlastitih uvjerenja. \u2022 Svjesno prihva\u0107anje svojih emocija. \u2022 U\u010denje opra\u0161tanja sebi...  Svaka od 77 vje\u017ebi \u0107e vas nje\u017eno pozvati da svjesno izaberete put unutarnje slobode i mira.\" \/>\n<meta property=\"og:url\" content=\"https:\/\/staging2.anabucevic.com\/en\/product\/put-do-unutarnjeg-mira-prirucnik-za-svakodnecnu-praksu\/\" \/>\n<meta property=\"og:site_name\" content=\"Ana Bu\u010devi\u0107 - STAGING\" \/>\n<meta property=\"article:modified_time\" content=\"2025-06-07T12:33:53+00:00\" \/>\n<meta property=\"og:image\" content=\"https:\/\/staging2.anabucevic.com\/wp-content\/uploads\/2025\/06\/knjiga-2025-1.png\" \/>\n\t<meta property=\"og:image:width\" content=\"1200\" \/>\n\t<meta property=\"og:image:height\" content=\"1199\" \/>\n\t<meta property=\"og:image:type\" content=\"image\/png\" \/>\n<meta name=\"twitter:card\" content=\"summary_large_image\" \/>\n<script type=\"application\/ld+json\" class=\"yoast-schema-graph\">{\"@context\":\"https:\/\/schema.org\",\"@graph\":[{\"@type\":\"WebPage\",\"@id\":\"https:\/\/staging2.anabucevic.com\/en\/product\/put-do-unutarnjeg-mira-prirucnik-za-svakodnecnu-praksu\/\",\"url\":\"https:\/\/staging2.anabucevic.com\/en\/product\/put-do-unutarnjeg-mira-prirucnik-za-svakodnecnu-praksu\/\",\"name\":\"PUT DO UNUTARNJEG MIRA - Priru\u010dnik za svakodnevnu praksu - Ana Bu\u010devi\u0107 - STAGING\",\"isPartOf\":{\"@id\":\"https:\/\/staging2.anabucevic.com\/en\/#website\"},\"primaryImageOfPage\":{\"@id\":\"https:\/\/staging2.anabucevic.com\/en\/product\/put-do-unutarnjeg-mira-prirucnik-za-svakodnecnu-praksu\/#primaryimage\"},\"image\":{\"@id\":\"https:\/\/staging2.anabucevic.com\/en\/product\/put-do-unutarnjeg-mira-prirucnik-za-svakodnecnu-praksu\/#primaryimage\"},\"thumbnailUrl\":\"https:\/\/staging2.anabucevic.com\/wp-content\/uploads\/2025\/06\/knjiga-2025-1.png\",\"datePublished\":\"2025-06-05T15:32:31+00:00\",\"dateModified\":\"2025-06-07T12:33:53+00:00\",\"breadcrumb\":{\"@id\":\"https:\/\/staging2.anabucevic.com\/en\/product\/put-do-unutarnjeg-mira-prirucnik-za-svakodnecnu-praksu\/#breadcrumb\"},\"inLanguage\":\"en-GB\",\"potentialAction\":[{\"@type\":\"ReadAction\",\"target\":[\"https:\/\/staging2.anabucevic.com\/en\/product\/put-do-unutarnjeg-mira-prirucnik-za-svakodnecnu-praksu\/\"]}]},{\"@type\":\"ImageObject\",\"inLanguage\":\"en-GB\",\"@id\":\"https:\/\/staging2.anabucevic.com\/en\/product\/put-do-unutarnjeg-mira-prirucnik-za-svakodnecnu-praksu\/#primaryimage\",\"url\":\"https:\/\/staging2.anabucevic.com\/wp-content\/uploads\/2025\/06\/knjiga-2025-1.png\",\"contentUrl\":\"https:\/\/staging2.anabucevic.com\/wp-content\/uploads\/2025\/06\/knjiga-2025-1.png\",\"width\":1200,\"height\":1199},{\"@type\":\"BreadcrumbList\",\"@id\":\"https:\/\/staging2.anabucevic.com\/en\/product\/put-do-unutarnjeg-mira-prirucnik-za-svakodnecnu-praksu\/#breadcrumb\",\"itemListElement\":[{\"@type\":\"ListItem\",\"position\":1,\"name\":\"Home\",\"item\":\"https:\/\/staging2.anabucevic.com\/en\/\"},{\"@type\":\"ListItem\",\"position\":2,\"name\":\"Products\",\"item\":\"https:\/\/staging2.anabucevic.com\/shop\/\"},{\"@type\":\"ListItem\",\"position\":3,\"name\":\"PUT DO UNUTARNJEG MIRA &#8211; Priru\u010dnik za svakodnevnu praksu\"}]},{\"@type\":\"WebSite\",\"@id\":\"https:\/\/staging2.anabucevic.com\/en\/#website\",\"url\":\"https:\/\/staging2.anabucevic.com\/en\/\",\"name\":\"Ana Bu\u010devi\u0107 - STAGING\",\"description\":\"Budite ono \u0161to \u017eelite postati..\",\"publisher\":{\"@id\":\"https:\/\/staging2.anabucevic.com\/en\/#organization\"},\"potentialAction\":[{\"@type\":\"SearchAction\",\"target\":{\"@type\":\"EntryPoint\",\"urlTemplate\":\"https:\/\/staging2.anabucevic.com\/en\/?s={search_term_string}\"},\"query-input\":{\"@type\":\"PropertyValueSpecification\",\"valueRequired\":true,\"valueName\":\"search_term_string\"}}],\"inLanguage\":\"en-GB\"},{\"@type\":\"Organization\",\"@id\":\"https:\/\/staging2.anabucevic.com\/en\/#organization\",\"name\":\"Ana Bu\u010devi\u0107 - STAGING\",\"url\":\"https:\/\/staging2.anabucevic.com\/en\/\",\"logo\":{\"@type\":\"ImageObject\",\"inLanguage\":\"en-GB\",\"@id\":\"https:\/\/staging2.anabucevic.com\/en\/#\/schema\/logo\/image\/\",\"url\":\"\",\"contentUrl\":\"\",\"caption\":\"Ana Bu\u010devi\u0107 - STAGING\"},\"image\":{\"@id\":\"https:\/\/staging2.anabucevic.com\/en\/#\/schema\/logo\/image\/\"}}]}<\/script>\n<!-- \/ Yoast SEO plugin. -->","yoast_head_json":{"title":"PUT DO UNUTARNJEG MIRA - Priru\u010dnik za svakodnevnu praksu - Ana Bu\u010devi\u0107 - STAGING","robots":{"index":"noindex","follow":"follow","max-snippet":"max-snippet:-1","max-image-preview":"max-image-preview:large","max-video-preview":"max-video-preview:-1"},"og_locale":"en_GB","og_type":"article","og_title":"PUT DO UNUTARNJEG MIRA - Priru\u010dnik za svakodnevnu praksu - Ana Bu\u010devi\u0107 - STAGING","og_description":"2.230 RSD Priru\u010dnik PUT DO UNUTARNJEG MIRA prakti\u010dno je putovanje prema dubljoj svjesnosti, unutarnjoj ravnote\u017ei i osobnom duhovnom rastu. Svrha priru\u010dnika je da se pove\u017eete sa svojim unutarnjim bi\u0107em, prepoznate prirodu svojih misli i oslobodite se ograni\u010davaju\u0107ih obrazaca. Vje\u017ebe su osmi\u0161ljene tako da ih mo\u017eete koristiti u svakodnevnom \u017eivotu, neovisno o tome koliko je va\u0161 dan ispunjen obvezama. Bez obzira na to \u017eelite li postaviti namjeru za dan, smanjiti stres u izazovnim trenucima ili produbiti svoju duhovnu praksu, svaka od ovih vje\u017ebi pru\u017eit \u0107e vam priliku da se pove\u017eete s dubljim aspektima sebe.  Neke od vje\u017ebi koje se nalaze unutra: \u2022 Poma\u017ee li mi ova misao da \u017eivim u sada\u0161njem trenutku? \u2022 Kako se osje\u0107am kada vjerujem ovoj misli? \u2022 \u0160to mogu kontrolirati u ovoj situaciji? \u2022 Koje su moje granice? \u2022 \u0160to me trenutno dr\u017ei u pro\u0161losti? \u2022 Kako bi izgledao moj \u017eivot da nemam ni\u0161ta za dokazivati? \u2022 Osvje\u0161tavanje i promjena negativnih misli. \u2022 Razumijevanje vlastitih uvjerenja. \u2022 Svjesno prihva\u0107anje svojih emocija. \u2022 U\u010denje opra\u0161tanja sebi...  Svaka od 77 vje\u017ebi \u0107e vas nje\u017eno pozvati da svjesno izaberete put unutarnje slobode i mira.","og_url":"https:\/\/staging2.anabucevic.com\/en\/product\/put-do-unutarnjeg-mira-prirucnik-za-svakodnecnu-praksu\/","og_site_name":"Ana Bu\u010devi\u0107 - STAGING","article_modified_time":"2025-06-07T12:33:53+00:00","og_image":[{"width":1200,"height":1199,"url":"https:\/\/staging2.anabucevic.com\/wp-content\/uploads\/2025\/06\/knjiga-2025-1.png","type":"image\/png"}],"twitter_card":"summary_large_image","schema":{"@context":"https:\/\/schema.org","@graph":[{"@type":"WebPage","@id":"https:\/\/staging2.anabucevic.com\/en\/product\/put-do-unutarnjeg-mira-prirucnik-za-svakodnecnu-praksu\/","url":"https:\/\/staging2.anabucevic.com\/en\/product\/put-do-unutarnjeg-mira-prirucnik-za-svakodnecnu-praksu\/","name":"PUT DO UNUTARNJEG MIRA - Priru\u010dnik za svakodnevnu praksu - Ana Bu\u010devi\u0107 - STAGING","isPartOf":{"@id":"https:\/\/staging2.anabucevic.com\/en\/#website"},"primaryImageOfPage":{"@id":"https:\/\/staging2.anabucevic.com\/en\/product\/put-do-unutarnjeg-mira-prirucnik-za-svakodnecnu-praksu\/#primaryimage"},"image":{"@id":"https:\/\/staging2.anabucevic.com\/en\/product\/put-do-unutarnjeg-mira-prirucnik-za-svakodnecnu-praksu\/#primaryimage"},"thumbnailUrl":"https:\/\/staging2.anabucevic.com\/wp-content\/uploads\/2025\/06\/knjiga-2025-1.png","datePublished":"2025-06-05T15:32:31+00:00","dateModified":"2025-06-07T12:33:53+00:00","breadcrumb":{"@id":"https:\/\/staging2.anabucevic.com\/en\/product\/put-do-unutarnjeg-mira-prirucnik-za-svakodnecnu-praksu\/#breadcrumb"},"inLanguage":"en-GB","potentialAction":[{"@type":"ReadAction","target":["https:\/\/staging2.anabucevic.com\/en\/product\/put-do-unutarnjeg-mira-prirucnik-za-svakodnecnu-praksu\/"]}]},{"@type":"ImageObject","inLanguage":"en-GB","@id":"https:\/\/staging2.anabucevic.com\/en\/product\/put-do-unutarnjeg-mira-prirucnik-za-svakodnecnu-praksu\/#primaryimage","url":"https:\/\/staging2.anabucevic.com\/wp-content\/uploads\/2025\/06\/knjiga-2025-1.png","contentUrl":"https:\/\/staging2.anabucevic.com\/wp-content\/uploads\/2025\/06\/knjiga-2025-1.png","width":1200,"height":1199},{"@type":"BreadcrumbList","@id":"https:\/\/staging2.anabucevic.com\/en\/product\/put-do-unutarnjeg-mira-prirucnik-za-svakodnecnu-praksu\/#breadcrumb","itemListElement":[{"@type":"ListItem","position":1,"name":"Home","item":"https:\/\/staging2.anabucevic.com\/en\/"},{"@type":"ListItem","position":2,"name":"Products","item":"https:\/\/staging2.anabucevic.com\/shop\/"},{"@type":"ListItem","position":3,"name":"PUT DO UNUTARNJEG MIRA &#8211; Priru\u010dnik za svakodnevnu praksu"}]},{"@type":"WebSite","@id":"https:\/\/staging2.anabucevic.com\/en\/#website","url":"https:\/\/staging2.anabucevic.com\/en\/","name":"Ana Bu\u010devi\u0107 - STAGING","description":"Budite ono \u0161to \u017eelite postati..","publisher":{"@id":"https:\/\/staging2.anabucevic.com\/en\/#organization"},"potentialAction":[{"@type":"SearchAction","target":{"@type":"EntryPoint","urlTemplate":"https:\/\/staging2.anabucevic.com\/en\/?s={search_term_string}"},"query-input":{"@type":"PropertyValueSpecification","valueRequired":true,"valueName":"search_term_string"}}],"inLanguage":"en-GB"},{"@type":"Organization","@id":"https:\/\/staging2.anabucevic.com\/en\/#organization","name":"Ana Bu\u010devi\u0107 - STAGING","url":"https:\/\/staging2.anabucevic.com\/en\/","logo":{"@type":"ImageObject","inLanguage":"en-GB","@id":"https:\/\/staging2.anabucevic.com\/en\/#\/schema\/logo\/image\/","url":"","contentUrl":"","caption":"Ana Bu\u010devi\u0107 - STAGING"},"image":{"@id":"https:\/\/staging2.anabucevic.com\/en\/#\/schema\/logo\/image\/"}}]}},"_links":{"self":[{"href":"https:\/\/staging2.anabucevic.com\/en\/wp-json\/wp\/v2\/product\/6380466","targetHints":{"allow":["GET"]}}],"collection":[{"href":"https:\/\/staging2.anabucevic.com\/en\/wp-json\/wp\/v2\/product"}],"about":[{"href":"https:\/\/staging2.anabucevic.com\/en\/wp-json\/wp\/v2\/types\/product"}],"wp:featuredmedia":[{"embeddable":true,"href":"https:\/\/staging2.anabucevic.com\/en\/wp-json\/wp\/v2\/media\/6380476"}],"wp:attachment":[{"href":"https:\/\/staging2.anabucevic.com\/en\/wp-json\/wp\/v2\/media?parent=6380466"}],"wp:term":[{"taxonomy":"product_cat","embeddable":true,"href":"https:\/\/staging2.anabucevic.com\/en\/wp-json\/wp\/v2\/product_cat?post=6380466"},{"taxonomy":"product_tag","embeddable":true,"href":"https:\/\/staging2.anabucevic.com\/en\/wp-json\/wp\/v2\/product_tag?post=6380466"}],"curies":[{"name":"wp","href":"https:\/\/api.w.org\/{rel}","templated":true}]}}