{"id":6372301,"date":"2024-11-10T18:54:59","date_gmt":"2024-11-10T16:54:59","guid":{"rendered":"https:\/\/anabucevic.com\/?post_type=product&#038;p=6372301"},"modified":"2024-11-11T11:32:38","modified_gmt":"2024-11-11T09:32:38","slug":"nada-bucevic-safari-duha-price-za-budenje-mudrosti","status":"publish","type":"product","link":"https:\/\/staging2.anabucevic.com\/en\/product\/nada-bucevic-safari-duha-price-za-budenje-mudrosti\/","title":{"rendered":"Nada Bu\u010devi\u0107 &#8211; SAFARI DUHA &#8211; Pri\u010de za bu\u0111enje mudrosti"},"content":{"rendered":"","protected":false},"excerpt":{"rendered":"<h6>2.235 RSD<\/h6>\n<p>Jeste li znali da meditativne pri\u010de imaju pozitivan u\u010dinak<br \/>\nna emocionalni, mentalni i intelektualni razvoj djece?<\/p>\n<p>Safari duha \u2013 pri\u010de za bu\u0111enje mudrosti pomo\u0107i \u0107e djeci:<br \/>\nja\u010dati zdrav emocionalni i intelektualni razvoj;<br \/>\nbolje se nositi sa stresnim situacijama;<br \/>\nrazvijati ma\u0161tu i kreativnost;<br \/>\nja\u010dati pam\u0107enje, koncentraciju i pa\u017enju;<br \/>\nprobuditi potencijale koje nose u sebi;<br \/>\npripremiti se za \u0161kolske dane;<br \/>\nrazvijati dobre odnose s obitelji i prijateljima;<br \/>\nkontrolirati negativne misli;<br \/>\nja\u010dati samopouzdanje i samopo\u0161tovanje;<br \/>\nnenasilno rje\u0161avati sukobe;<br \/>\nja\u010dati empatiju;<br \/>\nPRONA\u0106I UNUTARNJI MIR.<\/p>","protected":false},"featured_media":6372302,"template":"","meta":[],"product_cat":[56],"product_tag":[],"class_list":["post-6372301","product","type-product","status-publish","has-post-thumbnail","hentry","product_cat-ostale-knjige-u-nasem-izdavastvu"],"yoast_head":"<!-- This site is optimized with the Yoast SEO plugin v26.0 - https:\/\/yoast.com\/wordpress\/plugins\/seo\/ -->\n<title>Nada Bu\u010devi\u0107 - SAFARI DUHA - Pri\u010de za bu\u0111enje mudrosti - Ana Bu\u010devi\u0107 - STAGING<\/title>\n<meta name=\"robots\" content=\"noindex, follow, max-snippet:-1, max-image-preview:large, max-video-preview:-1\" \/>\n<meta property=\"og:locale\" content=\"en_GB\" \/>\n<meta property=\"og:type\" content=\"article\" \/>\n<meta property=\"og:title\" content=\"Nada Bu\u010devi\u0107 - SAFARI DUHA - Pri\u010de za bu\u0111enje mudrosti - Ana Bu\u010devi\u0107 - STAGING\" \/>\n<meta property=\"og:description\" content=\"2.235 RSD Jeste li znali da meditativne pri\u010de imaju pozitivan u\u010dinak na emocionalni, mentalni i intelektualni razvoj djece?  Safari duha \u2013 pri\u010de za bu\u0111enje mudrosti pomo\u0107i \u0107e djeci: ja\u010dati zdrav emocionalni i intelektualni razvoj; bolje se nositi sa stresnim situacijama; razvijati ma\u0161tu i kreativnost; ja\u010dati pam\u0107enje, koncentraciju i pa\u017enju; probuditi potencijale koje nose u sebi; pripremiti se za \u0161kolske dane; razvijati dobre odnose s obitelji i prijateljima; kontrolirati negativne misli; ja\u010dati samopouzdanje i samopo\u0161tovanje; nenasilno rje\u0161avati sukobe; ja\u010dati empatiju; PRONA\u0106I UNUTARNJI MIR.\" \/>\n<meta property=\"og:url\" content=\"https:\/\/staging2.anabucevic.com\/en\/product\/nada-bucevic-safari-duha-price-za-budenje-mudrosti\/\" \/>\n<meta property=\"og:site_name\" content=\"Ana Bu\u010devi\u0107 - STAGING\" \/>\n<meta property=\"article:modified_time\" content=\"2024-11-11T09:32:38+00:00\" \/>\n<meta property=\"og:image\" content=\"https:\/\/staging2.anabucevic.com\/wp-content\/uploads\/2024\/11\/Screenshot-2024-11-10-at-17.38.12-1024x1024.png\" \/>\n\t<meta property=\"og:image:width\" content=\"1024\" \/>\n\t<meta property=\"og:image:height\" content=\"1024\" \/>\n\t<meta property=\"og:image:type\" content=\"image\/png\" \/>\n<meta name=\"twitter:card\" content=\"summary_large_image\" \/>\n<script type=\"application\/ld+json\" class=\"yoast-schema-graph\">{\"@context\":\"https:\/\/schema.org\",\"@graph\":[{\"@type\":\"WebPage\",\"@id\":\"https:\/\/staging2.anabucevic.com\/en\/product\/nada-bucevic-safari-duha-price-za-budenje-mudrosti\/\",\"url\":\"https:\/\/staging2.anabucevic.com\/en\/product\/nada-bucevic-safari-duha-price-za-budenje-mudrosti\/\",\"name\":\"Nada Bu\u010devi\u0107 - SAFARI DUHA - Pri\u010de za bu\u0111enje mudrosti - Ana Bu\u010devi\u0107 - STAGING\",\"isPartOf\":{\"@id\":\"https:\/\/staging2.anabucevic.com\/en\/#website\"},\"primaryImageOfPage\":{\"@id\":\"https:\/\/staging2.anabucevic.com\/en\/product\/nada-bucevic-safari-duha-price-za-budenje-mudrosti\/#primaryimage\"},\"image\":{\"@id\":\"https:\/\/staging2.anabucevic.com\/en\/product\/nada-bucevic-safari-duha-price-za-budenje-mudrosti\/#primaryimage\"},\"thumbnailUrl\":\"https:\/\/staging2.anabucevic.com\/wp-content\/uploads\/2024\/11\/Screenshot-2024-11-10-at-17.38.12.png\",\"datePublished\":\"2024-11-10T16:54:59+00:00\",\"dateModified\":\"2024-11-11T09:32:38+00:00\",\"breadcrumb\":{\"@id\":\"https:\/\/staging2.anabucevic.com\/en\/product\/nada-bucevic-safari-duha-price-za-budenje-mudrosti\/#breadcrumb\"},\"inLanguage\":\"en-GB\",\"potentialAction\":[{\"@type\":\"ReadAction\",\"target\":[\"https:\/\/staging2.anabucevic.com\/en\/product\/nada-bucevic-safari-duha-price-za-budenje-mudrosti\/\"]}]},{\"@type\":\"ImageObject\",\"inLanguage\":\"en-GB\",\"@id\":\"https:\/\/staging2.anabucevic.com\/en\/product\/nada-bucevic-safari-duha-price-za-budenje-mudrosti\/#primaryimage\",\"url\":\"https:\/\/staging2.anabucevic.com\/wp-content\/uploads\/2024\/11\/Screenshot-2024-11-10-at-17.38.12.png\",\"contentUrl\":\"https:\/\/staging2.anabucevic.com\/wp-content\/uploads\/2024\/11\/Screenshot-2024-11-10-at-17.38.12.png\",\"width\":2244,\"height\":2246},{\"@type\":\"BreadcrumbList\",\"@id\":\"https:\/\/staging2.anabucevic.com\/en\/product\/nada-bucevic-safari-duha-price-za-budenje-mudrosti\/#breadcrumb\",\"itemListElement\":[{\"@type\":\"ListItem\",\"position\":1,\"name\":\"Home\",\"item\":\"https:\/\/staging2.anabucevic.com\/en\/\"},{\"@type\":\"ListItem\",\"position\":2,\"name\":\"Products\",\"item\":\"https:\/\/staging2.anabucevic.com\/shop\/\"},{\"@type\":\"ListItem\",\"position\":3,\"name\":\"Nada Bu\u010devi\u0107 &#8211; SAFARI DUHA &#8211; Pri\u010de za bu\u0111enje mudrosti\"}]},{\"@type\":\"WebSite\",\"@id\":\"https:\/\/staging2.anabucevic.com\/en\/#website\",\"url\":\"https:\/\/staging2.anabucevic.com\/en\/\",\"name\":\"Ana Bu\u010devi\u0107 - STAGING\",\"description\":\"Budite ono \u0161to \u017eelite postati..\",\"publisher\":{\"@id\":\"https:\/\/staging2.anabucevic.com\/en\/#organization\"},\"potentialAction\":[{\"@type\":\"SearchAction\",\"target\":{\"@type\":\"EntryPoint\",\"urlTemplate\":\"https:\/\/staging2.anabucevic.com\/en\/?s={search_term_string}\"},\"query-input\":{\"@type\":\"PropertyValueSpecification\",\"valueRequired\":true,\"valueName\":\"search_term_string\"}}],\"inLanguage\":\"en-GB\"},{\"@type\":\"Organization\",\"@id\":\"https:\/\/staging2.anabucevic.com\/en\/#organization\",\"name\":\"Ana Bu\u010devi\u0107 - STAGING\",\"url\":\"https:\/\/staging2.anabucevic.com\/en\/\",\"logo\":{\"@type\":\"ImageObject\",\"inLanguage\":\"en-GB\",\"@id\":\"https:\/\/staging2.anabucevic.com\/en\/#\/schema\/logo\/image\/\",\"url\":\"\",\"contentUrl\":\"\",\"caption\":\"Ana Bu\u010devi\u0107 - STAGING\"},\"image\":{\"@id\":\"https:\/\/staging2.anabucevic.com\/en\/#\/schema\/logo\/image\/\"}}]}<\/script>\n<!-- \/ Yoast SEO plugin. -->","yoast_head_json":{"title":"Nada Bu\u010devi\u0107 - SAFARI DUHA - Pri\u010de za bu\u0111enje mudrosti - Ana Bu\u010devi\u0107 - STAGING","robots":{"index":"noindex","follow":"follow","max-snippet":"max-snippet:-1","max-image-preview":"max-image-preview:large","max-video-preview":"max-video-preview:-1"},"og_locale":"en_GB","og_type":"article","og_title":"Nada Bu\u010devi\u0107 - SAFARI DUHA - Pri\u010de za bu\u0111enje mudrosti - Ana Bu\u010devi\u0107 - STAGING","og_description":"2.235 RSD Jeste li znali da meditativne pri\u010de imaju pozitivan u\u010dinak na emocionalni, mentalni i intelektualni razvoj djece?  Safari duha \u2013 pri\u010de za bu\u0111enje mudrosti pomo\u0107i \u0107e djeci: ja\u010dati zdrav emocionalni i intelektualni razvoj; bolje se nositi sa stresnim situacijama; razvijati ma\u0161tu i kreativnost; ja\u010dati pam\u0107enje, koncentraciju i pa\u017enju; probuditi potencijale koje nose u sebi; pripremiti se za \u0161kolske dane; razvijati dobre odnose s obitelji i prijateljima; kontrolirati negativne misli; ja\u010dati samopouzdanje i samopo\u0161tovanje; nenasilno rje\u0161avati sukobe; ja\u010dati empatiju; PRONA\u0106I UNUTARNJI MIR.","og_url":"https:\/\/staging2.anabucevic.com\/en\/product\/nada-bucevic-safari-duha-price-za-budenje-mudrosti\/","og_site_name":"Ana Bu\u010devi\u0107 - STAGING","article_modified_time":"2024-11-11T09:32:38+00:00","og_image":[{"width":1024,"height":1024,"url":"https:\/\/staging2.anabucevic.com\/wp-content\/uploads\/2024\/11\/Screenshot-2024-11-10-at-17.38.12-1024x1024.png","type":"image\/png"}],"twitter_card":"summary_large_image","schema":{"@context":"https:\/\/schema.org","@graph":[{"@type":"WebPage","@id":"https:\/\/staging2.anabucevic.com\/en\/product\/nada-bucevic-safari-duha-price-za-budenje-mudrosti\/","url":"https:\/\/staging2.anabucevic.com\/en\/product\/nada-bucevic-safari-duha-price-za-budenje-mudrosti\/","name":"Nada Bu\u010devi\u0107 - SAFARI DUHA - Pri\u010de za bu\u0111enje mudrosti - Ana Bu\u010devi\u0107 - STAGING","isPartOf":{"@id":"https:\/\/staging2.anabucevic.com\/en\/#website"},"primaryImageOfPage":{"@id":"https:\/\/staging2.anabucevic.com\/en\/product\/nada-bucevic-safari-duha-price-za-budenje-mudrosti\/#primaryimage"},"image":{"@id":"https:\/\/staging2.anabucevic.com\/en\/product\/nada-bucevic-safari-duha-price-za-budenje-mudrosti\/#primaryimage"},"thumbnailUrl":"https:\/\/staging2.anabucevic.com\/wp-content\/uploads\/2024\/11\/Screenshot-2024-11-10-at-17.38.12.png","datePublished":"2024-11-10T16:54:59+00:00","dateModified":"2024-11-11T09:32:38+00:00","breadcrumb":{"@id":"https:\/\/staging2.anabucevic.com\/en\/product\/nada-bucevic-safari-duha-price-za-budenje-mudrosti\/#breadcrumb"},"inLanguage":"en-GB","potentialAction":[{"@type":"ReadAction","target":["https:\/\/staging2.anabucevic.com\/en\/product\/nada-bucevic-safari-duha-price-za-budenje-mudrosti\/"]}]},{"@type":"ImageObject","inLanguage":"en-GB","@id":"https:\/\/staging2.anabucevic.com\/en\/product\/nada-bucevic-safari-duha-price-za-budenje-mudrosti\/#primaryimage","url":"https:\/\/staging2.anabucevic.com\/wp-content\/uploads\/2024\/11\/Screenshot-2024-11-10-at-17.38.12.png","contentUrl":"https:\/\/staging2.anabucevic.com\/wp-content\/uploads\/2024\/11\/Screenshot-2024-11-10-at-17.38.12.png","width":2244,"height":2246},{"@type":"BreadcrumbList","@id":"https:\/\/staging2.anabucevic.com\/en\/product\/nada-bucevic-safari-duha-price-za-budenje-mudrosti\/#breadcrumb","itemListElement":[{"@type":"ListItem","position":1,"name":"Home","item":"https:\/\/staging2.anabucevic.com\/en\/"},{"@type":"ListItem","position":2,"name":"Products","item":"https:\/\/staging2.anabucevic.com\/shop\/"},{"@type":"ListItem","position":3,"name":"Nada Bu\u010devi\u0107 &#8211; SAFARI DUHA &#8211; Pri\u010de za bu\u0111enje mudrosti"}]},{"@type":"WebSite","@id":"https:\/\/staging2.anabucevic.com\/en\/#website","url":"https:\/\/staging2.anabucevic.com\/en\/","name":"Ana Bu\u010devi\u0107 - STAGING","description":"Budite ono \u0161to \u017eelite postati..","publisher":{"@id":"https:\/\/staging2.anabucevic.com\/en\/#organization"},"potentialAction":[{"@type":"SearchAction","target":{"@type":"EntryPoint","urlTemplate":"https:\/\/staging2.anabucevic.com\/en\/?s={search_term_string}"},"query-input":{"@type":"PropertyValueSpecification","valueRequired":true,"valueName":"search_term_string"}}],"inLanguage":"en-GB"},{"@type":"Organization","@id":"https:\/\/staging2.anabucevic.com\/en\/#organization","name":"Ana Bu\u010devi\u0107 - STAGING","url":"https:\/\/staging2.anabucevic.com\/en\/","logo":{"@type":"ImageObject","inLanguage":"en-GB","@id":"https:\/\/staging2.anabucevic.com\/en\/#\/schema\/logo\/image\/","url":"","contentUrl":"","caption":"Ana Bu\u010devi\u0107 - STAGING"},"image":{"@id":"https:\/\/staging2.anabucevic.com\/en\/#\/schema\/logo\/image\/"}}]}},"_links":{"self":[{"href":"https:\/\/staging2.anabucevic.com\/en\/wp-json\/wp\/v2\/product\/6372301","targetHints":{"allow":["GET"]}}],"collection":[{"href":"https:\/\/staging2.anabucevic.com\/en\/wp-json\/wp\/v2\/product"}],"about":[{"href":"https:\/\/staging2.anabucevic.com\/en\/wp-json\/wp\/v2\/types\/product"}],"wp:featuredmedia":[{"embeddable":true,"href":"https:\/\/staging2.anabucevic.com\/en\/wp-json\/wp\/v2\/media\/6372302"}],"wp:attachment":[{"href":"https:\/\/staging2.anabucevic.com\/en\/wp-json\/wp\/v2\/media?parent=6372301"}],"wp:term":[{"taxonomy":"product_cat","embeddable":true,"href":"https:\/\/staging2.anabucevic.com\/en\/wp-json\/wp\/v2\/product_cat?post=6372301"},{"taxonomy":"product_tag","embeddable":true,"href":"https:\/\/staging2.anabucevic.com\/en\/wp-json\/wp\/v2\/product_tag?post=6372301"}],"curies":[{"name":"wp","href":"https:\/\/api.w.org\/{rel}","templated":true}]}}