{"id":6338851,"date":"2021-12-02T09:41:55","date_gmt":"2021-12-02T07:41:55","guid":{"rendered":"https:\/\/anabucevic.com\/?post_type=product&#038;p=6338851"},"modified":"2023-03-07T20:51:47","modified_gmt":"2023-03-07T18:51:47","slug":"365-dana-osvjestavanja","status":"publish","type":"product","link":"https:\/\/staging2.anabucevic.com\/en\/product\/365-dana-osvjestavanja\/","title":{"rendered":"365 DAYS OF AWARENESS"},"content":{"rendered":"","protected":false},"excerpt":{"rendered":"<p><strong>1.600,00 RSD<\/strong><\/p>\n<p>Every day in our life has a special purpose.<br \/>\nEvery day is unique and will never be repeated.<br \/>\nThe book 365 Days of Awareness is designed to be your ally every day of the year.<br \/>\nTo help you become aware of something about everyday life that can serve you to learn, grow spiritually and add the most important spice to the day ahead: wisdom.<br \/>\nBecause only those who know how to live truly live...<\/p>","protected":false},"featured_media":6338883,"template":"","meta":[],"product_cat":[18],"product_tag":[],"class_list":["post-6338851","product","type-product","status-publish","has-post-thumbnail","hentry","product_cat-knjige-i-ostalo"],"yoast_head":"<!-- This site is optimized with the Yoast SEO plugin v26.0 - https:\/\/yoast.com\/wordpress\/plugins\/seo\/ -->\n<title>365 dana osvje\u0161tavanja - Ana Bu\u010devi\u0107 - STAGING<\/title>\n<meta name=\"robots\" content=\"noindex, follow, max-snippet:-1, max-image-preview:large, max-video-preview:-1\" \/>\n<meta property=\"og:locale\" content=\"en_GB\" \/>\n<meta property=\"og:type\" content=\"article\" \/>\n<meta property=\"og:title\" content=\"365 dana osvje\u0161tavanja - Ana Bu\u010devi\u0107 - STAGING\" \/>\n<meta property=\"og:description\" content=\"1.600,00 RSD  Svaki dan u na\u0161em \u017eivotu ima posebnu svrhu. Svaki dan je jedinstven i nikada se vi\u0161e ne\u0107e ponoviti. Knjiga 365 dana osvje\u0161tavanja, zami\u0161ljena je da bude va\u0161 saveznik svakog dana u godini. Da vam pomogne u svakom danu osvijestiti ne\u0161to o \u017eivotu \u0161to vam mo\u017ee slu\u017eiti da u\u010dite, duhovno rastete i dodate najva\u017eniji za\u010din danu koji je pred vama: mudrost. Jer istinski \u017eive oni koji znaju \u017eivjeti...\" \/>\n<meta property=\"og:url\" content=\"https:\/\/staging2.anabucevic.com\/en\/product\/365-dana-osvjestavanja\/\" \/>\n<meta property=\"og:site_name\" content=\"Ana Bu\u010devi\u0107 - STAGING\" \/>\n<meta property=\"article:modified_time\" content=\"2023-03-07T18:51:47+00:00\" \/>\n<meta property=\"og:image\" content=\"https:\/\/staging2.anabucevic.com\/wp-content\/uploads\/2021\/12\/365dana.jpg\" \/>\n\t<meta property=\"og:image:width\" content=\"1600\" \/>\n\t<meta property=\"og:image:height\" content=\"1600\" \/>\n\t<meta property=\"og:image:type\" content=\"image\/jpeg\" \/>\n<meta name=\"twitter:card\" content=\"summary_large_image\" \/>\n<script type=\"application\/ld+json\" class=\"yoast-schema-graph\">{\"@context\":\"https:\/\/schema.org\",\"@graph\":[{\"@type\":\"WebPage\",\"@id\":\"https:\/\/staging2.anabucevic.com\/product\/365-dana-osvjestavanja\/\",\"url\":\"https:\/\/staging2.anabucevic.com\/product\/365-dana-osvjestavanja\/\",\"name\":\"365 dana osvje\u0161tavanja - Ana Bu\u010devi\u0107 - STAGING\",\"isPartOf\":{\"@id\":\"https:\/\/staging2.anabucevic.com\/en\/#website\"},\"primaryImageOfPage\":{\"@id\":\"https:\/\/staging2.anabucevic.com\/product\/365-dana-osvjestavanja\/#primaryimage\"},\"image\":{\"@id\":\"https:\/\/staging2.anabucevic.com\/product\/365-dana-osvjestavanja\/#primaryimage\"},\"thumbnailUrl\":\"https:\/\/staging2.anabucevic.com\/wp-content\/uploads\/2021\/12\/365dana.jpg\",\"datePublished\":\"2021-12-02T07:41:55+00:00\",\"dateModified\":\"2023-03-07T18:51:47+00:00\",\"breadcrumb\":{\"@id\":\"https:\/\/staging2.anabucevic.com\/product\/365-dana-osvjestavanja\/#breadcrumb\"},\"inLanguage\":\"en-GB\",\"potentialAction\":[{\"@type\":\"ReadAction\",\"target\":[\"https:\/\/staging2.anabucevic.com\/product\/365-dana-osvjestavanja\/\"]}]},{\"@type\":\"ImageObject\",\"inLanguage\":\"en-GB\",\"@id\":\"https:\/\/staging2.anabucevic.com\/product\/365-dana-osvjestavanja\/#primaryimage\",\"url\":\"https:\/\/staging2.anabucevic.com\/wp-content\/uploads\/2021\/12\/365dana.jpg\",\"contentUrl\":\"https:\/\/staging2.anabucevic.com\/wp-content\/uploads\/2021\/12\/365dana.jpg\",\"width\":1600,\"height\":1600},{\"@type\":\"BreadcrumbList\",\"@id\":\"https:\/\/staging2.anabucevic.com\/product\/365-dana-osvjestavanja\/#breadcrumb\",\"itemListElement\":[{\"@type\":\"ListItem\",\"position\":1,\"name\":\"Home\",\"item\":\"https:\/\/staging2.anabucevic.com\/en\/\"},{\"@type\":\"ListItem\",\"position\":2,\"name\":\"Products\",\"item\":\"https:\/\/staging2.anabucevic.com\/shop\/\"},{\"@type\":\"ListItem\",\"position\":3,\"name\":\"365 dana osvje\u0161tavanja\"}]},{\"@type\":\"WebSite\",\"@id\":\"https:\/\/staging2.anabucevic.com\/en\/#website\",\"url\":\"https:\/\/staging2.anabucevic.com\/en\/\",\"name\":\"Ana Bu\u010devi\u0107 - STAGING\",\"description\":\"Budite ono \u0161to \u017eelite postati..\",\"publisher\":{\"@id\":\"https:\/\/staging2.anabucevic.com\/en\/#organization\"},\"potentialAction\":[{\"@type\":\"SearchAction\",\"target\":{\"@type\":\"EntryPoint\",\"urlTemplate\":\"https:\/\/staging2.anabucevic.com\/en\/?s={search_term_string}\"},\"query-input\":{\"@type\":\"PropertyValueSpecification\",\"valueRequired\":true,\"valueName\":\"search_term_string\"}}],\"inLanguage\":\"en-GB\"},{\"@type\":\"Organization\",\"@id\":\"https:\/\/staging2.anabucevic.com\/en\/#organization\",\"name\":\"Ana Bu\u010devi\u0107 - STAGING\",\"url\":\"https:\/\/staging2.anabucevic.com\/en\/\",\"logo\":{\"@type\":\"ImageObject\",\"inLanguage\":\"en-GB\",\"@id\":\"https:\/\/staging2.anabucevic.com\/en\/#\/schema\/logo\/image\/\",\"url\":\"\",\"contentUrl\":\"\",\"caption\":\"Ana Bu\u010devi\u0107 - STAGING\"},\"image\":{\"@id\":\"https:\/\/staging2.anabucevic.com\/en\/#\/schema\/logo\/image\/\"}}]}<\/script>\n<!-- \/ Yoast SEO plugin. -->","yoast_head_json":{"title":"365 dana osvje\u0161tavanja - Ana Bu\u010devi\u0107 - STAGING","robots":{"index":"noindex","follow":"follow","max-snippet":"max-snippet:-1","max-image-preview":"max-image-preview:large","max-video-preview":"max-video-preview:-1"},"og_locale":"en_GB","og_type":"article","og_title":"365 dana osvje\u0161tavanja - Ana Bu\u010devi\u0107 - STAGING","og_description":"1.600,00 RSD  Svaki dan u na\u0161em \u017eivotu ima posebnu svrhu. Svaki dan je jedinstven i nikada se vi\u0161e ne\u0107e ponoviti. Knjiga 365 dana osvje\u0161tavanja, zami\u0161ljena je da bude va\u0161 saveznik svakog dana u godini. Da vam pomogne u svakom danu osvijestiti ne\u0161to o \u017eivotu \u0161to vam mo\u017ee slu\u017eiti da u\u010dite, duhovno rastete i dodate najva\u017eniji za\u010din danu koji je pred vama: mudrost. Jer istinski \u017eive oni koji znaju \u017eivjeti...","og_url":"https:\/\/staging2.anabucevic.com\/en\/product\/365-dana-osvjestavanja\/","og_site_name":"Ana Bu\u010devi\u0107 - STAGING","article_modified_time":"2023-03-07T18:51:47+00:00","og_image":[{"width":1600,"height":1600,"url":"https:\/\/staging2.anabucevic.com\/wp-content\/uploads\/2021\/12\/365dana.jpg","type":"image\/jpeg"}],"twitter_card":"summary_large_image","schema":{"@context":"https:\/\/schema.org","@graph":[{"@type":"WebPage","@id":"https:\/\/staging2.anabucevic.com\/product\/365-dana-osvjestavanja\/","url":"https:\/\/staging2.anabucevic.com\/product\/365-dana-osvjestavanja\/","name":"365 dana osvje\u0161tavanja - Ana Bu\u010devi\u0107 - STAGING","isPartOf":{"@id":"https:\/\/staging2.anabucevic.com\/en\/#website"},"primaryImageOfPage":{"@id":"https:\/\/staging2.anabucevic.com\/product\/365-dana-osvjestavanja\/#primaryimage"},"image":{"@id":"https:\/\/staging2.anabucevic.com\/product\/365-dana-osvjestavanja\/#primaryimage"},"thumbnailUrl":"https:\/\/staging2.anabucevic.com\/wp-content\/uploads\/2021\/12\/365dana.jpg","datePublished":"2021-12-02T07:41:55+00:00","dateModified":"2023-03-07T18:51:47+00:00","breadcrumb":{"@id":"https:\/\/staging2.anabucevic.com\/product\/365-dana-osvjestavanja\/#breadcrumb"},"inLanguage":"en-GB","potentialAction":[{"@type":"ReadAction","target":["https:\/\/staging2.anabucevic.com\/product\/365-dana-osvjestavanja\/"]}]},{"@type":"ImageObject","inLanguage":"en-GB","@id":"https:\/\/staging2.anabucevic.com\/product\/365-dana-osvjestavanja\/#primaryimage","url":"https:\/\/staging2.anabucevic.com\/wp-content\/uploads\/2021\/12\/365dana.jpg","contentUrl":"https:\/\/staging2.anabucevic.com\/wp-content\/uploads\/2021\/12\/365dana.jpg","width":1600,"height":1600},{"@type":"BreadcrumbList","@id":"https:\/\/staging2.anabucevic.com\/product\/365-dana-osvjestavanja\/#breadcrumb","itemListElement":[{"@type":"ListItem","position":1,"name":"Home","item":"https:\/\/staging2.anabucevic.com\/en\/"},{"@type":"ListItem","position":2,"name":"Products","item":"https:\/\/staging2.anabucevic.com\/shop\/"},{"@type":"ListItem","position":3,"name":"365 dana osvje\u0161tavanja"}]},{"@type":"WebSite","@id":"https:\/\/staging2.anabucevic.com\/en\/#website","url":"https:\/\/staging2.anabucevic.com\/en\/","name":"Ana Bu\u010devi\u0107 - STAGING","description":"Budite ono \u0161to \u017eelite postati..","publisher":{"@id":"https:\/\/staging2.anabucevic.com\/en\/#organization"},"potentialAction":[{"@type":"SearchAction","target":{"@type":"EntryPoint","urlTemplate":"https:\/\/staging2.anabucevic.com\/en\/?s={search_term_string}"},"query-input":{"@type":"PropertyValueSpecification","valueRequired":true,"valueName":"search_term_string"}}],"inLanguage":"en-GB"},{"@type":"Organization","@id":"https:\/\/staging2.anabucevic.com\/en\/#organization","name":"Ana Bu\u010devi\u0107 - STAGING","url":"https:\/\/staging2.anabucevic.com\/en\/","logo":{"@type":"ImageObject","inLanguage":"en-GB","@id":"https:\/\/staging2.anabucevic.com\/en\/#\/schema\/logo\/image\/","url":"","contentUrl":"","caption":"Ana Bu\u010devi\u0107 - STAGING"},"image":{"@id":"https:\/\/staging2.anabucevic.com\/en\/#\/schema\/logo\/image\/"}}]}},"_links":{"self":[{"href":"https:\/\/staging2.anabucevic.com\/en\/wp-json\/wp\/v2\/product\/6338851","targetHints":{"allow":["GET"]}}],"collection":[{"href":"https:\/\/staging2.anabucevic.com\/en\/wp-json\/wp\/v2\/product"}],"about":[{"href":"https:\/\/staging2.anabucevic.com\/en\/wp-json\/wp\/v2\/types\/product"}],"wp:featuredmedia":[{"embeddable":true,"href":"https:\/\/staging2.anabucevic.com\/en\/wp-json\/wp\/v2\/media\/6338883"}],"wp:attachment":[{"href":"https:\/\/staging2.anabucevic.com\/en\/wp-json\/wp\/v2\/media?parent=6338851"}],"wp:term":[{"taxonomy":"product_cat","embeddable":true,"href":"https:\/\/staging2.anabucevic.com\/en\/wp-json\/wp\/v2\/product_cat?post=6338851"},{"taxonomy":"product_tag","embeddable":true,"href":"https:\/\/staging2.anabucevic.com\/en\/wp-json\/wp\/v2\/product_tag?post=6338851"}],"curies":[{"name":"wp","href":"https:\/\/api.w.org\/{rel}","templated":true}]}}