{"id":6324717,"date":"2019-01-14T21:18:10","date_gmt":"2019-01-14T21:18:10","guid":{"rendered":"https:\/\/anabucevic.com\/index.php\/product\/import-placeholder-for-13701\/"},"modified":"2026-01-08T14:45:31","modified_gmt":"2026-01-08T12:45:31","slug":"knjiga-vjerujem-u-cuda-2","status":"publish","type":"product","link":"https:\/\/staging2.anabucevic.com\/en\/product\/knjiga-vjerujem-u-cuda-2\/","title":{"rendered":"I BELIEVE IN MIRACLES 2"},"content":{"rendered":"","protected":false},"excerpt":{"rendered":"<p><strong>650,00 RSD<\/strong><\/p>\n<p>This is not my book, this is our book.<br \/>\nA book of people who live miracles. And they live them because they believed in them.<br \/>\nWith this book, all of us who worked on it want you to believe in it, too.<br \/>\nThis is a book that will make you laugh, cringe, cry and delight you.<br \/>\nWith this book you will live the emotion.<br \/>\nAnd aren\u2019t emotions our greatest miracles? Miracles that confirm to us daily that we are alive.<br \/>\nBelieve in this book because it was written with the soul of all those people who shared their stories with you so that you never lose hope that life is full of miracles and that you, dear reader, are the greatest miracle of all.<\/p>","protected":false},"featured_media":6338911,"template":"","meta":[],"product_cat":[18],"product_tag":[],"class_list":["post-6324717","product","type-product","status-publish","has-post-thumbnail","hentry","product_cat-knjige-i-ostalo"],"yoast_head":"<!-- This site is optimized with the Yoast SEO plugin v26.0 - https:\/\/yoast.com\/wordpress\/plugins\/seo\/ -->\n<title>KNJIGA - Vjerujem u \u010duda 2 - Ana Bu\u010devi\u0107 - STAGING<\/title>\n<meta name=\"robots\" content=\"noindex, follow, max-snippet:-1, max-image-preview:large, max-video-preview:-1\" \/>\n<meta property=\"og:locale\" content=\"en_GB\" \/>\n<meta property=\"og:type\" content=\"article\" \/>\n<meta property=\"og:title\" content=\"KNJIGA - Vjerujem u \u010duda 2 - Ana Bu\u010devi\u0107 - STAGING\" \/>\n<meta property=\"og:description\" content=\"650,00 RSD  Ovo nije moja knjiga, ovo je na\u0161a knjiga. Knjiga ljudi koji \u017eive \u010duda. I \u017eive ih jer su vjerovali u njih. Uz ovu knjigu, svi mi koji smo radili na njoj \u017eelimo da i vi vjerujete u nju. Ovo je knjiga koja \u0107e vas nasmijati, naje\u017eiti, rasplakati i odu\u0161eviti. S ovom knjigom pro\u017eivjet \u0107ete emociju. A nisu li emocije na\u0161e najve\u0107e \u010dudo? \u010cuda koja nam svakodnevno potvr\u0111uju da smo \u017eivi. Vjeruj u ovu knjigu jer je napisana du\u0161om svih onih ljudi koji su s tobom podijelili svoje pri\u010de kako ne bi izgubio nadu da je \u017eivot pun \u010duda i da si ti, dragi \u010ditatelju, najve\u0107e \u010dudo od svih.\" \/>\n<meta property=\"og:url\" content=\"https:\/\/staging2.anabucevic.com\/en\/product\/knjiga-vjerujem-u-cuda-2\/\" \/>\n<meta property=\"og:site_name\" content=\"Ana Bu\u010devi\u0107 - STAGING\" \/>\n<meta property=\"article:modified_time\" content=\"2026-01-08T12:45:31+00:00\" \/>\n<meta property=\"og:image\" content=\"https:\/\/staging2.anabucevic.com\/wp-content\/uploads\/2019\/01\/vjerujemucudaob.jpg\" \/>\n\t<meta property=\"og:image:width\" content=\"1600\" \/>\n\t<meta property=\"og:image:height\" content=\"1600\" \/>\n\t<meta property=\"og:image:type\" content=\"image\/jpeg\" \/>\n<meta name=\"twitter:card\" content=\"summary_large_image\" \/>\n<script type=\"application\/ld+json\" class=\"yoast-schema-graph\">{\"@context\":\"https:\/\/schema.org\",\"@graph\":[{\"@type\":\"WebPage\",\"@id\":\"https:\/\/staging2.anabucevic.com\/en\/product\/knjiga-vjerujem-u-cuda-2\/\",\"url\":\"https:\/\/staging2.anabucevic.com\/en\/product\/knjiga-vjerujem-u-cuda-2\/\",\"name\":\"KNJIGA - Vjerujem u \u010duda 2 - Ana Bu\u010devi\u0107 - STAGING\",\"isPartOf\":{\"@id\":\"https:\/\/staging2.anabucevic.com\/en\/#website\"},\"primaryImageOfPage\":{\"@id\":\"https:\/\/staging2.anabucevic.com\/en\/product\/knjiga-vjerujem-u-cuda-2\/#primaryimage\"},\"image\":{\"@id\":\"https:\/\/staging2.anabucevic.com\/en\/product\/knjiga-vjerujem-u-cuda-2\/#primaryimage\"},\"thumbnailUrl\":\"https:\/\/staging2.anabucevic.com\/wp-content\/uploads\/2019\/01\/vjerujemucudaob.jpg\",\"datePublished\":\"2019-01-14T21:18:10+00:00\",\"dateModified\":\"2026-01-08T12:45:31+00:00\",\"breadcrumb\":{\"@id\":\"https:\/\/staging2.anabucevic.com\/en\/product\/knjiga-vjerujem-u-cuda-2\/#breadcrumb\"},\"inLanguage\":\"en-GB\",\"potentialAction\":[{\"@type\":\"ReadAction\",\"target\":[\"https:\/\/staging2.anabucevic.com\/en\/product\/knjiga-vjerujem-u-cuda-2\/\"]}]},{\"@type\":\"ImageObject\",\"inLanguage\":\"en-GB\",\"@id\":\"https:\/\/staging2.anabucevic.com\/en\/product\/knjiga-vjerujem-u-cuda-2\/#primaryimage\",\"url\":\"https:\/\/staging2.anabucevic.com\/wp-content\/uploads\/2019\/01\/vjerujemucudaob.jpg\",\"contentUrl\":\"https:\/\/staging2.anabucevic.com\/wp-content\/uploads\/2019\/01\/vjerujemucudaob.jpg\",\"width\":1600,\"height\":1600},{\"@type\":\"BreadcrumbList\",\"@id\":\"https:\/\/staging2.anabucevic.com\/en\/product\/knjiga-vjerujem-u-cuda-2\/#breadcrumb\",\"itemListElement\":[{\"@type\":\"ListItem\",\"position\":1,\"name\":\"Home\",\"item\":\"https:\/\/staging2.anabucevic.com\/en\/\"},{\"@type\":\"ListItem\",\"position\":2,\"name\":\"Products\",\"item\":\"https:\/\/staging2.anabucevic.com\/shop\/\"},{\"@type\":\"ListItem\",\"position\":3,\"name\":\"KNJIGA &#8211; Vjerujem u \u010duda 2\"}]},{\"@type\":\"WebSite\",\"@id\":\"https:\/\/staging2.anabucevic.com\/en\/#website\",\"url\":\"https:\/\/staging2.anabucevic.com\/en\/\",\"name\":\"Ana Bu\u010devi\u0107 - STAGING\",\"description\":\"Budite ono \u0161to \u017eelite postati..\",\"publisher\":{\"@id\":\"https:\/\/staging2.anabucevic.com\/en\/#organization\"},\"potentialAction\":[{\"@type\":\"SearchAction\",\"target\":{\"@type\":\"EntryPoint\",\"urlTemplate\":\"https:\/\/staging2.anabucevic.com\/en\/?s={search_term_string}\"},\"query-input\":{\"@type\":\"PropertyValueSpecification\",\"valueRequired\":true,\"valueName\":\"search_term_string\"}}],\"inLanguage\":\"en-GB\"},{\"@type\":\"Organization\",\"@id\":\"https:\/\/staging2.anabucevic.com\/en\/#organization\",\"name\":\"Ana Bu\u010devi\u0107 - STAGING\",\"url\":\"https:\/\/staging2.anabucevic.com\/en\/\",\"logo\":{\"@type\":\"ImageObject\",\"inLanguage\":\"en-GB\",\"@id\":\"https:\/\/staging2.anabucevic.com\/en\/#\/schema\/logo\/image\/\",\"url\":\"\",\"contentUrl\":\"\",\"caption\":\"Ana Bu\u010devi\u0107 - STAGING\"},\"image\":{\"@id\":\"https:\/\/staging2.anabucevic.com\/en\/#\/schema\/logo\/image\/\"}}]}<\/script>\n<!-- \/ Yoast SEO plugin. -->","yoast_head_json":{"title":"KNJIGA - Vjerujem u \u010duda 2 - Ana Bu\u010devi\u0107 - STAGING","robots":{"index":"noindex","follow":"follow","max-snippet":"max-snippet:-1","max-image-preview":"max-image-preview:large","max-video-preview":"max-video-preview:-1"},"og_locale":"en_GB","og_type":"article","og_title":"KNJIGA - Vjerujem u \u010duda 2 - Ana Bu\u010devi\u0107 - STAGING","og_description":"650,00 RSD  Ovo nije moja knjiga, ovo je na\u0161a knjiga. Knjiga ljudi koji \u017eive \u010duda. I \u017eive ih jer su vjerovali u njih. Uz ovu knjigu, svi mi koji smo radili na njoj \u017eelimo da i vi vjerujete u nju. Ovo je knjiga koja \u0107e vas nasmijati, naje\u017eiti, rasplakati i odu\u0161eviti. S ovom knjigom pro\u017eivjet \u0107ete emociju. A nisu li emocije na\u0161e najve\u0107e \u010dudo? \u010cuda koja nam svakodnevno potvr\u0111uju da smo \u017eivi. Vjeruj u ovu knjigu jer je napisana du\u0161om svih onih ljudi koji su s tobom podijelili svoje pri\u010de kako ne bi izgubio nadu da je \u017eivot pun \u010duda i da si ti, dragi \u010ditatelju, najve\u0107e \u010dudo od svih.","og_url":"https:\/\/staging2.anabucevic.com\/en\/product\/knjiga-vjerujem-u-cuda-2\/","og_site_name":"Ana Bu\u010devi\u0107 - STAGING","article_modified_time":"2026-01-08T12:45:31+00:00","og_image":[{"width":1600,"height":1600,"url":"https:\/\/staging2.anabucevic.com\/wp-content\/uploads\/2019\/01\/vjerujemucudaob.jpg","type":"image\/jpeg"}],"twitter_card":"summary_large_image","schema":{"@context":"https:\/\/schema.org","@graph":[{"@type":"WebPage","@id":"https:\/\/staging2.anabucevic.com\/en\/product\/knjiga-vjerujem-u-cuda-2\/","url":"https:\/\/staging2.anabucevic.com\/en\/product\/knjiga-vjerujem-u-cuda-2\/","name":"KNJIGA - Vjerujem u \u010duda 2 - Ana Bu\u010devi\u0107 - STAGING","isPartOf":{"@id":"https:\/\/staging2.anabucevic.com\/en\/#website"},"primaryImageOfPage":{"@id":"https:\/\/staging2.anabucevic.com\/en\/product\/knjiga-vjerujem-u-cuda-2\/#primaryimage"},"image":{"@id":"https:\/\/staging2.anabucevic.com\/en\/product\/knjiga-vjerujem-u-cuda-2\/#primaryimage"},"thumbnailUrl":"https:\/\/staging2.anabucevic.com\/wp-content\/uploads\/2019\/01\/vjerujemucudaob.jpg","datePublished":"2019-01-14T21:18:10+00:00","dateModified":"2026-01-08T12:45:31+00:00","breadcrumb":{"@id":"https:\/\/staging2.anabucevic.com\/en\/product\/knjiga-vjerujem-u-cuda-2\/#breadcrumb"},"inLanguage":"en-GB","potentialAction":[{"@type":"ReadAction","target":["https:\/\/staging2.anabucevic.com\/en\/product\/knjiga-vjerujem-u-cuda-2\/"]}]},{"@type":"ImageObject","inLanguage":"en-GB","@id":"https:\/\/staging2.anabucevic.com\/en\/product\/knjiga-vjerujem-u-cuda-2\/#primaryimage","url":"https:\/\/staging2.anabucevic.com\/wp-content\/uploads\/2019\/01\/vjerujemucudaob.jpg","contentUrl":"https:\/\/staging2.anabucevic.com\/wp-content\/uploads\/2019\/01\/vjerujemucudaob.jpg","width":1600,"height":1600},{"@type":"BreadcrumbList","@id":"https:\/\/staging2.anabucevic.com\/en\/product\/knjiga-vjerujem-u-cuda-2\/#breadcrumb","itemListElement":[{"@type":"ListItem","position":1,"name":"Home","item":"https:\/\/staging2.anabucevic.com\/en\/"},{"@type":"ListItem","position":2,"name":"Products","item":"https:\/\/staging2.anabucevic.com\/shop\/"},{"@type":"ListItem","position":3,"name":"KNJIGA &#8211; Vjerujem u \u010duda 2"}]},{"@type":"WebSite","@id":"https:\/\/staging2.anabucevic.com\/en\/#website","url":"https:\/\/staging2.anabucevic.com\/en\/","name":"Ana Bu\u010devi\u0107 - STAGING","description":"Budite ono \u0161to \u017eelite postati..","publisher":{"@id":"https:\/\/staging2.anabucevic.com\/en\/#organization"},"potentialAction":[{"@type":"SearchAction","target":{"@type":"EntryPoint","urlTemplate":"https:\/\/staging2.anabucevic.com\/en\/?s={search_term_string}"},"query-input":{"@type":"PropertyValueSpecification","valueRequired":true,"valueName":"search_term_string"}}],"inLanguage":"en-GB"},{"@type":"Organization","@id":"https:\/\/staging2.anabucevic.com\/en\/#organization","name":"Ana Bu\u010devi\u0107 - STAGING","url":"https:\/\/staging2.anabucevic.com\/en\/","logo":{"@type":"ImageObject","inLanguage":"en-GB","@id":"https:\/\/staging2.anabucevic.com\/en\/#\/schema\/logo\/image\/","url":"","contentUrl":"","caption":"Ana Bu\u010devi\u0107 - STAGING"},"image":{"@id":"https:\/\/staging2.anabucevic.com\/en\/#\/schema\/logo\/image\/"}}]}},"_links":{"self":[{"href":"https:\/\/staging2.anabucevic.com\/en\/wp-json\/wp\/v2\/product\/6324717","targetHints":{"allow":["GET"]}}],"collection":[{"href":"https:\/\/staging2.anabucevic.com\/en\/wp-json\/wp\/v2\/product"}],"about":[{"href":"https:\/\/staging2.anabucevic.com\/en\/wp-json\/wp\/v2\/types\/product"}],"wp:featuredmedia":[{"embeddable":true,"href":"https:\/\/staging2.anabucevic.com\/en\/wp-json\/wp\/v2\/media\/6338911"}],"wp:attachment":[{"href":"https:\/\/staging2.anabucevic.com\/en\/wp-json\/wp\/v2\/media?parent=6324717"}],"wp:term":[{"taxonomy":"product_cat","embeddable":true,"href":"https:\/\/staging2.anabucevic.com\/en\/wp-json\/wp\/v2\/product_cat?post=6324717"},{"taxonomy":"product_tag","embeddable":true,"href":"https:\/\/staging2.anabucevic.com\/en\/wp-json\/wp\/v2\/product_tag?post=6324717"}],"curies":[{"name":"wp","href":"https:\/\/api.w.org\/{rel}","templated":true}]}}