{"id":6391374,"date":"2026-01-18T22:09:13","date_gmt":"2026-01-18T20:09:13","guid":{"rendered":"https:\/\/staging2.anabucevic.com\/kontakt\/"},"modified":"2026-01-18T22:09:17","modified_gmt":"2026-01-18T20:09:17","slug":"kontakt","status":"publish","type":"page","link":"https:\/\/staging2.anabucevic.com\/en\/kontakt\/","title":{"rendered":"Contact"},"content":{"rendered":"<div data-elementor-type=\"wp-page\" data-elementor-id=\"6391374\" class=\"elementor elementor-6391374\" data-elementor-post-type=\"page\">\n\t\t\t\t<div class=\"elementor-element elementor-element-1f09da3e e-flex e-con-boxed e-con e-parent\" data-id=\"1f09da3e\" data-element_type=\"container\" data-settings=\"{&quot;background_background&quot;:&quot;classic&quot;}\">\n\t\t\t\t\t<div class=\"e-con-inner\">\n\t\t<div class=\"elementor-element elementor-element-579a62a8 e-con-full e-flex elementor-invisible e-con e-child\" data-id=\"579a62a8\" data-element_type=\"container\" data-settings=\"{&quot;animation&quot;:&quot;fadeIn&quot;}\">\n\t\t\t\t<div class=\"elementor-element elementor-element-1411961 elementor-widget elementor-widget-image\" data-id=\"1411961\" data-element_type=\"widget\" data-widget_type=\"image.default\">\n\t\t\t\t\t\t\t\t\t\t\t\t\t\t\t<img fetchpriority=\"high\" decoding=\"async\" width=\"724\" height=\"616\" src=\"https:\/\/staging2.anabucevic.com\/wp-content\/uploads\/2026\/01\/Ana-Kontakt.png\" class=\"attachment-full size-full wp-image-6390728\" alt=\"\" srcset=\"https:\/\/staging2.anabucevic.com\/wp-content\/uploads\/2026\/01\/Ana-Kontakt.png 724w, https:\/\/staging2.anabucevic.com\/wp-content\/uploads\/2026\/01\/Ana-Kontakt-300x255.png 300w, https:\/\/staging2.anabucevic.com\/wp-content\/uploads\/2026\/01\/Ana-Kontakt-14x12.png 14w, https:\/\/staging2.anabucevic.com\/wp-content\/uploads\/2026\/01\/Ana-Kontakt-600x510.png 600w\" sizes=\"(max-width: 724px) 100vw, 724px\" \/>\t\t\t\t\t\t\t\t\t\t\t\t\t\t\t<\/div>\n\t\t\t\t<\/div>\n\t\t<div class=\"elementor-element elementor-element-42c74c33 e-con-full e-flex elementor-invisible e-con e-child\" data-id=\"42c74c33\" data-element_type=\"container\" data-settings=\"{&quot;animation&quot;:&quot;fadeInRight&quot;,&quot;animation_delay&quot;:400}\">\n\t\t\t\t<div class=\"elementor-element elementor-element-3792b3ad elementor-widget elementor-widget-heading\" data-id=\"3792b3ad\" data-element_type=\"widget\" data-widget_type=\"heading.default\">\n\t\t\t\t\t<h1 class=\"elementor-heading-title elementor-size-default\">Contact<\/h1>\t\t\t\t<\/div>\n\t\t\t\t<div class=\"elementor-element elementor-element-6d865c59 elementor-widget__width-initial elementor-widget elementor-widget-text-editor\" data-id=\"6d865c59\" data-element_type=\"widget\" data-widget_type=\"text-editor.default\">\n\t\t\t\t\t\t\t\t\t<p>Za sve informacije i upite, mo\u017eete mi se obratiti putem obrasca. Nastojat \u0107emo odgovoriti u kratkom roku.<\/p>\t\t\t\t\t\t\t\t<\/div>\n\t\t\t\t<\/div>\n\t\t\t\t\t<\/div>\n\t\t\t\t<\/div>\n\t\t<div class=\"elementor-element elementor-element-49e8f801 e-flex e-con-boxed elementor-invisible e-con e-parent\" data-id=\"49e8f801\" data-element_type=\"container\" data-settings=\"{&quot;animation&quot;:&quot;fadeInUp&quot;}\">\n\t\t\t\t\t<div class=\"e-con-inner\">\n\t\t<div class=\"elementor-element elementor-element-7990c34e e-con-full e-flex e-con e-child\" data-id=\"7990c34e\" data-element_type=\"container\">\n\t\t<div class=\"elementor-element elementor-element-b6138ab e-con-full e-flex e-con e-child\" data-id=\"b6138ab\" data-element_type=\"container\">\n\t\t\t\t<div class=\"elementor-element elementor-element-4b901ba5 elementor-widget elementor-widget-heading\" data-id=\"4b901ba5\" data-element_type=\"widget\" data-widget_type=\"heading.default\">\n\t\t\t\t\t<h3 class=\"elementor-heading-title elementor-size-default\">Medijski upiti<\/h3>\t\t\t\t<\/div>\n\t\t\t\t<div class=\"elementor-element elementor-element-1d5459d6 elementor-widget elementor-widget-text-editor\" data-id=\"1d5459d6\" data-element_type=\"widget\" data-widget_type=\"text-editor.default\">\n\t\t\t\t\t\t\t\t\t<p>Kontakt za upite medija<br \/><a href=\"mailto:press@anabucevic.com\"><span style=\"text-decoration: underline;\">press@anabucevic.com<\/span><\/a><\/p>\t\t\t\t\t\t\t\t<\/div>\n\t\t\t\t<div class=\"elementor-element elementor-element-4c29a740 elementor-widget-divider--view-line elementor-widget elementor-widget-divider\" data-id=\"4c29a740\" data-element_type=\"widget\" data-widget_type=\"divider.default\">\n\t\t\t\t\t\t\t<div class=\"elementor-divider\">\n\t\t\t<span class=\"elementor-divider-separator\">\n\t\t\t\t\t\t<\/span>\n\t\t<\/div>\n\t\t\t\t\t\t<\/div>\n\t\t<div class=\"elementor-element elementor-element-534c48ed e-con-full e-flex e-con e-child\" data-id=\"534c48ed\" data-element_type=\"container\">\n\t\t\t\t<div class=\"elementor-element elementor-element-250755b8 elementor-widget elementor-widget-heading\" data-id=\"250755b8\" data-element_type=\"widget\" data-widget_type=\"heading.default\">\n\t\t\t\t\t<h3 class=\"elementor-heading-title elementor-size-default\">Webshop upiti<\/h3>\t\t\t\t<\/div>\n\t\t\t\t<div class=\"elementor-element elementor-element-7b45066b elementor-widget elementor-widget-text-editor\" data-id=\"7b45066b\" data-element_type=\"widget\" data-widget_type=\"text-editor.default\">\n\t\t\t\t\t\t\t\t\t<p>Kontakt za upite o kupnji<br \/><a href=\"mailto:webshop@anabucevic.com\"><span style=\"text-decoration: underline;\">webshop@anabucevic.com<\/span><\/a><\/p>\t\t\t\t\t\t\t\t<\/div>\n\t\t\t\t<div class=\"elementor-element elementor-element-36d9a2ab elementor-widget-divider--view-line elementor-widget elementor-widget-divider\" data-id=\"36d9a2ab\" data-element_type=\"widget\" data-widget_type=\"divider.default\">\n\t\t\t\t\t\t\t<div class=\"elementor-divider\">\n\t\t\t<span class=\"elementor-divider-separator\">\n\t\t\t\t\t\t<\/span>\n\t\t<\/div>\n\t\t\t\t\t\t<\/div>\n\t\t<div class=\"elementor-element elementor-element-39a4f475 e-con-full e-flex e-con e-child\" data-id=\"39a4f475\" data-element_type=\"container\">\n\t\t\t\t<div class=\"elementor-element elementor-element-555391da elementor-widget elementor-widget-heading\" data-id=\"555391da\" data-element_type=\"widget\" data-widget_type=\"heading.default\">\n\t\t\t\t\t<h3 class=\"elementor-heading-title elementor-size-default\">Ostali upiti<\/h3>\t\t\t\t<\/div>\n\t\t\t\t<div class=\"elementor-element elementor-element-63b5854b elementor-widget elementor-widget-text-editor\" data-id=\"63b5854b\" data-element_type=\"widget\" data-widget_type=\"text-editor.default\">\n\t\t\t\t\t\t\t\t\t<p>Vezano uz sve ostale upite<br \/><a href=\"mailto:info@anabucevic.com\"><span style=\"text-decoration: underline;\">info@anabucevic.com<\/span><\/a><\/p>\t\t\t\t\t\t\t\t<\/div>\n\t\t\t\t<div class=\"elementor-element elementor-element-1e255b3d elementor-hidden-mobile elementor-widget-divider--view-line elementor-widget elementor-widget-divider\" data-id=\"1e255b3d\" data-element_type=\"widget\" data-widget_type=\"divider.default\">\n\t\t\t\t\t\t\t<div class=\"elementor-divider\">\n\t\t\t<span class=\"elementor-divider-separator\">\n\t\t\t\t\t\t<\/span>\n\t\t<\/div>\n\t\t\t\t\t\t<\/div>\n\t\t\t\t<\/div>\n\t\t\t\t<\/div>\n\t\t\t\t<\/div>\n\t\t\t\t<\/div>\n\t\t<div class=\"elementor-element elementor-element-ef804d6 e-con-full e-flex e-con e-child\" data-id=\"ef804d6\" data-element_type=\"container\" data-settings=\"{&quot;background_background&quot;:&quot;classic&quot;}\">\n\t\t\t\t<div class=\"elementor-element elementor-element-3603f55f elementor-button-align-stretch elementor-widget elementor-widget-form\" data-id=\"3603f55f\" data-element_type=\"widget\" data-settings=\"{&quot;step_next_label&quot;:&quot;Next&quot;,&quot;step_previous_label&quot;:&quot;Previous&quot;,&quot;button_width&quot;:&quot;100&quot;,&quot;step_type&quot;:&quot;number_text&quot;,&quot;step_icon_shape&quot;:&quot;circle&quot;}\" data-widget_type=\"form.default\">\n\t\t\t\t\t\t\t<form class=\"elementor-form\" method=\"post\" name=\"New Form\" aria-label=\"New Form\" novalidate=\"\" action=\"\">\n\t\t\t<input type=\"hidden\" name=\"post_id\" value=\"6391374\"\/>\n\t\t\t<input type=\"hidden\" name=\"form_id\" value=\"3603f55f\"\/>\n\t\t\t<input type=\"hidden\" name=\"referer_title\" value=\"Kontakt - Ana Bu\u010devi\u0107 - STAGING\" \/>\n\n\t\t\t\t\t\t\t<input type=\"hidden\" name=\"queried_id\" value=\"6391374\"\/>\n\t\t\t\n\t\t\t<div class=\"elementor-form-fields-wrapper elementor-labels-above\">\n\t\t\t\t\t\t\t\t<div class=\"elementor-field-type-text elementor-field-group elementor-column elementor-field-group-name elementor-col-50 elementor-field-required elementor-mark-required\">\n\t\t\t\t\t\t\t\t\t\t\t\t<label for=\"form-field-name\" class=\"elementor-field-label\">\n\t\t\t\t\t\t\t\tName\t\t\t\t\t\t\t<\/label>\n\t\t\t\t\t\t\t\t\t\t\t\t\t\t<input size=\"1\" type=\"text\" name=\"form_fields[name]\" id=\"form-field-name\" class=\"elementor-field elementor-size-sm  elementor-field-textual\" placeholder=\"Va\u0161e ime\" required=\"required\">\n\t\t\t\t\t\t\t\t\t\t\t<\/div>\n\t\t\t\t\t\t\t\t<div class=\"elementor-field-type-text elementor-field-group elementor-column elementor-field-group-field_adb813d elementor-col-50 elementor-field-required elementor-mark-required\">\n\t\t\t\t\t\t\t\t\t\t\t\t<label for=\"form-field-field_adb813d\" class=\"elementor-field-label\">\n\t\t\t\t\t\t\t\tLast name\t\t\t\t\t\t\t<\/label>\n\t\t\t\t\t\t\t\t\t\t\t\t\t\t<input size=\"1\" type=\"text\" name=\"form_fields[field_adb813d]\" id=\"form-field-field_adb813d\" class=\"elementor-field elementor-size-sm  elementor-field-textual\" placeholder=\"Va\u0161e prezime\" required=\"required\">\n\t\t\t\t\t\t\t\t\t\t\t<\/div>\n\t\t\t\t\t\t\t\t<div class=\"elementor-field-type-email elementor-field-group elementor-column elementor-field-group-email elementor-col-50 elementor-field-required elementor-mark-required\">\n\t\t\t\t\t\t\t\t\t\t\t\t<label for=\"form-field-email\" class=\"elementor-field-label\">\n\t\t\t\t\t\t\t\tEmail\t\t\t\t\t\t\t<\/label>\n\t\t\t\t\t\t\t\t\t\t\t\t\t\t<input size=\"1\" type=\"email\" name=\"form_fields[email]\" id=\"form-field-email\" class=\"elementor-field elementor-size-sm  elementor-field-textual\" placeholder=\"Va\u0161a email adresa\" required=\"required\">\n\t\t\t\t\t\t\t\t\t\t\t<\/div>\n\t\t\t\t\t\t\t\t<div class=\"elementor-field-type-tel elementor-field-group elementor-column elementor-field-group-field_817ae1d elementor-col-50\">\n\t\t\t\t\t\t\t\t\t\t\t\t<label for=\"form-field-field_817ae1d\" class=\"elementor-field-label\">\n\t\t\t\t\t\t\t\tBroj telefona\t\t\t\t\t\t\t<\/label>\n\t\t\t\t\t\t\t\t<input size=\"1\" type=\"tel\" name=\"form_fields[field_817ae1d]\" id=\"form-field-field_817ae1d\" class=\"elementor-field elementor-size-sm  elementor-field-textual\" placeholder=\"Va\u0161 broj telefona\" pattern=\"[0-9()#&amp;+*-=.]+\" title=\"Only numbers and phone characters (#, -, *, etc) are accepted.\" data-no-translation-title=\"\">\n\n\t\t\t\t\t\t<\/div>\n\t\t\t\t\t\t\t\t<div class=\"elementor-field-type-textarea elementor-field-group elementor-column elementor-field-group-message elementor-col-100 elementor-field-required elementor-mark-required\">\n\t\t\t\t\t\t\t\t\t\t\t\t<label for=\"form-field-message\" class=\"elementor-field-label\">\n\t\t\t\t\t\t\t\tmessage\t\t\t\t\t\t\t<\/label>\n\t\t\t\t\t\t<textarea class=\"elementor-field-textual elementor-field  elementor-size-sm\" name=\"form_fields[message]\" id=\"form-field-message\" rows=\"3\" placeholder=\"Mjesto za va\u0161 upit\" required=\"required\"><\/textarea>\t\t\t\t<\/div>\n\t\t\t\t\t\t\t\t<div class=\"elementor-field-type-acceptance elementor-field-group elementor-column elementor-field-group-field_cf41be3 elementor-col-100 elementor-field-required elementor-mark-required\">\n\t\t\t\t\t\t\t<div class=\"elementor-field-subgroup\">\n\t\t\t<span class=\"elementor-field-option\">\n\t\t\t\t<input type=\"checkbox\" name=\"form_fields[field_cf41be3]\" id=\"form-field-field_cf41be3\" class=\"elementor-field elementor-size-sm  elementor-acceptance-field\" required=\"required\">\n\t\t\t\t<label for=\"form-field-field_cf41be3\">I agree that Safari duha d.o.o. collects, stores, uses and processes my personal data, which is made available here, solely for the purpose of providing an adequate response, and I declare that I am familiar with all the rights arising from the protection of personal data, especially with the right to withdraw consent anytime. I make it known that in exercising my rights I have the right to contact Safari duha d.o.o., as well as the Personal Data Protection Agency, that Safari duha d.o.o. permanently deletes received personal data immediately after the purpose of further communication ceases and that I am familiar with Personal Data Protection Policy of Safari duha d.o.o.<\/label>\t\t\t<\/span>\n\t\t<\/div>\n\t\t\t\t\t\t<\/div>\n\t\t\t\t\t\t\t\t<div class=\"elementor-field-group elementor-column elementor-field-type-submit elementor-col-100 e-form__buttons\">\n\t\t\t\t\t<button class=\"elementor-button elementor-size-sm\" type=\"submit\">\n\t\t\t\t\t\t<span class=\"elementor-button-content-wrapper\">\n\t\t\t\t\t\t\t\t\t\t\t\t\t\t\t\t\t\t\t\t\t\t<span class=\"elementor-button-text\">Send inquiry<\/span>\n\t\t\t\t\t\t\t\t\t\t\t\t\t<\/span>\n\t\t\t\t\t<\/button>\n\t\t\t\t<\/div>\n\t\t\t<\/div>\n\t\t<input type=\"hidden\" name=\"trp-form-language\" value=\"en\"\/><\/form>\n\t\t\t\t\t\t<\/div>\n\t\t\t\t<\/div>\n\t\t\t\t\t<\/div>\n\t\t\t\t<\/div>\n\t\t\t\t<\/div>","protected":false},"excerpt":{"rendered":"<p>Kontakt Za sve informacije i upite, mo\u017eete mi se obratiti putem obrasca. Nastojat \u0107emo odgovoriti u kratkom roku. Medijski upiti Kontakt za upite medijapress@anabucevic.com Webshop upiti Kontakt za upite o [&hellip;]<\/p>","protected":false},"author":9,"featured_media":0,"parent":0,"menu_order":0,"comment_status":"closed","ping_status":"closed","template":"","meta":{"footnotes":""},"class_list":["post-6391374","page","type-page","status-publish","hentry"],"yoast_head":"<!-- This site is optimized with the Yoast SEO plugin v26.0 - https:\/\/yoast.com\/wordpress\/plugins\/seo\/ -->\n<title>Kontakt - Ana Bu\u010devi\u0107 - STAGING<\/title>\n<meta name=\"robots\" content=\"noindex, follow, max-snippet:-1, max-image-preview:large, max-video-preview:-1\" \/>\n<meta property=\"og:locale\" content=\"en_GB\" \/>\n<meta property=\"og:type\" content=\"article\" \/>\n<meta property=\"og:title\" content=\"Kontakt - Ana Bu\u010devi\u0107 - STAGING\" \/>\n<meta property=\"og:description\" content=\"Kontakt Za sve informacije i upite, mo\u017eete mi se obratiti putem obrasca. Nastojat \u0107emo odgovoriti u kratkom roku. Medijski upiti Kontakt za upite medijapress@anabucevic.com Webshop upiti Kontakt za upite o [&hellip;]\" \/>\n<meta property=\"og:url\" content=\"https:\/\/staging2.anabucevic.com\/en\/kontakt\/\" \/>\n<meta property=\"og:site_name\" content=\"Ana Bu\u010devi\u0107 - STAGING\" \/>\n<meta property=\"article:modified_time\" content=\"2026-01-18T20:09:17+00:00\" \/>\n<meta property=\"og:image\" content=\"https:\/\/staging2.anabucevic.com\/wp-content\/uploads\/2026\/01\/Ana-Kontakt.png\" \/>\n<meta name=\"twitter:card\" content=\"summary_large_image\" \/>\n<script type=\"application\/ld+json\" class=\"yoast-schema-graph\">{\"@context\":\"https:\/\/schema.org\",\"@graph\":[{\"@type\":\"WebPage\",\"@id\":\"https:\/\/staging2.anabucevic.com\/en\/kontakt\/\",\"url\":\"https:\/\/staging2.anabucevic.com\/en\/kontakt\/\",\"name\":\"Kontakt - Ana Bu\u010devi\u0107 - STAGING\",\"isPartOf\":{\"@id\":\"https:\/\/staging2.anabucevic.com\/en\/#website\"},\"primaryImageOfPage\":{\"@id\":\"https:\/\/staging2.anabucevic.com\/en\/kontakt\/#primaryimage\"},\"image\":{\"@id\":\"https:\/\/staging2.anabucevic.com\/en\/kontakt\/#primaryimage\"},\"thumbnailUrl\":\"https:\/\/staging2.anabucevic.com\/wp-content\/uploads\/2026\/01\/Ana-Kontakt.png\",\"datePublished\":\"2026-01-18T20:09:13+00:00\",\"dateModified\":\"2026-01-18T20:09:17+00:00\",\"breadcrumb\":{\"@id\":\"https:\/\/staging2.anabucevic.com\/en\/kontakt\/#breadcrumb\"},\"inLanguage\":\"en-GB\",\"potentialAction\":[{\"@type\":\"ReadAction\",\"target\":[\"https:\/\/staging2.anabucevic.com\/en\/kontakt\/\"]}]},{\"@type\":\"ImageObject\",\"inLanguage\":\"en-GB\",\"@id\":\"https:\/\/staging2.anabucevic.com\/en\/kontakt\/#primaryimage\",\"url\":\"https:\/\/staging2.anabucevic.com\/wp-content\/uploads\/2026\/01\/Ana-Kontakt.png\",\"contentUrl\":\"https:\/\/staging2.anabucevic.com\/wp-content\/uploads\/2026\/01\/Ana-Kontakt.png\"},{\"@type\":\"BreadcrumbList\",\"@id\":\"https:\/\/staging2.anabucevic.com\/en\/kontakt\/#breadcrumb\",\"itemListElement\":[{\"@type\":\"ListItem\",\"position\":1,\"name\":\"Home\",\"item\":\"https:\/\/staging2.anabucevic.com\/en\/\"},{\"@type\":\"ListItem\",\"position\":2,\"name\":\"Kontakt\"}]},{\"@type\":\"WebSite\",\"@id\":\"https:\/\/staging2.anabucevic.com\/en\/#website\",\"url\":\"https:\/\/staging2.anabucevic.com\/en\/\",\"name\":\"Ana Bu\u010devi\u0107 - STAGING\",\"description\":\"Budite ono \u0161to \u017eelite postati..\",\"publisher\":{\"@id\":\"https:\/\/staging2.anabucevic.com\/en\/#organization\"},\"potentialAction\":[{\"@type\":\"SearchAction\",\"target\":{\"@type\":\"EntryPoint\",\"urlTemplate\":\"https:\/\/staging2.anabucevic.com\/en\/?s={search_term_string}\"},\"query-input\":{\"@type\":\"PropertyValueSpecification\",\"valueRequired\":true,\"valueName\":\"search_term_string\"}}],\"inLanguage\":\"en-GB\"},{\"@type\":\"Organization\",\"@id\":\"https:\/\/staging2.anabucevic.com\/en\/#organization\",\"name\":\"Ana Bu\u010devi\u0107 - STAGING\",\"url\":\"https:\/\/staging2.anabucevic.com\/en\/\",\"logo\":{\"@type\":\"ImageObject\",\"inLanguage\":\"en-GB\",\"@id\":\"https:\/\/staging2.anabucevic.com\/en\/#\/schema\/logo\/image\/\",\"url\":\"\",\"contentUrl\":\"\",\"caption\":\"Ana Bu\u010devi\u0107 - STAGING\"},\"image\":{\"@id\":\"https:\/\/staging2.anabucevic.com\/en\/#\/schema\/logo\/image\/\"}}]}<\/script>\n<!-- \/ Yoast SEO plugin. -->","yoast_head_json":{"title":"Kontakt - Ana Bu\u010devi\u0107 - STAGING","robots":{"index":"noindex","follow":"follow","max-snippet":"max-snippet:-1","max-image-preview":"max-image-preview:large","max-video-preview":"max-video-preview:-1"},"og_locale":"en_GB","og_type":"article","og_title":"Kontakt - Ana Bu\u010devi\u0107 - STAGING","og_description":"Kontakt Za sve informacije i upite, mo\u017eete mi se obratiti putem obrasca. Nastojat \u0107emo odgovoriti u kratkom roku. Medijski upiti Kontakt za upite medijapress@anabucevic.com Webshop upiti Kontakt za upite o [&hellip;]","og_url":"https:\/\/staging2.anabucevic.com\/en\/kontakt\/","og_site_name":"Ana Bu\u010devi\u0107 - STAGING","article_modified_time":"2026-01-18T20:09:17+00:00","og_image":[{"url":"https:\/\/staging2.anabucevic.com\/wp-content\/uploads\/2026\/01\/Ana-Kontakt.png","type":"","width":"","height":""}],"twitter_card":"summary_large_image","schema":{"@context":"https:\/\/schema.org","@graph":[{"@type":"WebPage","@id":"https:\/\/staging2.anabucevic.com\/en\/kontakt\/","url":"https:\/\/staging2.anabucevic.com\/en\/kontakt\/","name":"Kontakt - Ana Bu\u010devi\u0107 - STAGING","isPartOf":{"@id":"https:\/\/staging2.anabucevic.com\/en\/#website"},"primaryImageOfPage":{"@id":"https:\/\/staging2.anabucevic.com\/en\/kontakt\/#primaryimage"},"image":{"@id":"https:\/\/staging2.anabucevic.com\/en\/kontakt\/#primaryimage"},"thumbnailUrl":"https:\/\/staging2.anabucevic.com\/wp-content\/uploads\/2026\/01\/Ana-Kontakt.png","datePublished":"2026-01-18T20:09:13+00:00","dateModified":"2026-01-18T20:09:17+00:00","breadcrumb":{"@id":"https:\/\/staging2.anabucevic.com\/en\/kontakt\/#breadcrumb"},"inLanguage":"en-GB","potentialAction":[{"@type":"ReadAction","target":["https:\/\/staging2.anabucevic.com\/en\/kontakt\/"]}]},{"@type":"ImageObject","inLanguage":"en-GB","@id":"https:\/\/staging2.anabucevic.com\/en\/kontakt\/#primaryimage","url":"https:\/\/staging2.anabucevic.com\/wp-content\/uploads\/2026\/01\/Ana-Kontakt.png","contentUrl":"https:\/\/staging2.anabucevic.com\/wp-content\/uploads\/2026\/01\/Ana-Kontakt.png"},{"@type":"BreadcrumbList","@id":"https:\/\/staging2.anabucevic.com\/en\/kontakt\/#breadcrumb","itemListElement":[{"@type":"ListItem","position":1,"name":"Home","item":"https:\/\/staging2.anabucevic.com\/en\/"},{"@type":"ListItem","position":2,"name":"Kontakt"}]},{"@type":"WebSite","@id":"https:\/\/staging2.anabucevic.com\/en\/#website","url":"https:\/\/staging2.anabucevic.com\/en\/","name":"Ana Bu\u010devi\u0107 - STAGING","description":"Budite ono \u0161to \u017eelite postati..","publisher":{"@id":"https:\/\/staging2.anabucevic.com\/en\/#organization"},"potentialAction":[{"@type":"SearchAction","target":{"@type":"EntryPoint","urlTemplate":"https:\/\/staging2.anabucevic.com\/en\/?s={search_term_string}"},"query-input":{"@type":"PropertyValueSpecification","valueRequired":true,"valueName":"search_term_string"}}],"inLanguage":"en-GB"},{"@type":"Organization","@id":"https:\/\/staging2.anabucevic.com\/en\/#organization","name":"Ana Bu\u010devi\u0107 - STAGING","url":"https:\/\/staging2.anabucevic.com\/en\/","logo":{"@type":"ImageObject","inLanguage":"en-GB","@id":"https:\/\/staging2.anabucevic.com\/en\/#\/schema\/logo\/image\/","url":"","contentUrl":"","caption":"Ana Bu\u010devi\u0107 - STAGING"},"image":{"@id":"https:\/\/staging2.anabucevic.com\/en\/#\/schema\/logo\/image\/"}}]}},"_links":{"self":[{"href":"https:\/\/staging2.anabucevic.com\/en\/wp-json\/wp\/v2\/pages\/6391374","targetHints":{"allow":["GET"]}}],"collection":[{"href":"https:\/\/staging2.anabucevic.com\/en\/wp-json\/wp\/v2\/pages"}],"about":[{"href":"https:\/\/staging2.anabucevic.com\/en\/wp-json\/wp\/v2\/types\/page"}],"author":[{"embeddable":true,"href":"https:\/\/staging2.anabucevic.com\/en\/wp-json\/wp\/v2\/users\/9"}],"replies":[{"embeddable":true,"href":"https:\/\/staging2.anabucevic.com\/en\/wp-json\/wp\/v2\/comments?post=6391374"}],"version-history":[{"count":4,"href":"https:\/\/staging2.anabucevic.com\/en\/wp-json\/wp\/v2\/pages\/6391374\/revisions"}],"predecessor-version":[{"id":6391427,"href":"https:\/\/staging2.anabucevic.com\/en\/wp-json\/wp\/v2\/pages\/6391374\/revisions\/6391427"}],"wp:attachment":[{"href":"https:\/\/staging2.anabucevic.com\/en\/wp-json\/wp\/v2\/media?parent=6391374"}],"curies":[{"name":"wp","href":"https:\/\/api.w.org\/{rel}","templated":true}]}}