{"id":6391371,"date":"2026-01-18T22:09:13","date_gmt":"2026-01-18T20:09:13","guid":{"rendered":"https:\/\/staging2.anabucevic.com\/raspored-dogadanja\/"},"modified":"2026-01-18T22:09:17","modified_gmt":"2026-01-18T20:09:17","slug":"raspored-dogadanja","status":"publish","type":"page","link":"https:\/\/staging2.anabucevic.com\/en\/raspored-dogadanja\/","title":{"rendered":"Schedule of events"},"content":{"rendered":"<div data-elementor-type=\"wp-page\" data-elementor-id=\"6391371\" class=\"elementor elementor-6391371\" data-elementor-post-type=\"page\">\n\t\t\t\t<div class=\"elementor-element elementor-element-4aec8cd7 e-flex e-con-boxed e-con e-parent\" data-id=\"4aec8cd7\" data-element_type=\"container\" data-settings=\"{&quot;background_background&quot;:&quot;classic&quot;}\">\n\t\t\t\t\t<div class=\"e-con-inner\">\n\t\t<div class=\"elementor-element elementor-element-33d4533a e-con-full e-flex elementor-invisible e-con e-child\" data-id=\"33d4533a\" data-element_type=\"container\" data-settings=\"{&quot;animation&quot;:&quot;fadeIn&quot;}\">\n\t\t\t\t<div class=\"elementor-element elementor-element-237b803b elementor-widget elementor-widget-image\" data-id=\"237b803b\" data-element_type=\"widget\" data-widget_type=\"image.default\">\n\t\t\t\t\t\t\t\t\t\t\t\t\t\t\t<img fetchpriority=\"high\" decoding=\"async\" width=\"757\" height=\"843\" src=\"https:\/\/staging2.anabucevic.com\/wp-content\/uploads\/2026\/01\/Ana-dogadanja-1.png\" class=\"attachment-full size-full wp-image-6390823\" alt=\"\" srcset=\"https:\/\/staging2.anabucevic.com\/wp-content\/uploads\/2026\/01\/Ana-dogadanja-1.png 757w, https:\/\/staging2.anabucevic.com\/wp-content\/uploads\/2026\/01\/Ana-dogadanja-1-269x300.png 269w, https:\/\/staging2.anabucevic.com\/wp-content\/uploads\/2026\/01\/Ana-dogadanja-1-11x12.png 11w, https:\/\/staging2.anabucevic.com\/wp-content\/uploads\/2026\/01\/Ana-dogadanja-1-300x334.png 300w, https:\/\/staging2.anabucevic.com\/wp-content\/uploads\/2026\/01\/Ana-dogadanja-1-600x668.png 600w\" sizes=\"(max-width: 757px) 100vw, 757px\" \/>\t\t\t\t\t\t\t\t\t\t\t\t\t\t\t<\/div>\n\t\t\t\t<\/div>\n\t\t<div class=\"elementor-element elementor-element-2c3c1ffd e-con-full e-flex elementor-invisible e-con e-child\" data-id=\"2c3c1ffd\" data-element_type=\"container\" data-settings=\"{&quot;animation&quot;:&quot;fadeInRight&quot;,&quot;animation_delay&quot;:400}\">\n\t\t\t\t<div class=\"elementor-element elementor-element-527a4054 elementor-widget elementor-widget-heading\" data-id=\"527a4054\" data-element_type=\"widget\" data-widget_type=\"heading.default\">\n\t\t\t\t\t<h1 class=\"elementor-heading-title elementor-size-default\">Schedule of events<\/h1>\t\t\t\t<\/div>\n\t\t\t\t<div class=\"elementor-element elementor-element-6ede67e8 elementor-widget-widescreen__width-initial elementor-widget elementor-widget-text-editor\" data-id=\"6ede67e8\" data-element_type=\"widget\" data-widget_type=\"text-editor.default\">\n\t\t\t\t\t\t\t\t\t<p>Ovdje mo\u017eete prona\u0107i sve informacije o nadolaze\u0107im doga\u0111ajima &#8211; webinarima, radionicama i predavanjima te kupiti ulaznice za njih preko webshopa.<\/p>\t\t\t\t\t\t\t\t<\/div>\n\t\t\t\t<\/div>\n\t\t\t\t\t<\/div>\n\t\t\t\t<\/div>\n\t\t<div class=\"elementor-element elementor-element-2c159e71 e-flex e-con-boxed e-con e-parent\" data-id=\"2c159e71\" data-element_type=\"container\">\n\t\t\t\t\t<div class=\"e-con-inner\">\n\t\t\t\t<div class=\"elementor-element elementor-element-6938c144 elementor-widget elementor-widget-spacer\" data-id=\"6938c144\" data-element_type=\"widget\" data-widget_type=\"spacer.default\">\n\t\t\t\t\t\t\t<div class=\"elementor-spacer\">\n\t\t\t<div class=\"elementor-spacer-inner\"><\/div>\n\t\t<\/div>\n\t\t\t\t\t\t<\/div>\n\t\t\t\t<div class=\"elementor-element elementor-element-5e5ec8eb elementor-invisible elementor-widget elementor-widget-heading\" data-id=\"5e5ec8eb\" data-element_type=\"widget\" data-settings=\"{&quot;_animation&quot;:&quot;fadeIn&quot;}\" data-widget_type=\"heading.default\">\n\t\t\t\t\t<h2 class=\"elementor-heading-title elementor-size-default\">Predavanja i radionice<\/h2>\t\t\t\t<\/div>\n\t\t\t\t<div class=\"elementor-element elementor-element-14d6a997 elementor-grid-3 elementor-grid-mobile-1 elementor-product-loop-item--align-center elementor-grid-tablet-2 elementor-product-loop-item--align-left elementor-products-grid elementor-wc-products elementor-invisible elementor-widget elementor-widget-woocommerce-products\" data-id=\"14d6a997\" data-element_type=\"widget\" data-settings=\"{&quot;_animation&quot;:&quot;fadeInUp&quot;,&quot;_animation_delay&quot;:400}\" data-widget_type=\"woocommerce-products.default\">\n\t\t\t\t<div class=\"elementor-widget-container\">\n\t\t\t\t\t<div class=\"woocommerce columns-3\"><ul class=\"products elementor-grid columns-3\">\n<li class=\"product type-product post-6381233 status-publish first instock product_cat-ulaznice has-post-thumbnail virtual taxable purchasable product-type-ticket-event\">\n\t<\/li>\n<li class=\"product type-product post-6381222 status-publish instock product_cat-ulaznice has-post-thumbnail virtual taxable purchasable product-type-ticket-event\">\n\t<\/li>\n<li class=\"product type-product post-6381213 status-publish last instock product_cat-ulaznice has-post-thumbnail virtual taxable purchasable product-type-ticket-event\">\n\t<\/li>\n<\/ul>\n<\/div>\t\t\t\t<\/div>\n\t\t\t\t<\/div>\n\t\t\t\t\t<\/div>\n\t\t\t\t<\/div>\n\t\t\t\t<\/div>","protected":false},"excerpt":{"rendered":"<p>Raspored doga\u0111anja Ovdje mo\u017eete prona\u0107i sve informacije o nadolaze\u0107im doga\u0111ajima &#8211; webinarima, radionicama i predavanjima te kupiti ulaznice za njih preko webshopa. Predavanja i radionice<\/p>","protected":false},"author":9,"featured_media":0,"parent":0,"menu_order":0,"comment_status":"closed","ping_status":"closed","template":"","meta":{"footnotes":""},"class_list":["post-6391371","page","type-page","status-publish","hentry"],"yoast_head":"<!-- This site is optimized with the Yoast SEO plugin v26.0 - https:\/\/yoast.com\/wordpress\/plugins\/seo\/ -->\n<title>Raspored doga\u0111anja - Ana Bu\u010devi\u0107 - STAGING<\/title>\n<meta name=\"robots\" content=\"noindex, follow, max-snippet:-1, max-image-preview:large, max-video-preview:-1\" \/>\n<meta property=\"og:locale\" content=\"en_GB\" \/>\n<meta property=\"og:type\" content=\"article\" \/>\n<meta property=\"og:title\" content=\"Raspored doga\u0111anja - Ana Bu\u010devi\u0107 - STAGING\" \/>\n<meta property=\"og:description\" content=\"Raspored doga\u0111anja Ovdje mo\u017eete prona\u0107i sve informacije o nadolaze\u0107im doga\u0111ajima &#8211; webinarima, radionicama i predavanjima te kupiti ulaznice za njih preko webshopa. Predavanja i radionice\" \/>\n<meta property=\"og:url\" content=\"https:\/\/staging2.anabucevic.com\/en\/raspored-dogadanja\/\" \/>\n<meta property=\"og:site_name\" content=\"Ana Bu\u010devi\u0107 - STAGING\" \/>\n<meta property=\"article:modified_time\" content=\"2026-01-18T20:09:17+00:00\" \/>\n<meta property=\"og:image\" content=\"https:\/\/staging2.anabucevic.com\/wp-content\/uploads\/2026\/01\/Ana-dogadanja-1.png\" \/>\n<meta name=\"twitter:card\" content=\"summary_large_image\" \/>\n<script type=\"application\/ld+json\" class=\"yoast-schema-graph\">{\"@context\":\"https:\/\/schema.org\",\"@graph\":[{\"@type\":\"WebPage\",\"@id\":\"https:\/\/staging2.anabucevic.com\/raspored-dogadanja\/\",\"url\":\"https:\/\/staging2.anabucevic.com\/raspored-dogadanja\/\",\"name\":\"Raspored doga\u0111anja - Ana Bu\u010devi\u0107 - STAGING\",\"isPartOf\":{\"@id\":\"https:\/\/staging2.anabucevic.com\/en\/#website\"},\"primaryImageOfPage\":{\"@id\":\"https:\/\/staging2.anabucevic.com\/raspored-dogadanja\/#primaryimage\"},\"image\":{\"@id\":\"https:\/\/staging2.anabucevic.com\/raspored-dogadanja\/#primaryimage\"},\"thumbnailUrl\":\"https:\/\/staging2.anabucevic.com\/wp-content\/uploads\/2026\/01\/Ana-dogadanja-1.png\",\"datePublished\":\"2026-01-18T20:09:13+00:00\",\"dateModified\":\"2026-01-18T20:09:17+00:00\",\"breadcrumb\":{\"@id\":\"https:\/\/staging2.anabucevic.com\/raspored-dogadanja\/#breadcrumb\"},\"inLanguage\":\"en-GB\",\"potentialAction\":[{\"@type\":\"ReadAction\",\"target\":[\"https:\/\/staging2.anabucevic.com\/raspored-dogadanja\/\"]}]},{\"@type\":\"ImageObject\",\"inLanguage\":\"en-GB\",\"@id\":\"https:\/\/staging2.anabucevic.com\/raspored-dogadanja\/#primaryimage\",\"url\":\"https:\/\/staging2.anabucevic.com\/wp-content\/uploads\/2026\/01\/Ana-dogadanja-1.png\",\"contentUrl\":\"https:\/\/staging2.anabucevic.com\/wp-content\/uploads\/2026\/01\/Ana-dogadanja-1.png\"},{\"@type\":\"BreadcrumbList\",\"@id\":\"https:\/\/staging2.anabucevic.com\/raspored-dogadanja\/#breadcrumb\",\"itemListElement\":[{\"@type\":\"ListItem\",\"position\":1,\"name\":\"Home\",\"item\":\"https:\/\/staging2.anabucevic.com\/en\/\"},{\"@type\":\"ListItem\",\"position\":2,\"name\":\"Raspored doga\u0111anja\"}]},{\"@type\":\"WebSite\",\"@id\":\"https:\/\/staging2.anabucevic.com\/en\/#website\",\"url\":\"https:\/\/staging2.anabucevic.com\/en\/\",\"name\":\"Ana Bu\u010devi\u0107 - STAGING\",\"description\":\"Budite ono \u0161to \u017eelite postati..\",\"publisher\":{\"@id\":\"https:\/\/staging2.anabucevic.com\/en\/#organization\"},\"potentialAction\":[{\"@type\":\"SearchAction\",\"target\":{\"@type\":\"EntryPoint\",\"urlTemplate\":\"https:\/\/staging2.anabucevic.com\/en\/?s={search_term_string}\"},\"query-input\":{\"@type\":\"PropertyValueSpecification\",\"valueRequired\":true,\"valueName\":\"search_term_string\"}}],\"inLanguage\":\"en-GB\"},{\"@type\":\"Organization\",\"@id\":\"https:\/\/staging2.anabucevic.com\/en\/#organization\",\"name\":\"Ana Bu\u010devi\u0107 - STAGING\",\"url\":\"https:\/\/staging2.anabucevic.com\/en\/\",\"logo\":{\"@type\":\"ImageObject\",\"inLanguage\":\"en-GB\",\"@id\":\"https:\/\/staging2.anabucevic.com\/en\/#\/schema\/logo\/image\/\",\"url\":\"\",\"contentUrl\":\"\",\"caption\":\"Ana Bu\u010devi\u0107 - STAGING\"},\"image\":{\"@id\":\"https:\/\/staging2.anabucevic.com\/en\/#\/schema\/logo\/image\/\"}}]}<\/script>\n<!-- \/ Yoast SEO plugin. -->","yoast_head_json":{"title":"Raspored doga\u0111anja - Ana Bu\u010devi\u0107 - STAGING","robots":{"index":"noindex","follow":"follow","max-snippet":"max-snippet:-1","max-image-preview":"max-image-preview:large","max-video-preview":"max-video-preview:-1"},"og_locale":"en_GB","og_type":"article","og_title":"Raspored doga\u0111anja - Ana Bu\u010devi\u0107 - STAGING","og_description":"Raspored doga\u0111anja Ovdje mo\u017eete prona\u0107i sve informacije o nadolaze\u0107im doga\u0111ajima &#8211; webinarima, radionicama i predavanjima te kupiti ulaznice za njih preko webshopa. Predavanja i radionice","og_url":"https:\/\/staging2.anabucevic.com\/en\/raspored-dogadanja\/","og_site_name":"Ana Bu\u010devi\u0107 - STAGING","article_modified_time":"2026-01-18T20:09:17+00:00","og_image":[{"url":"https:\/\/staging2.anabucevic.com\/wp-content\/uploads\/2026\/01\/Ana-dogadanja-1.png","type":"","width":"","height":""}],"twitter_card":"summary_large_image","schema":{"@context":"https:\/\/schema.org","@graph":[{"@type":"WebPage","@id":"https:\/\/staging2.anabucevic.com\/raspored-dogadanja\/","url":"https:\/\/staging2.anabucevic.com\/raspored-dogadanja\/","name":"Raspored doga\u0111anja - Ana Bu\u010devi\u0107 - STAGING","isPartOf":{"@id":"https:\/\/staging2.anabucevic.com\/en\/#website"},"primaryImageOfPage":{"@id":"https:\/\/staging2.anabucevic.com\/raspored-dogadanja\/#primaryimage"},"image":{"@id":"https:\/\/staging2.anabucevic.com\/raspored-dogadanja\/#primaryimage"},"thumbnailUrl":"https:\/\/staging2.anabucevic.com\/wp-content\/uploads\/2026\/01\/Ana-dogadanja-1.png","datePublished":"2026-01-18T20:09:13+00:00","dateModified":"2026-01-18T20:09:17+00:00","breadcrumb":{"@id":"https:\/\/staging2.anabucevic.com\/raspored-dogadanja\/#breadcrumb"},"inLanguage":"en-GB","potentialAction":[{"@type":"ReadAction","target":["https:\/\/staging2.anabucevic.com\/raspored-dogadanja\/"]}]},{"@type":"ImageObject","inLanguage":"en-GB","@id":"https:\/\/staging2.anabucevic.com\/raspored-dogadanja\/#primaryimage","url":"https:\/\/staging2.anabucevic.com\/wp-content\/uploads\/2026\/01\/Ana-dogadanja-1.png","contentUrl":"https:\/\/staging2.anabucevic.com\/wp-content\/uploads\/2026\/01\/Ana-dogadanja-1.png"},{"@type":"BreadcrumbList","@id":"https:\/\/staging2.anabucevic.com\/raspored-dogadanja\/#breadcrumb","itemListElement":[{"@type":"ListItem","position":1,"name":"Home","item":"https:\/\/staging2.anabucevic.com\/en\/"},{"@type":"ListItem","position":2,"name":"Raspored doga\u0111anja"}]},{"@type":"WebSite","@id":"https:\/\/staging2.anabucevic.com\/en\/#website","url":"https:\/\/staging2.anabucevic.com\/en\/","name":"Ana Bu\u010devi\u0107 - STAGING","description":"Budite ono \u0161to \u017eelite postati..","publisher":{"@id":"https:\/\/staging2.anabucevic.com\/en\/#organization"},"potentialAction":[{"@type":"SearchAction","target":{"@type":"EntryPoint","urlTemplate":"https:\/\/staging2.anabucevic.com\/en\/?s={search_term_string}"},"query-input":{"@type":"PropertyValueSpecification","valueRequired":true,"valueName":"search_term_string"}}],"inLanguage":"en-GB"},{"@type":"Organization","@id":"https:\/\/staging2.anabucevic.com\/en\/#organization","name":"Ana Bu\u010devi\u0107 - STAGING","url":"https:\/\/staging2.anabucevic.com\/en\/","logo":{"@type":"ImageObject","inLanguage":"en-GB","@id":"https:\/\/staging2.anabucevic.com\/en\/#\/schema\/logo\/image\/","url":"","contentUrl":"","caption":"Ana Bu\u010devi\u0107 - STAGING"},"image":{"@id":"https:\/\/staging2.anabucevic.com\/en\/#\/schema\/logo\/image\/"}}]}},"_links":{"self":[{"href":"https:\/\/staging2.anabucevic.com\/en\/wp-json\/wp\/v2\/pages\/6391371","targetHints":{"allow":["GET"]}}],"collection":[{"href":"https:\/\/staging2.anabucevic.com\/en\/wp-json\/wp\/v2\/pages"}],"about":[{"href":"https:\/\/staging2.anabucevic.com\/en\/wp-json\/wp\/v2\/types\/page"}],"author":[{"embeddable":true,"href":"https:\/\/staging2.anabucevic.com\/en\/wp-json\/wp\/v2\/users\/9"}],"replies":[{"embeddable":true,"href":"https:\/\/staging2.anabucevic.com\/en\/wp-json\/wp\/v2\/comments?post=6391371"}],"version-history":[{"count":4,"href":"https:\/\/staging2.anabucevic.com\/en\/wp-json\/wp\/v2\/pages\/6391371\/revisions"}],"predecessor-version":[{"id":6391425,"href":"https:\/\/staging2.anabucevic.com\/en\/wp-json\/wp\/v2\/pages\/6391371\/revisions\/6391425"}],"wp:attachment":[{"href":"https:\/\/staging2.anabucevic.com\/en\/wp-json\/wp\/v2\/media?parent=6391371"}],"curies":[{"name":"wp","href":"https:\/\/api.w.org\/{rel}","templated":true}]}}