{"id":6391365,"date":"2026-01-18T22:09:13","date_gmt":"2026-01-18T20:09:13","guid":{"rendered":"https:\/\/staging2.anabucevic.com\/uvjeti-kupnje\/"},"modified":"2026-01-18T22:09:17","modified_gmt":"2026-01-18T20:09:17","slug":"uvjeti-kupnje","status":"publish","type":"page","link":"https:\/\/staging2.anabucevic.com\/en\/uvjeti-kupnje\/","title":{"rendered":"Terms of purchase"},"content":{"rendered":"<div data-elementor-type=\"wp-page\" data-elementor-id=\"6391365\" class=\"elementor elementor-6391365\" data-elementor-post-type=\"page\">\n\t\t\t\t<div class=\"elementor-element elementor-element-5fa2d74a e-flex e-con-boxed e-con e-parent\" data-id=\"5fa2d74a\" data-element_type=\"container\" data-settings=\"{&quot;background_background&quot;:&quot;classic&quot;}\">\n\t\t\t\t\t<div class=\"e-con-inner\">\n\t\t\t\t<div class=\"elementor-element elementor-element-1861fabb elementor-widget elementor-widget-text-editor\" data-id=\"1861fabb\" data-element_type=\"widget\" data-widget_type=\"text-editor.default\">\n\t\t\t\t\t\t\t\t\t<p>A\u017eurirano &#8211; SIJE\u010cANJ 2026<\/p>\t\t\t\t\t\t\t\t<\/div>\n\t\t\t\t<div class=\"elementor-element elementor-element-65ddc0e8 elementor-widget elementor-widget-heading\" data-id=\"65ddc0e8\" data-element_type=\"widget\" data-widget_type=\"heading.default\">\n\t\t\t\t\t<h2 class=\"elementor-heading-title elementor-size-default\">Terms of purchase<\/h2>\t\t\t\t<\/div>\n\t\t\t\t<div class=\"elementor-element elementor-element-69929eff elementor-widget elementor-widget-text-editor\" data-id=\"69929eff\" data-element_type=\"widget\" data-widget_type=\"text-editor.default\">\n\t\t\t\t\t\t\t\t\t<p>UVJETI KUPNJE PUTEM WEB SHOPA NA <a class=\"decorated-link\" href=\"http:\/\/WWW.ANABUCEVIC.COM\" target=\"_new\" rel=\"noopener\" data-start=\"469\" data-end=\"487\">WWW.ANABUCEVIC.COM<\/a><\/p>\t\t\t\t\t\t\t\t<\/div>\n\t\t\t\t\t<\/div>\n\t\t\t\t<\/div>\n\t\t<div class=\"elementor-element elementor-element-5c73dd9c e-flex e-con-boxed e-con e-parent\" data-id=\"5c73dd9c\" data-element_type=\"container\" data-settings=\"{&quot;background_background&quot;:&quot;classic&quot;}\">\n\t\t\t\t\t<div class=\"e-con-inner\">\n\t\t<div class=\"elementor-element elementor-element-5b6c19ac e-con-full e-flex e-con e-child\" data-id=\"5b6c19ac\" data-element_type=\"container\" data-settings=\"{&quot;background_background&quot;:&quot;classic&quot;}\">\n\t\t\t\t<div class=\"elementor-element elementor-element-70ffd6b9 elementor-widget elementor-widget-heading\" data-id=\"70ffd6b9\" data-element_type=\"widget\" data-widget_type=\"heading.default\">\n\t\t\t\t\t<h3 class=\"elementor-heading-title elementor-size-default\">1.Op\u0107e odredbe<\/h3>\t\t\t\t<\/div>\n\t\t\t\t<div class=\"elementor-element elementor-element-31f8608b elementor-widget elementor-widget-text-editor\" data-id=\"31f8608b\" data-element_type=\"widget\" data-widget_type=\"text-editor.default\">\n\t\t\t\t\t\t\t\t\t<p data-start=\"517\" data-end=\"1072\">Nositelj svih prava na internet domeni <a class=\"decorated-link\" href=\"http:\/\/www.anabucevic.com\" target=\"_new\" rel=\"noopener\" data-start=\"556\" data-end=\"574\">www.anabucevic.com<\/a> je Safari duha d.o.o. Split. Kori\u0161tenjem usluge Web Shopa smatra se da su potro\u0161a\u010di u svakom trenutku upoznati s ovim Uvjetima kupnje (dalje u tekstu: Uvjeti), te da ih u cijelosti razumiju i prihva\u0107aju. Ovi Uvjeti primjenjuju se na prava i obveze koja se odnose na kupnju proizvoda putem Web Shopa, te prava i obveze koje proizlaze iz sklapanja Ugovora o prodaji na daljinu (dalje u tekstu: Ugovor) izme\u0111u potro\u0161a\u010da kao krajnjeg kupca i Web Shopa, te se smatraju sastavnim dijelom takvih ugovora.<\/p><p data-start=\"1074\" data-end=\"1201\">Pru\u017eatelj usluge internet prodaje putem Web Shopa je tvrtka Safari duha d.o.o., Frane Supila 26, 21000 Split, OIB: 98594223241.<\/p><p data-start=\"1203\" data-end=\"1617\">Korisnike stranica upu\u0107uje se da se prije kupovine upoznaju s Uvjetima prodaje te da iste redovito provjeravaju kako bi bili upoznati sa svojim pravima i obvezama. Safari duha d.o.o. Split pridr\u017eava pravo izmjene ovih Uvjeta bez obveze prethodne najave te ne\u0107e biti odgovoran ni za kakve mogu\u0107e posljedice proiza\u0161le iz takvih promjena. Navedene promjene stupaju na snagu objavljivanjem na ovim internet stranicama.<\/p><p data-start=\"1619\" data-end=\"1950\">Safari duha d.o.o. Split pridr\u017eava pravo ukidanja usluge i promjene sadr\u017eaja kao i ostalih usluga koje su sastavni dio Web Shopa u svako doba bez obveze prethodne najave te ne\u0107e biti odgovoran ni za kakve mogu\u0107e posljedice proiza\u0161le iz takvih promjena. Navedene promjene stupaju na snagu objavljivanjem na ovim internet stranicama.<\/p><p data-start=\"1952\" data-end=\"2303\">Kori\u0161tenje usluga Web Shopa odobrava se isklju\u010divo punoljetnim osobama. Uporaba i kori\u0161tenje Web Shopa od maloljetnih osoba nije dozvoljena te su roditelji i\/ili skrbnici du\u017eni o tome voditi ra\u010duna. U protivnom preuzimaju sva prava i obveze nastale takvim kori\u0161tenjem, a Safari duha d.o.o. Split ne odgovara za eventualne posljedice takvog kori\u0161tenja.<\/p><p data-start=\"2305\" data-end=\"2587\">Kupoprodaju proizvoda u ponudi na domeni <a class=\"decorated-link\" href=\"http:\/\/www.anabucevic.com\" target=\"_new\" rel=\"noopener\" data-start=\"2346\" data-end=\"2364\">www.anabucevic.com<\/a> u ime i za ra\u010dun maloljetnika ili potpuno poslovno nesposobne osobe mogu sklopiti samo njihovi zakonski zastupnici, a djelomi\u010dno poslovno sposobne osobe mogu sklopiti ugovor samo uz suglasnost njihova zakonskog zastupnika.<\/p>\t\t\t\t\t\t\t\t<\/div>\n\t\t\t\t<\/div>\n\t\t<div class=\"elementor-element elementor-element-6e6295af e-con-full e-flex e-con e-child\" data-id=\"6e6295af\" data-element_type=\"container\" data-settings=\"{&quot;background_background&quot;:&quot;classic&quot;}\">\n\t\t\t\t<div class=\"elementor-element elementor-element-7f45db53 elementor-widget elementor-widget-heading\" data-id=\"7f45db53\" data-element_type=\"widget\" data-widget_type=\"heading.default\">\n\t\t\t\t\t<h3 class=\"elementor-heading-title elementor-size-default\">2.Online kupovina putem web shopa na www.anabucevic.com<\/h3>\t\t\t\t<\/div>\n\t\t\t\t<div class=\"elementor-element elementor-element-4d1c7443 elementor-widget elementor-widget-text-editor\" data-id=\"4d1c7443\" data-element_type=\"widget\" data-widget_type=\"text-editor.default\">\n\t\t\t\t\t\t\t\t\t<p><strong>CONCLUSION AND TERMINATION OF THE SALE AGREEMENT<br \/><\/strong><\/p><p data-start=\"2699\" data-end=\"3027\">Ovi Uvjeti, kao i pojedini uvjeti prodaje nazna\u010deni uz informacije o odre\u0111enim proizvodima, predstavljaju ponudu Web Shopa Safari duha d.o.o. Split za sklapanje Ugovora. Korisnik kao Kupac zaklju\u010divanjem narud\u017ebe prihva\u0107a navedene uvjete, \u010dime se smatra da je zaklju\u010den Ugovor izme\u0111u korisnika i tvrtke Safari duha d.o.o. Split.<\/p><p data-start=\"3029\" data-end=\"3272\">Svrha Ugovora je kupnja odabranog proizvoda putem Web Shopa uz pla\u0107anje odgovaraju\u0107e naknade (cijene) proizvoda te pripadaju\u0107e cijene dostave. Ugovor se zaklju\u010duje sredstvima daljinske komunikacije, odnosno putem internet narud\u017ebe u Web Shopu.<\/p><p data-start=\"3274\" data-end=\"3435\">Sve cijene proizvoda na web stranici <a class=\"decorated-link\" href=\"http:\/\/www.anabucevic.com\" target=\"_new\" rel=\"noopener\" data-start=\"3311\" data-end=\"3329\">www.anabucevic.com<\/a> izra\u017eene su s uklju\u010denim PDV-om. Prije sklapanja Ugovora korisnik ima mogu\u0107nost pregledati Uvjete kupnje.<\/p><p data-start=\"3437\" data-end=\"3661\">Ugovor stupa na snagu u trenutku kada korisnik prihvati ponudu Safari duha d.o.o. Split, odnosno odabirom pla\u0107anja i dovr\u0161etkom narud\u017ebe u Web Shopu. Ugovor o kupoprodaji proizvoda zaklju\u010den je u trenutku pla\u0107anja proizvoda.<\/p><p data-start=\"3663\" data-end=\"4040\">Potro\u0161a\u010d ima pravo na jednostrani raskid ugovora bez navo\u0111enja razloga u roku od 14 dana od dana kada je roba predana u posjed potro\u0161a\u010du ili tre\u0107oj osobi odre\u0111enoj od strane potro\u0161a\u010da. Ovo pravo odnosi se i na kupljene karte za seminare i webinare, uz napomenu da je povrat mogu\u0107 najkasnije do dana odr\u017eavanja, odnosno dan prije odr\u017eavanja je zadnji dan za podno\u0161enje zahtjeva.<\/p><p data-start=\"4042\" data-end=\"4243\">Radi ostvarivanja prava na jednostrani raskid ugovora, potro\u0161a\u010d je du\u017ean obavijestiti Safari duha d.o.o. Split o svojoj odluci putem elektroni\u010dke po\u0161te, uz navo\u0111enje osnovnih podataka i broja narud\u017ebe.<\/p><p data-start=\"4245\" data-end=\"4488\">U slu\u010daju raskida ugovora potro\u0161a\u010d snosi izravne tro\u0161kove povrata robe i du\u017ean je robu vratiti neo\u0161te\u0107enu u roku od 14 dana. Povrat novca izvr\u0161it \u0107e se najkasnije u roku od 14 dana od zaprimanja obavijesti o raskidu, ali ne prije povrata robe.<\/p>\t\t\t\t\t\t\t\t<\/div>\n\t\t\t\t<\/div>\n\t\t<div class=\"elementor-element elementor-element-db3c4f3 e-con-full e-flex e-con e-child\" data-id=\"db3c4f3\" data-element_type=\"container\" data-settings=\"{&quot;background_background&quot;:&quot;classic&quot;}\">\n\t\t\t\t<div class=\"elementor-element elementor-element-1463c469 elementor-widget elementor-widget-heading\" data-id=\"1463c469\" data-element_type=\"widget\" data-widget_type=\"heading.default\">\n\t\t\t\t\t<h3 class=\"elementor-heading-title elementor-size-default\">3. Uvjeti procesa kupovine<\/h3>\t\t\t\t<\/div>\n\t\t\t\t<div class=\"elementor-element elementor-element-69aae545 elementor-widget elementor-widget-text-editor\" data-id=\"69aae545\" data-element_type=\"widget\" data-widget_type=\"text-editor.default\">\n\t\t\t\t\t\t\t\t\t<article class=\"text-token-text-primary w-full focus:outline-none [--shadow-height:45px] has-data-writing-block:pointer-events-none has-data-writing-block:-mt-(--shadow-height) has-data-writing-block:pt-(--shadow-height) [&amp;:has([data-writing-block])&gt;*]:pointer-events-auto [content-visibility:auto] supports-[content-visibility:auto]:[contain-intrinsic-size:auto_100lvh] scroll-mt-[calc(var(--header-height)+min(200px,max(70px,20svh)))]\" dir=\"auto\" tabindex=\"-1\" data-turn-id=\"request-WEB:4e892c5b-6f74-4ebe-9d60-34a4d0153cef-4\" data-testid=\"conversation-turn-10\" data-scroll-anchor=\"true\" data-turn=\"assistant\"><div class=\"text-base my-auto mx-auto pb-10 [--thread-content-margin:--spacing(4)] thread-sm:[--thread-content-margin:--spacing(6)] thread-lg:[--thread-content-margin:--spacing(16)] px-(--thread-content-margin)\"><div class=\"[--thread-content-max-width:40rem] thread-lg:[--thread-content-max-width:48rem] mx-auto max-w-(--thread-content-max-width) flex-1 group\/turn-messages focus-visible:outline-hidden relative flex w-full min-w-0 flex-col agent-turn\" tabindex=\"-1\"><div class=\"flex max-w-full flex-col grow\"><div class=\"min-h-8 text-message relative flex w-full flex-col items-end gap-2 text-start break-words whitespace-normal [.text-message+&amp;]:mt-1\" dir=\"auto\" data-message-author-role=\"assistant\" data-message-id=\"211f4dd1-8395-4212-b55b-cc5ddc23e839\" data-message-model-slug=\"gpt-5\"><div class=\"flex w-full flex-col gap-1 empty:hidden first:pt-[1px]\"><div class=\"markdown prose dark:prose-invert w-full break-words light markdown-new-styling\"><p data-start=\"4527\" data-end=\"4698\">Osnovne karakteristike proizvoda, cijene, akcije, na\u010dini pla\u0107anja i dostave va\u017ee\u0107i su u trenutku zaklju\u010denja narud\u017ebe. Svi podaci bit \u0107e jasno nazna\u010deni uz svaki proizvod.<\/p><p data-start=\"4700\" data-end=\"4874\">Cijena proizvoda, uklju\u010duju\u0107i PDV i tro\u0161ak dostave, vidljiva je u ko\u0161arici prije zaklju\u010denja narud\u017ebe. Sve informacije o potvrdi kupnje dostavljaju se na e-mail adresu kupca.<\/p><p data-start=\"4876\" data-end=\"4979\">Safari duha d.o.o. Split zadr\u017eava pravo otkazivanja narud\u017ebe iz opravdanog razloga, uz obavijest kupcu.<\/p><p data-start=\"4981\" data-end=\"5029\">In the event of a legal dispute, the local court is competent.<\/p><\/div><\/div><\/div><\/div><\/div><\/div><\/article>\t\t\t\t\t\t\t\t<\/div>\n\t\t\t\t<\/div>\n\t\t<div class=\"elementor-element elementor-element-682609c e-con-full e-flex e-con e-child\" data-id=\"682609c\" data-element_type=\"container\" data-settings=\"{&quot;background_background&quot;:&quot;classic&quot;}\">\n\t\t\t\t<div class=\"elementor-element elementor-element-24c6399b elementor-widget elementor-widget-heading\" data-id=\"24c6399b\" data-element_type=\"widget\" data-widget_type=\"heading.default\">\n\t\t\t\t\t<h3 class=\"elementor-heading-title elementor-size-default\">4. Na\u010din pla\u0107anja<\/h3>\t\t\t\t<\/div>\n\t\t\t\t<div class=\"elementor-element elementor-element-6735cb67 elementor-widget elementor-widget-text-editor\" data-id=\"6735cb67\" data-element_type=\"widget\" data-widget_type=\"text-editor.default\">\n\t\t\t\t\t\t\t\t\t<p data-start=\"5059\" data-end=\"5104\">Pla\u0107anje se mo\u017ee izvr\u0161iti na sljede\u0107e na\u010dine:<\/p><p data-start=\"5106\" data-end=\"5205\">a) Pla\u0107anje kreditnim karticama<br data-start=\"5137\" data-end=\"5140\" \/>b) Pla\u0107anje op\u0107om uplatnicom<br data-start=\"5168\" data-end=\"5171\" \/>c) Pla\u0107anje internet bankarstvom<\/p><p data-start=\"5207\" data-end=\"5380\">Kupac koji pla\u0107a kreditnom karticom preusmjerava se na sigurne SSL stranice. Nov\u010dani primitak vidljiv je najranije sljede\u0107i radni dan, odnosno u roku 24-48 sati od pla\u0107anja.<\/p>\t\t\t\t\t\t\t\t<\/div>\n\t\t\t\t<\/div>\n\t\t<div class=\"elementor-element elementor-element-44fdd083 e-con-full e-flex e-con e-child\" data-id=\"44fdd083\" data-element_type=\"container\" data-settings=\"{&quot;background_background&quot;:&quot;classic&quot;}\">\n\t\t\t\t<div class=\"elementor-element elementor-element-f10f83f elementor-widget elementor-widget-heading\" data-id=\"f10f83f\" data-element_type=\"widget\" data-widget_type=\"heading.default\">\n\t\t\t\t\t<h3 class=\"elementor-heading-title elementor-size-default\">5. Cijena, rokovi i uvjeti dostave<\/h3>\t\t\t\t<\/div>\n\t\t\t\t<div class=\"elementor-element elementor-element-1e7d9610 elementor-widget elementor-widget-text-editor\" data-id=\"1e7d9610\" data-element_type=\"widget\" data-widget_type=\"text-editor.default\">\n\t\t\t\t\t\t\t\t\t<p data-start=\"5427\" data-end=\"5593\">Tro\u0161ak dostave iznosi 3,5 EUR (s PDV-om) za podru\u010dje RH te 16 EUR (s PDV-om) za inozemstvo. Rok isporuke za RH je 7-10 radnih dana, dok za inozemstvo mo\u017ee biti dulji.<\/p><p data-start=\"5595\" data-end=\"5668\">Isporuka se vr\u0161i isklju\u010divo putem Hrvatske po\u0161te, preporu\u010denom po\u0161iljkom.<\/p>\t\t\t\t\t\t\t\t<\/div>\n\t\t\t\t<\/div>\n\t\t<div class=\"elementor-element elementor-element-1e4e08ec e-con-full e-flex e-con e-child\" data-id=\"1e4e08ec\" data-element_type=\"container\" data-settings=\"{&quot;background_background&quot;:&quot;classic&quot;}\">\n\t\t\t\t<div class=\"elementor-element elementor-element-74e58f1a elementor-widget elementor-widget-heading\" data-id=\"74e58f1a\" data-element_type=\"widget\" data-widget_type=\"heading.default\">\n\t\t\t\t\t<h3 class=\"elementor-heading-title elementor-size-default\">6. Zamjene, reklamacije i prigovori<\/h3>\t\t\t\t<\/div>\n\t\t\t\t<div class=\"elementor-element elementor-element-772f55a7 elementor-widget elementor-widget-text-editor\" data-id=\"772f55a7\" data-element_type=\"widget\" data-widget_type=\"text-editor.default\">\n\t\t\t\t\t\t\t\t\t<p data-start=\"5716\" data-end=\"5884\">Kupac ima pravo na povrat proizvoda u slu\u010daju pogre\u0161ne isporuke ili o\u0161te\u0107enja. Prigovori se zaprimaju isklju\u010divo putem e-maila <a class=\"decorated-link cursor-pointer\" href=\"mailto:webshop@anabucevic.com\" rel=\"noopener\" data-start=\"5843\" data-end=\"5865\">webshop@anabucevic.com<\/a> u roku od 14 dana.<\/p>\t\t\t\t\t\t\t\t<\/div>\n\t\t\t\t<\/div>\n\t\t<div class=\"elementor-element elementor-element-d529f26 e-con-full e-flex e-con e-child\" data-id=\"d529f26\" data-element_type=\"container\" data-settings=\"{&quot;background_background&quot;:&quot;classic&quot;}\">\n\t\t\t\t<div class=\"elementor-element elementor-element-377e4ff8 elementor-widget elementor-widget-heading\" data-id=\"377e4ff8\" data-element_type=\"widget\" data-widget_type=\"heading.default\">\n\t\t\t\t\t<h3 class=\"elementor-heading-title elementor-size-default\">7. Kontakt<\/h3>\t\t\t\t<\/div>\n\t\t\t\t<div class=\"elementor-element elementor-element-196d9538 elementor-widget elementor-widget-text-editor\" data-id=\"196d9538\" data-element_type=\"widget\" data-widget_type=\"text-editor.default\">\n\t\t\t\t\t\t\t\t\t<p data-start=\"5907\" data-end=\"5992\">Za sva pitanja vezana uz narud\u017ebe i proizvode kontaktirajte:<br data-start=\"5967\" data-end=\"5970\" \/><a class=\"decorated-link cursor-pointer\" href=\"mailto:webshop@anabucevic.com\" rel=\"noopener\" data-start=\"5970\" data-end=\"5992\">webshop@anabucevic.com<\/a><\/p>\t\t\t\t\t\t\t\t<\/div>\n\t\t\t\t<\/div>\n\t\t<div class=\"elementor-element elementor-element-6cbb23ad e-con-full e-flex e-con e-child\" data-id=\"6cbb23ad\" data-element_type=\"container\" data-settings=\"{&quot;background_background&quot;:&quot;classic&quot;}\">\n\t\t\t\t<div class=\"elementor-element elementor-element-109a060d elementor-widget elementor-widget-heading\" data-id=\"109a060d\" data-element_type=\"widget\" data-widget_type=\"heading.default\">\n\t\t\t\t\t<h3 class=\"elementor-heading-title elementor-size-default\">8. Za\u0161tita podataka korisnika\/kupaca<\/h3>\t\t\t\t<\/div>\n\t\t\t\t<div class=\"elementor-element elementor-element-4db6c7da elementor-widget elementor-widget-text-editor\" data-id=\"4db6c7da\" data-element_type=\"widget\" data-widget_type=\"text-editor.default\">\n\t\t\t\t\t\t\t\t\t<p data-start=\"6041\" data-end=\"6197\">Web Shop Safari duha d.o.o. Split obvezuje se \u010duvati privatnost korisnika te koristiti podatke isklju\u010divo u svrhu realizacije narud\u017ebi i pobolj\u0161anja usluge.<\/p>\t\t\t\t\t\t\t\t<\/div>\n\t\t\t\t<\/div>\n\t\t\t\t\t<\/div>\n\t\t\t\t<\/div>\n\t\t\t\t<\/div>","protected":false},"excerpt":{"rendered":"<p>A\u017eurirano &#8211; SIJE\u010cANJ 2026 Uvjeti kupnje UVJETI KUPNJE PUTEM WEB SHOPA NA WWW.ANABUCEVIC.COM 1.Op\u0107e odredbe Nositelj svih prava na internet domeni www.anabucevic.com je Safari duha d.o.o. Split. Kori\u0161tenjem usluge Web [&hellip;]<\/p>","protected":false},"author":9,"featured_media":0,"parent":0,"menu_order":0,"comment_status":"closed","ping_status":"closed","template":"elementor_header_footer","meta":{"footnotes":""},"class_list":["post-6391365","page","type-page","status-publish","hentry"],"yoast_head":"<!-- This site is optimized with the Yoast SEO plugin v26.0 - https:\/\/yoast.com\/wordpress\/plugins\/seo\/ -->\n<title>Uvjeti kupnje - Ana Bu\u010devi\u0107 - STAGING<\/title>\n<meta name=\"robots\" content=\"noindex, follow, max-snippet:-1, max-image-preview:large, max-video-preview:-1\" \/>\n<meta property=\"og:locale\" content=\"en_GB\" \/>\n<meta property=\"og:type\" content=\"article\" \/>\n<meta property=\"og:title\" content=\"Uvjeti kupnje - Ana Bu\u010devi\u0107 - STAGING\" \/>\n<meta property=\"og:description\" content=\"A\u017eurirano &#8211; SIJE\u010cANJ 2026 Uvjeti kupnje UVJETI KUPNJE PUTEM WEB SHOPA NA WWW.ANABUCEVIC.COM 1.Op\u0107e odredbe Nositelj svih prava na internet domeni www.anabucevic.com je Safari duha d.o.o. Split. Kori\u0161tenjem usluge Web [&hellip;]\" \/>\n<meta property=\"og:url\" content=\"https:\/\/staging2.anabucevic.com\/en\/uvjeti-kupnje\/\" \/>\n<meta property=\"og:site_name\" content=\"Ana Bu\u010devi\u0107 - STAGING\" \/>\n<meta property=\"article:modified_time\" content=\"2026-01-18T20:09:17+00:00\" \/>\n<meta name=\"twitter:card\" content=\"summary_large_image\" \/>\n<meta name=\"twitter:label1\" content=\"Estimated reading time\" \/>\n\t<meta name=\"twitter:data1\" content=\"5 minutes\" \/>\n<script type=\"application\/ld+json\" class=\"yoast-schema-graph\">{\"@context\":\"https:\/\/schema.org\",\"@graph\":[{\"@type\":\"WebPage\",\"@id\":\"https:\/\/staging2.anabucevic.com\/uvjeti-kupnje\/\",\"url\":\"https:\/\/staging2.anabucevic.com\/uvjeti-kupnje\/\",\"name\":\"Uvjeti kupnje - Ana Bu\u010devi\u0107 - STAGING\",\"isPartOf\":{\"@id\":\"https:\/\/staging2.anabucevic.com\/en\/#website\"},\"datePublished\":\"2026-01-18T20:09:13+00:00\",\"dateModified\":\"2026-01-18T20:09:17+00:00\",\"breadcrumb\":{\"@id\":\"https:\/\/staging2.anabucevic.com\/uvjeti-kupnje\/#breadcrumb\"},\"inLanguage\":\"en-GB\",\"potentialAction\":[{\"@type\":\"ReadAction\",\"target\":[\"https:\/\/staging2.anabucevic.com\/uvjeti-kupnje\/\"]}]},{\"@type\":\"BreadcrumbList\",\"@id\":\"https:\/\/staging2.anabucevic.com\/uvjeti-kupnje\/#breadcrumb\",\"itemListElement\":[{\"@type\":\"ListItem\",\"position\":1,\"name\":\"Home\",\"item\":\"https:\/\/staging2.anabucevic.com\/en\/\"},{\"@type\":\"ListItem\",\"position\":2,\"name\":\"Uvjeti kupnje\"}]},{\"@type\":\"WebSite\",\"@id\":\"https:\/\/staging2.anabucevic.com\/en\/#website\",\"url\":\"https:\/\/staging2.anabucevic.com\/en\/\",\"name\":\"Ana Bu\u010devi\u0107 - STAGING\",\"description\":\"Budite ono \u0161to \u017eelite postati..\",\"publisher\":{\"@id\":\"https:\/\/staging2.anabucevic.com\/en\/#organization\"},\"potentialAction\":[{\"@type\":\"SearchAction\",\"target\":{\"@type\":\"EntryPoint\",\"urlTemplate\":\"https:\/\/staging2.anabucevic.com\/en\/?s={search_term_string}\"},\"query-input\":{\"@type\":\"PropertyValueSpecification\",\"valueRequired\":true,\"valueName\":\"search_term_string\"}}],\"inLanguage\":\"en-GB\"},{\"@type\":\"Organization\",\"@id\":\"https:\/\/staging2.anabucevic.com\/en\/#organization\",\"name\":\"Ana Bu\u010devi\u0107 - STAGING\",\"url\":\"https:\/\/staging2.anabucevic.com\/en\/\",\"logo\":{\"@type\":\"ImageObject\",\"inLanguage\":\"en-GB\",\"@id\":\"https:\/\/staging2.anabucevic.com\/en\/#\/schema\/logo\/image\/\",\"url\":\"\",\"contentUrl\":\"\",\"caption\":\"Ana Bu\u010devi\u0107 - STAGING\"},\"image\":{\"@id\":\"https:\/\/staging2.anabucevic.com\/en\/#\/schema\/logo\/image\/\"}}]}<\/script>\n<!-- \/ Yoast SEO plugin. -->","yoast_head_json":{"title":"Uvjeti kupnje - Ana Bu\u010devi\u0107 - STAGING","robots":{"index":"noindex","follow":"follow","max-snippet":"max-snippet:-1","max-image-preview":"max-image-preview:large","max-video-preview":"max-video-preview:-1"},"og_locale":"en_GB","og_type":"article","og_title":"Uvjeti kupnje - Ana Bu\u010devi\u0107 - STAGING","og_description":"A\u017eurirano &#8211; SIJE\u010cANJ 2026 Uvjeti kupnje UVJETI KUPNJE PUTEM WEB SHOPA NA WWW.ANABUCEVIC.COM 1.Op\u0107e odredbe Nositelj svih prava na internet domeni www.anabucevic.com je Safari duha d.o.o. Split. Kori\u0161tenjem usluge Web [&hellip;]","og_url":"https:\/\/staging2.anabucevic.com\/en\/uvjeti-kupnje\/","og_site_name":"Ana Bu\u010devi\u0107 - STAGING","article_modified_time":"2026-01-18T20:09:17+00:00","twitter_card":"summary_large_image","twitter_misc":{"Estimated reading time":"5 minutes"},"schema":{"@context":"https:\/\/schema.org","@graph":[{"@type":"WebPage","@id":"https:\/\/staging2.anabucevic.com\/uvjeti-kupnje\/","url":"https:\/\/staging2.anabucevic.com\/uvjeti-kupnje\/","name":"Uvjeti kupnje - Ana Bu\u010devi\u0107 - STAGING","isPartOf":{"@id":"https:\/\/staging2.anabucevic.com\/en\/#website"},"datePublished":"2026-01-18T20:09:13+00:00","dateModified":"2026-01-18T20:09:17+00:00","breadcrumb":{"@id":"https:\/\/staging2.anabucevic.com\/uvjeti-kupnje\/#breadcrumb"},"inLanguage":"en-GB","potentialAction":[{"@type":"ReadAction","target":["https:\/\/staging2.anabucevic.com\/uvjeti-kupnje\/"]}]},{"@type":"BreadcrumbList","@id":"https:\/\/staging2.anabucevic.com\/uvjeti-kupnje\/#breadcrumb","itemListElement":[{"@type":"ListItem","position":1,"name":"Home","item":"https:\/\/staging2.anabucevic.com\/en\/"},{"@type":"ListItem","position":2,"name":"Uvjeti kupnje"}]},{"@type":"WebSite","@id":"https:\/\/staging2.anabucevic.com\/en\/#website","url":"https:\/\/staging2.anabucevic.com\/en\/","name":"Ana Bu\u010devi\u0107 - STAGING","description":"Budite ono \u0161to \u017eelite postati..","publisher":{"@id":"https:\/\/staging2.anabucevic.com\/en\/#organization"},"potentialAction":[{"@type":"SearchAction","target":{"@type":"EntryPoint","urlTemplate":"https:\/\/staging2.anabucevic.com\/en\/?s={search_term_string}"},"query-input":{"@type":"PropertyValueSpecification","valueRequired":true,"valueName":"search_term_string"}}],"inLanguage":"en-GB"},{"@type":"Organization","@id":"https:\/\/staging2.anabucevic.com\/en\/#organization","name":"Ana Bu\u010devi\u0107 - STAGING","url":"https:\/\/staging2.anabucevic.com\/en\/","logo":{"@type":"ImageObject","inLanguage":"en-GB","@id":"https:\/\/staging2.anabucevic.com\/en\/#\/schema\/logo\/image\/","url":"","contentUrl":"","caption":"Ana Bu\u010devi\u0107 - STAGING"},"image":{"@id":"https:\/\/staging2.anabucevic.com\/en\/#\/schema\/logo\/image\/"}}]}},"_links":{"self":[{"href":"https:\/\/staging2.anabucevic.com\/en\/wp-json\/wp\/v2\/pages\/6391365","targetHints":{"allow":["GET"]}}],"collection":[{"href":"https:\/\/staging2.anabucevic.com\/en\/wp-json\/wp\/v2\/pages"}],"about":[{"href":"https:\/\/staging2.anabucevic.com\/en\/wp-json\/wp\/v2\/types\/page"}],"author":[{"embeddable":true,"href":"https:\/\/staging2.anabucevic.com\/en\/wp-json\/wp\/v2\/users\/9"}],"replies":[{"embeddable":true,"href":"https:\/\/staging2.anabucevic.com\/en\/wp-json\/wp\/v2\/comments?post=6391365"}],"version-history":[{"count":4,"href":"https:\/\/staging2.anabucevic.com\/en\/wp-json\/wp\/v2\/pages\/6391365\/revisions"}],"predecessor-version":[{"id":6391421,"href":"https:\/\/staging2.anabucevic.com\/en\/wp-json\/wp\/v2\/pages\/6391365\/revisions\/6391421"}],"wp:attachment":[{"href":"https:\/\/staging2.anabucevic.com\/en\/wp-json\/wp\/v2\/media?parent=6391365"}],"curies":[{"name":"wp","href":"https:\/\/api.w.org\/{rel}","templated":true}]}}