{"id":6391359,"date":"2026-01-18T22:09:13","date_gmt":"2026-01-18T20:09:13","guid":{"rendered":"https:\/\/staging2.anabucevic.com\/izjava-o-privatnosti\/"},"modified":"2026-01-18T22:09:17","modified_gmt":"2026-01-18T20:09:17","slug":"izjava-o-privatnosti","status":"publish","type":"page","link":"https:\/\/staging2.anabucevic.com\/en\/izjava-o-privatnosti\/","title":{"rendered":"Privacy statement"},"content":{"rendered":"<div data-elementor-type=\"wp-page\" data-elementor-id=\"6391359\" class=\"elementor elementor-6391359\" data-elementor-post-type=\"page\">\n\t\t\t\t<div class=\"elementor-element elementor-element-697e1ee2 e-flex e-con-boxed e-con e-parent\" data-id=\"697e1ee2\" data-element_type=\"container\" data-settings=\"{&quot;background_background&quot;:&quot;classic&quot;}\">\n\t\t\t\t\t<div class=\"e-con-inner\">\n\t\t\t\t<div class=\"elementor-element elementor-element-43606393 elementor-widget elementor-widget-text-editor\" data-id=\"43606393\" data-element_type=\"widget\" data-widget_type=\"text-editor.default\">\n\t\t\t\t\t\t\t\t\t<p>A\u017eurirano &#8211; SIJE\u010cANJ 2026<\/p>\t\t\t\t\t\t\t\t<\/div>\n\t\t\t\t<div class=\"elementor-element elementor-element-7b4452b6 elementor-widget elementor-widget-heading\" data-id=\"7b4452b6\" data-element_type=\"widget\" data-widget_type=\"heading.default\">\n\t\t\t\t\t<h2 class=\"elementor-heading-title elementor-size-default\">Privacy statement<\/h2>\t\t\t\t<\/div>\n\t\t\t\t<div class=\"elementor-element elementor-element-7d940ad0 elementor-widget elementor-widget-text-editor\" data-id=\"7d940ad0\" data-element_type=\"widget\" data-widget_type=\"text-editor.default\">\n\t\t\t\t\t\t\t\t\t<p data-start=\"272\" data-end=\"461\">Web Shop Safari duha d.o.o. Split obvezuje se po\u0161tivati anonimnost i privatnost korisnika Web Shopa te \u0107e podatke koristiti i obra\u0111ivati isklju\u010divo u svrhu i namjenu odre\u0111enu ovim Uvjetima.<\/p><p data-start=\"463\" data-end=\"638\">Web Shop mo\u017ee prikupljati osobne podatke korisnika, kao \u0161to su ime, adresa, OIB, telefonski broj ili e-mail adresa, isklju\u010divo ako iste korisnik dobrovoljno dostavi Web Shopu.<\/p><p data-start=\"640\" data-end=\"880\">Web Shop Safari duha d.o.o. Split nije odgovoran ni po kojoj osnovi za \u0161tetu koja mo\u017ee nastati kao posljedica nepravilnog ili neovla\u0161tenog postupanja s korisni\u010dkim podacima, ukoliko navedeni nisu u domeni Web Shopa Safari duha d.o.o. Split.<\/p><p data-start=\"882\" data-end=\"1099\">Web Shop \u0107e navedene podatke koristiti isklju\u010divo u svrhu ispunjenja ugovornih obveza te radi boljeg uvida i razumijevanja pojedina\u010dnih potreba i zahtjeva korisnika, kao i radi kvalitetnijeg pru\u017eanja usluga Web Shopa.<\/p><p data-start=\"1101\" data-end=\"1302\">Web Shop prikuplja i obra\u0111uje podatke o korisnicima koji se odnose na na\u010din uporabe Web Shopa, bez otkrivanja identiteta korisnika i\/ili osobnih podataka koji omogu\u0107uju otkrivanje identiteta korisnika.<\/p><p data-start=\"1304\" data-end=\"1579\">Web Shop Safari duha d.o.o. Split ne bilje\u017ei broj kreditne kartice korisnika\/kupaca niti pohranjuje transakcijske podatke. Za naplatu kreditnih kartica Web Shop Safari duha d.o.o. Split koristi usluge tre\u0107e strane i ovla\u0161tene banke koja enkripcijom \u0161titi povjerljive podatke.<\/p>\t\t\t\t\t\t\t\t<\/div>\n\t\t\t\t\t<\/div>\n\t\t\t\t<\/div>\n\t\t<div class=\"elementor-element elementor-element-16fb3bb5 e-flex e-con-boxed e-con e-parent\" data-id=\"16fb3bb5\" data-element_type=\"container\" data-settings=\"{&quot;background_background&quot;:&quot;classic&quot;}\">\n\t\t\t\t\t<div class=\"e-con-inner\">\n\t\t\t\t<div class=\"elementor-element elementor-element-41e783a4 elementor-widget elementor-widget-heading\" data-id=\"41e783a4\" data-element_type=\"widget\" data-widget_type=\"heading.default\">\n\t\t\t\t\t<h3 class=\"elementor-heading-title elementor-size-default\">Statement on the protection and collection of personal data and their use:<\/h3>\t\t\t\t<\/div>\n\t\t\t\t<div class=\"elementor-element elementor-element-1aa06ad9 elementor-widget elementor-widget-text-editor\" data-id=\"1aa06ad9\" data-element_type=\"widget\" data-widget_type=\"text-editor.default\">\n\t\t\t\t\t\t\t\t\t<p data-start=\"1662\" data-end=\"1859\">Safari duha d.o.o. Split obvezuje se pru\u017eati za\u0161titu osobnim podacima kupaca na na\u010din da prikuplja samo nu\u017ene, osnovne podatke o kupcima\/korisnicima koji su potrebni za ispunjenje ugovornih obveza.<\/p><p data-start=\"1861\" data-end=\"2113\">Kupci su informirani o na\u010dinu kori\u0161tenja prikupljenih podataka, a redovito im se omogu\u0107uje izbor o upotrebi njihovih osobnih podataka, uklju\u010duju\u0107i mogu\u0107nost odluke \u017eele li ili ne da se njihovo ime ukloni s lista koje se koriste za marketin\u0161ke kampanje.<\/p><p data-start=\"2115\" data-end=\"2352\">Svi podaci o korisnicima strogo se \u010duvaju i dostupni su isklju\u010divo djelatnicima kojima su nu\u017eni za obavljanje posla. Svi djelatnici Safari duha d.o.o. Split, kao i poslovni partneri, odgovorni su za po\u0161tivanje na\u010dela za\u0161tite privatnosti.<\/p>\t\t\t\t\t\t\t\t<\/div>\n\t\t\t\t\t<\/div>\n\t\t\t\t<\/div>\n\t\t\t\t<\/div>","protected":false},"excerpt":{"rendered":"<p>A\u017eurirano &#8211; SIJE\u010cANJ 2026 Izjava o privatnosti Web Shop Safari duha d.o.o. Split obvezuje se po\u0161tivati anonimnost i privatnost korisnika Web Shopa te \u0107e podatke koristiti i obra\u0111ivati isklju\u010divo u [&hellip;]<\/p>","protected":false},"author":9,"featured_media":0,"parent":0,"menu_order":0,"comment_status":"closed","ping_status":"closed","template":"","meta":{"footnotes":""},"class_list":["post-6391359","page","type-page","status-publish","hentry"],"yoast_head":"<!-- This site is optimized with the Yoast SEO plugin v26.0 - https:\/\/yoast.com\/wordpress\/plugins\/seo\/ -->\n<title>Izjava o privatnosti - Ana Bu\u010devi\u0107 - STAGING<\/title>\n<meta name=\"robots\" content=\"noindex, follow, max-snippet:-1, max-image-preview:large, max-video-preview:-1\" \/>\n<meta property=\"og:locale\" content=\"en_GB\" \/>\n<meta property=\"og:type\" content=\"article\" \/>\n<meta property=\"og:title\" content=\"Izjava o privatnosti - Ana Bu\u010devi\u0107 - STAGING\" \/>\n<meta property=\"og:description\" content=\"A\u017eurirano &#8211; SIJE\u010cANJ 2026 Izjava o privatnosti Web Shop Safari duha d.o.o. Split obvezuje se po\u0161tivati anonimnost i privatnost korisnika Web Shopa te \u0107e podatke koristiti i obra\u0111ivati isklju\u010divo u [&hellip;]\" \/>\n<meta property=\"og:url\" content=\"https:\/\/staging2.anabucevic.com\/en\/izjava-o-privatnosti\/\" \/>\n<meta property=\"og:site_name\" content=\"Ana Bu\u010devi\u0107 - STAGING\" \/>\n<meta property=\"article:modified_time\" content=\"2026-01-18T20:09:17+00:00\" \/>\n<meta name=\"twitter:card\" content=\"summary_large_image\" \/>\n<meta name=\"twitter:label1\" content=\"Estimated reading time\" \/>\n\t<meta name=\"twitter:data1\" content=\"2 minutes\" \/>\n<script type=\"application\/ld+json\" class=\"yoast-schema-graph\">{\"@context\":\"https:\/\/schema.org\",\"@graph\":[{\"@type\":\"WebPage\",\"@id\":\"https:\/\/staging2.anabucevic.com\/izjava-o-privatnosti\/\",\"url\":\"https:\/\/staging2.anabucevic.com\/izjava-o-privatnosti\/\",\"name\":\"Izjava o privatnosti - Ana Bu\u010devi\u0107 - STAGING\",\"isPartOf\":{\"@id\":\"https:\/\/staging2.anabucevic.com\/en\/#website\"},\"datePublished\":\"2026-01-18T20:09:13+00:00\",\"dateModified\":\"2026-01-18T20:09:17+00:00\",\"breadcrumb\":{\"@id\":\"https:\/\/staging2.anabucevic.com\/izjava-o-privatnosti\/#breadcrumb\"},\"inLanguage\":\"en-GB\",\"potentialAction\":[{\"@type\":\"ReadAction\",\"target\":[\"https:\/\/staging2.anabucevic.com\/izjava-o-privatnosti\/\"]}]},{\"@type\":\"BreadcrumbList\",\"@id\":\"https:\/\/staging2.anabucevic.com\/izjava-o-privatnosti\/#breadcrumb\",\"itemListElement\":[{\"@type\":\"ListItem\",\"position\":1,\"name\":\"Home\",\"item\":\"https:\/\/staging2.anabucevic.com\/en\/\"},{\"@type\":\"ListItem\",\"position\":2,\"name\":\"Izjava o privatnosti\"}]},{\"@type\":\"WebSite\",\"@id\":\"https:\/\/staging2.anabucevic.com\/en\/#website\",\"url\":\"https:\/\/staging2.anabucevic.com\/en\/\",\"name\":\"Ana Bu\u010devi\u0107 - STAGING\",\"description\":\"Budite ono \u0161to \u017eelite postati..\",\"publisher\":{\"@id\":\"https:\/\/staging2.anabucevic.com\/en\/#organization\"},\"potentialAction\":[{\"@type\":\"SearchAction\",\"target\":{\"@type\":\"EntryPoint\",\"urlTemplate\":\"https:\/\/staging2.anabucevic.com\/en\/?s={search_term_string}\"},\"query-input\":{\"@type\":\"PropertyValueSpecification\",\"valueRequired\":true,\"valueName\":\"search_term_string\"}}],\"inLanguage\":\"en-GB\"},{\"@type\":\"Organization\",\"@id\":\"https:\/\/staging2.anabucevic.com\/en\/#organization\",\"name\":\"Ana Bu\u010devi\u0107 - STAGING\",\"url\":\"https:\/\/staging2.anabucevic.com\/en\/\",\"logo\":{\"@type\":\"ImageObject\",\"inLanguage\":\"en-GB\",\"@id\":\"https:\/\/staging2.anabucevic.com\/en\/#\/schema\/logo\/image\/\",\"url\":\"\",\"contentUrl\":\"\",\"caption\":\"Ana Bu\u010devi\u0107 - STAGING\"},\"image\":{\"@id\":\"https:\/\/staging2.anabucevic.com\/en\/#\/schema\/logo\/image\/\"}}]}<\/script>\n<!-- \/ Yoast SEO plugin. -->","yoast_head_json":{"title":"Izjava o privatnosti - Ana Bu\u010devi\u0107 - STAGING","robots":{"index":"noindex","follow":"follow","max-snippet":"max-snippet:-1","max-image-preview":"max-image-preview:large","max-video-preview":"max-video-preview:-1"},"og_locale":"en_GB","og_type":"article","og_title":"Izjava o privatnosti - Ana Bu\u010devi\u0107 - STAGING","og_description":"A\u017eurirano &#8211; SIJE\u010cANJ 2026 Izjava o privatnosti Web Shop Safari duha d.o.o. Split obvezuje se po\u0161tivati anonimnost i privatnost korisnika Web Shopa te \u0107e podatke koristiti i obra\u0111ivati isklju\u010divo u [&hellip;]","og_url":"https:\/\/staging2.anabucevic.com\/en\/izjava-o-privatnosti\/","og_site_name":"Ana Bu\u010devi\u0107 - STAGING","article_modified_time":"2026-01-18T20:09:17+00:00","twitter_card":"summary_large_image","twitter_misc":{"Estimated reading time":"2 minutes"},"schema":{"@context":"https:\/\/schema.org","@graph":[{"@type":"WebPage","@id":"https:\/\/staging2.anabucevic.com\/izjava-o-privatnosti\/","url":"https:\/\/staging2.anabucevic.com\/izjava-o-privatnosti\/","name":"Izjava o privatnosti - Ana Bu\u010devi\u0107 - STAGING","isPartOf":{"@id":"https:\/\/staging2.anabucevic.com\/en\/#website"},"datePublished":"2026-01-18T20:09:13+00:00","dateModified":"2026-01-18T20:09:17+00:00","breadcrumb":{"@id":"https:\/\/staging2.anabucevic.com\/izjava-o-privatnosti\/#breadcrumb"},"inLanguage":"en-GB","potentialAction":[{"@type":"ReadAction","target":["https:\/\/staging2.anabucevic.com\/izjava-o-privatnosti\/"]}]},{"@type":"BreadcrumbList","@id":"https:\/\/staging2.anabucevic.com\/izjava-o-privatnosti\/#breadcrumb","itemListElement":[{"@type":"ListItem","position":1,"name":"Home","item":"https:\/\/staging2.anabucevic.com\/en\/"},{"@type":"ListItem","position":2,"name":"Izjava o privatnosti"}]},{"@type":"WebSite","@id":"https:\/\/staging2.anabucevic.com\/en\/#website","url":"https:\/\/staging2.anabucevic.com\/en\/","name":"Ana Bu\u010devi\u0107 - STAGING","description":"Budite ono \u0161to \u017eelite postati..","publisher":{"@id":"https:\/\/staging2.anabucevic.com\/en\/#organization"},"potentialAction":[{"@type":"SearchAction","target":{"@type":"EntryPoint","urlTemplate":"https:\/\/staging2.anabucevic.com\/en\/?s={search_term_string}"},"query-input":{"@type":"PropertyValueSpecification","valueRequired":true,"valueName":"search_term_string"}}],"inLanguage":"en-GB"},{"@type":"Organization","@id":"https:\/\/staging2.anabucevic.com\/en\/#organization","name":"Ana Bu\u010devi\u0107 - STAGING","url":"https:\/\/staging2.anabucevic.com\/en\/","logo":{"@type":"ImageObject","inLanguage":"en-GB","@id":"https:\/\/staging2.anabucevic.com\/en\/#\/schema\/logo\/image\/","url":"","contentUrl":"","caption":"Ana Bu\u010devi\u0107 - STAGING"},"image":{"@id":"https:\/\/staging2.anabucevic.com\/en\/#\/schema\/logo\/image\/"}}]}},"_links":{"self":[{"href":"https:\/\/staging2.anabucevic.com\/en\/wp-json\/wp\/v2\/pages\/6391359","targetHints":{"allow":["GET"]}}],"collection":[{"href":"https:\/\/staging2.anabucevic.com\/en\/wp-json\/wp\/v2\/pages"}],"about":[{"href":"https:\/\/staging2.anabucevic.com\/en\/wp-json\/wp\/v2\/types\/page"}],"author":[{"embeddable":true,"href":"https:\/\/staging2.anabucevic.com\/en\/wp-json\/wp\/v2\/users\/9"}],"replies":[{"embeddable":true,"href":"https:\/\/staging2.anabucevic.com\/en\/wp-json\/wp\/v2\/comments?post=6391359"}],"version-history":[{"count":4,"href":"https:\/\/staging2.anabucevic.com\/en\/wp-json\/wp\/v2\/pages\/6391359\/revisions"}],"predecessor-version":[{"id":6391417,"href":"https:\/\/staging2.anabucevic.com\/en\/wp-json\/wp\/v2\/pages\/6391359\/revisions\/6391417"}],"wp:attachment":[{"href":"https:\/\/staging2.anabucevic.com\/en\/wp-json\/wp\/v2\/media?parent=6391359"}],"curies":[{"name":"wp","href":"https:\/\/api.w.org\/{rel}","templated":true}]}}