{"id":6391013,"date":"2026-01-18T21:40:21","date_gmt":"2026-01-18T19:40:21","guid":{"rendered":"http:\/\/inkman007"},"modified":"2026-01-18T21:40:21","modified_gmt":"2026-01-18T19:40:21","slug":"u-vortexu-ostvarenih-zelja-dvd-audio-cd-2","status":"publish","type":"product","link":"http:\/\/staging2.anabucevic.com\/en\/product\/u-vortexu-ostvarenih-zelja-dvd-audio-cd-2\/","title":{"rendered":"In the vortex of fulfilled wishes \u2013 DVD audio CD mp3"},"content":{"rendered":"","protected":false},"excerpt":{"rendered":"<p><strong>1.650,00 RSD<\/strong><\/p>\n<p>This DVD is in a format suitable for listening on a computer. (MP3 Format)<\/p>\n<p>DVD AUDIO CD<br \/>\nDo we know who we really are? And what is life? When we remember a law that they forgot to teach us about in school, everything takes on a completely different meaning. It is the law of attraction, which is there and works. ALWAYS. The only question is whether we are aware of it or not. We are all creators of our own lives, but someone creates consciously and someone unconsciously. We have all been given a gift to know if we are on the right path or if we have deviated a little from it. The received gifts are our emotions. They are our guide and indicator of our thoughts, which are creative. Emotions tell us what our thoughts are and what we will attract into our lives<\/p>\n<p><span style=\"color: red;\">\u00a0<\/span><\/p>","protected":false},"featured_media":6338920,"template":"","meta":[],"product_cat":[18],"product_tag":[],"class_list":["post-6391013","product","type-product","status-publish","has-post-thumbnail","hentry","product_cat-knjige-i-ostalo"],"yoast_head":"<!-- This site is optimized with the Yoast SEO plugin v26.0 - https:\/\/yoast.com\/wordpress\/plugins\/seo\/ -->\n<title>U vortexu ostvarenih \u017eelja - DVD Audio CD mp3 - Ana Bu\u010devi\u0107 - STAGING<\/title>\n<meta name=\"robots\" content=\"noindex, follow, max-snippet:-1, max-image-preview:large, max-video-preview:-1\" \/>\n<meta property=\"og:locale\" content=\"en_GB\" \/>\n<meta property=\"og:type\" content=\"article\" \/>\n<meta property=\"og:title\" content=\"U vortexu ostvarenih \u017eelja - DVD Audio CD mp3 - Ana Bu\u010devi\u0107 - STAGING\" \/>\n<meta property=\"og:description\" content=\"1.650,00 RSD Ovaj DVD je u formatu prikladnom za slu\u0161anje na ra\u010dunalu. (MP3 Format) DVD AUDIO CD Znamo li tko smo zapravo mi? I \u0161to je \u017eivot? Kada se podsjetimo jednog zakona o kojem su nas zaboravili u\u010diti u \u0161koli, sve poprima posve drugi smisao. To je Zakon privla\u010denja, koji je tu i djeluje. UVIJEK. Samo je pitanje jesmo li toga svjesni ili ne. Svi smo mi kreatori vlastitih \u017eivota, samo netko kreira svjesno, a netko nesvjesno. Svi smo dobili dar po kojem \u0107emo znati jesmo li na dobrom putu ili smo malo skrenuli s njega. Dobiveni dar su na\u0161e emocije. One su na\u0161 vodi\u010d i pokazatelj na\u0161ih misli, koje su kreativne. Emocije nam govore kakve su nam misli i \u0161to \u0107emo privu\u0107i u svoj \u017eivot. \u00a0\" \/>\n<meta property=\"og:url\" content=\"http:\/\/staging2.anabucevic.com\/en\/product\/u-vortexu-ostvarenih-zelja-dvd-audio-cd-2\/\" \/>\n<meta property=\"og:site_name\" content=\"Ana Bu\u010devi\u0107 - STAGING\" \/>\n<meta property=\"og:image\" content=\"http:\/\/staging2.anabucevic.com\/wp-content\/uploads\/2019\/01\/cd2.jpg\" \/>\n\t<meta property=\"og:image:width\" content=\"1600\" \/>\n\t<meta property=\"og:image:height\" content=\"1600\" \/>\n\t<meta property=\"og:image:type\" content=\"image\/jpeg\" \/>\n<meta name=\"twitter:card\" content=\"summary_large_image\" \/>\n<script type=\"application\/ld+json\" class=\"yoast-schema-graph\">{\"@context\":\"https:\/\/schema.org\",\"@graph\":[{\"@type\":\"WebPage\",\"@id\":\"http:\/\/staging2.anabucevic.com\/product\/u-vortexu-ostvarenih-zelja-dvd-audio-cd-2\/\",\"url\":\"http:\/\/staging2.anabucevic.com\/product\/u-vortexu-ostvarenih-zelja-dvd-audio-cd-2\/\",\"name\":\"U vortexu ostvarenih \u017eelja - DVD Audio CD mp3 - Ana Bu\u010devi\u0107 - STAGING\",\"isPartOf\":{\"@id\":\"https:\/\/staging2.anabucevic.com\/en\/#website\"},\"primaryImageOfPage\":{\"@id\":\"http:\/\/staging2.anabucevic.com\/product\/u-vortexu-ostvarenih-zelja-dvd-audio-cd-2\/#primaryimage\"},\"image\":{\"@id\":\"http:\/\/staging2.anabucevic.com\/product\/u-vortexu-ostvarenih-zelja-dvd-audio-cd-2\/#primaryimage\"},\"thumbnailUrl\":\"http:\/\/staging2.anabucevic.com\/wp-content\/uploads\/2019\/01\/cd2.jpg\",\"datePublished\":\"2026-01-18T19:40:21+00:00\",\"breadcrumb\":{\"@id\":\"http:\/\/staging2.anabucevic.com\/product\/u-vortexu-ostvarenih-zelja-dvd-audio-cd-2\/#breadcrumb\"},\"inLanguage\":\"en-GB\",\"potentialAction\":[{\"@type\":\"ReadAction\",\"target\":[\"http:\/\/staging2.anabucevic.com\/product\/u-vortexu-ostvarenih-zelja-dvd-audio-cd-2\/\"]}]},{\"@type\":\"ImageObject\",\"inLanguage\":\"en-GB\",\"@id\":\"http:\/\/staging2.anabucevic.com\/product\/u-vortexu-ostvarenih-zelja-dvd-audio-cd-2\/#primaryimage\",\"url\":\"http:\/\/staging2.anabucevic.com\/wp-content\/uploads\/2019\/01\/cd2.jpg\",\"contentUrl\":\"http:\/\/staging2.anabucevic.com\/wp-content\/uploads\/2019\/01\/cd2.jpg\",\"width\":1600,\"height\":1600},{\"@type\":\"BreadcrumbList\",\"@id\":\"http:\/\/staging2.anabucevic.com\/product\/u-vortexu-ostvarenih-zelja-dvd-audio-cd-2\/#breadcrumb\",\"itemListElement\":[{\"@type\":\"ListItem\",\"position\":1,\"name\":\"Home\",\"item\":\"https:\/\/staging2.anabucevic.com\/en\/\"},{\"@type\":\"ListItem\",\"position\":2,\"name\":\"Products\",\"item\":\"https:\/\/staging2.anabucevic.com\/shop\/\"},{\"@type\":\"ListItem\",\"position\":3,\"name\":\"U vortexu ostvarenih \u017eelja &#8211; DVD Audio CD mp3\"}]},{\"@type\":\"WebSite\",\"@id\":\"https:\/\/staging2.anabucevic.com\/en\/#website\",\"url\":\"https:\/\/staging2.anabucevic.com\/en\/\",\"name\":\"Ana Bu\u010devi\u0107 - STAGING\",\"description\":\"Budite ono \u0161to \u017eelite postati..\",\"publisher\":{\"@id\":\"https:\/\/staging2.anabucevic.com\/en\/#organization\"},\"potentialAction\":[{\"@type\":\"SearchAction\",\"target\":{\"@type\":\"EntryPoint\",\"urlTemplate\":\"https:\/\/staging2.anabucevic.com\/en\/?s={search_term_string}\"},\"query-input\":{\"@type\":\"PropertyValueSpecification\",\"valueRequired\":true,\"valueName\":\"search_term_string\"}}],\"inLanguage\":\"en-GB\"},{\"@type\":\"Organization\",\"@id\":\"https:\/\/staging2.anabucevic.com\/en\/#organization\",\"name\":\"Ana Bu\u010devi\u0107 - STAGING\",\"url\":\"https:\/\/staging2.anabucevic.com\/en\/\",\"logo\":{\"@type\":\"ImageObject\",\"inLanguage\":\"en-GB\",\"@id\":\"https:\/\/staging2.anabucevic.com\/en\/#\/schema\/logo\/image\/\",\"url\":\"\",\"contentUrl\":\"\",\"caption\":\"Ana Bu\u010devi\u0107 - STAGING\"},\"image\":{\"@id\":\"https:\/\/staging2.anabucevic.com\/en\/#\/schema\/logo\/image\/\"}}]}<\/script>\n<!-- \/ Yoast SEO plugin. -->","yoast_head_json":{"title":"U vortexu ostvarenih \u017eelja - DVD Audio CD mp3 - Ana Bu\u010devi\u0107 - STAGING","robots":{"index":"noindex","follow":"follow","max-snippet":"max-snippet:-1","max-image-preview":"max-image-preview:large","max-video-preview":"max-video-preview:-1"},"og_locale":"en_GB","og_type":"article","og_title":"U vortexu ostvarenih \u017eelja - DVD Audio CD mp3 - Ana Bu\u010devi\u0107 - STAGING","og_description":"1.650,00 RSD Ovaj DVD je u formatu prikladnom za slu\u0161anje na ra\u010dunalu. (MP3 Format) DVD AUDIO CD Znamo li tko smo zapravo mi? I \u0161to je \u017eivot? Kada se podsjetimo jednog zakona o kojem su nas zaboravili u\u010diti u \u0161koli, sve poprima posve drugi smisao. To je Zakon privla\u010denja, koji je tu i djeluje. UVIJEK. Samo je pitanje jesmo li toga svjesni ili ne. Svi smo mi kreatori vlastitih \u017eivota, samo netko kreira svjesno, a netko nesvjesno. Svi smo dobili dar po kojem \u0107emo znati jesmo li na dobrom putu ili smo malo skrenuli s njega. Dobiveni dar su na\u0161e emocije. One su na\u0161 vodi\u010d i pokazatelj na\u0161ih misli, koje su kreativne. Emocije nam govore kakve su nam misli i \u0161to \u0107emo privu\u0107i u svoj \u017eivot. \u00a0","og_url":"http:\/\/staging2.anabucevic.com\/en\/product\/u-vortexu-ostvarenih-zelja-dvd-audio-cd-2\/","og_site_name":"Ana Bu\u010devi\u0107 - STAGING","og_image":[{"width":1600,"height":1600,"url":"http:\/\/staging2.anabucevic.com\/wp-content\/uploads\/2019\/01\/cd2.jpg","type":"image\/jpeg"}],"twitter_card":"summary_large_image","schema":{"@context":"https:\/\/schema.org","@graph":[{"@type":"WebPage","@id":"http:\/\/staging2.anabucevic.com\/product\/u-vortexu-ostvarenih-zelja-dvd-audio-cd-2\/","url":"http:\/\/staging2.anabucevic.com\/product\/u-vortexu-ostvarenih-zelja-dvd-audio-cd-2\/","name":"U vortexu ostvarenih \u017eelja - DVD Audio CD mp3 - Ana Bu\u010devi\u0107 - STAGING","isPartOf":{"@id":"https:\/\/staging2.anabucevic.com\/en\/#website"},"primaryImageOfPage":{"@id":"http:\/\/staging2.anabucevic.com\/product\/u-vortexu-ostvarenih-zelja-dvd-audio-cd-2\/#primaryimage"},"image":{"@id":"http:\/\/staging2.anabucevic.com\/product\/u-vortexu-ostvarenih-zelja-dvd-audio-cd-2\/#primaryimage"},"thumbnailUrl":"http:\/\/staging2.anabucevic.com\/wp-content\/uploads\/2019\/01\/cd2.jpg","datePublished":"2026-01-18T19:40:21+00:00","breadcrumb":{"@id":"http:\/\/staging2.anabucevic.com\/product\/u-vortexu-ostvarenih-zelja-dvd-audio-cd-2\/#breadcrumb"},"inLanguage":"en-GB","potentialAction":[{"@type":"ReadAction","target":["http:\/\/staging2.anabucevic.com\/product\/u-vortexu-ostvarenih-zelja-dvd-audio-cd-2\/"]}]},{"@type":"ImageObject","inLanguage":"en-GB","@id":"http:\/\/staging2.anabucevic.com\/product\/u-vortexu-ostvarenih-zelja-dvd-audio-cd-2\/#primaryimage","url":"http:\/\/staging2.anabucevic.com\/wp-content\/uploads\/2019\/01\/cd2.jpg","contentUrl":"http:\/\/staging2.anabucevic.com\/wp-content\/uploads\/2019\/01\/cd2.jpg","width":1600,"height":1600},{"@type":"BreadcrumbList","@id":"http:\/\/staging2.anabucevic.com\/product\/u-vortexu-ostvarenih-zelja-dvd-audio-cd-2\/#breadcrumb","itemListElement":[{"@type":"ListItem","position":1,"name":"Home","item":"https:\/\/staging2.anabucevic.com\/en\/"},{"@type":"ListItem","position":2,"name":"Products","item":"https:\/\/staging2.anabucevic.com\/shop\/"},{"@type":"ListItem","position":3,"name":"U vortexu ostvarenih \u017eelja &#8211; DVD Audio CD mp3"}]},{"@type":"WebSite","@id":"https:\/\/staging2.anabucevic.com\/en\/#website","url":"https:\/\/staging2.anabucevic.com\/en\/","name":"Ana Bu\u010devi\u0107 - STAGING","description":"Budite ono \u0161to \u017eelite postati..","publisher":{"@id":"https:\/\/staging2.anabucevic.com\/en\/#organization"},"potentialAction":[{"@type":"SearchAction","target":{"@type":"EntryPoint","urlTemplate":"https:\/\/staging2.anabucevic.com\/en\/?s={search_term_string}"},"query-input":{"@type":"PropertyValueSpecification","valueRequired":true,"valueName":"search_term_string"}}],"inLanguage":"en-GB"},{"@type":"Organization","@id":"https:\/\/staging2.anabucevic.com\/en\/#organization","name":"Ana Bu\u010devi\u0107 - STAGING","url":"https:\/\/staging2.anabucevic.com\/en\/","logo":{"@type":"ImageObject","inLanguage":"en-GB","@id":"https:\/\/staging2.anabucevic.com\/en\/#\/schema\/logo\/image\/","url":"","contentUrl":"","caption":"Ana Bu\u010devi\u0107 - STAGING"},"image":{"@id":"https:\/\/staging2.anabucevic.com\/en\/#\/schema\/logo\/image\/"}}]}},"_links":{"self":[{"href":"http:\/\/staging2.anabucevic.com\/en\/wp-json\/wp\/v2\/product\/6391013","targetHints":{"allow":["GET"]}}],"collection":[{"href":"http:\/\/staging2.anabucevic.com\/en\/wp-json\/wp\/v2\/product"}],"about":[{"href":"http:\/\/staging2.anabucevic.com\/en\/wp-json\/wp\/v2\/types\/product"}],"wp:featuredmedia":[{"embeddable":true,"href":"http:\/\/staging2.anabucevic.com\/en\/wp-json\/wp\/v2\/media\/6338920"}],"wp:attachment":[{"href":"http:\/\/staging2.anabucevic.com\/en\/wp-json\/wp\/v2\/media?parent=6391013"}],"wp:term":[{"taxonomy":"product_cat","embeddable":true,"href":"http:\/\/staging2.anabucevic.com\/en\/wp-json\/wp\/v2\/product_cat?post=6391013"},{"taxonomy":"product_tag","embeddable":true,"href":"http:\/\/staging2.anabucevic.com\/en\/wp-json\/wp\/v2\/product_tag?post=6391013"}],"curies":[{"name":"wp","href":"https:\/\/api.w.org\/{rel}","templated":true}]}}