{"id":6391003,"date":"2026-01-18T21:40:21","date_gmt":"2026-01-18T19:40:21","guid":{"rendered":"http:\/\/inkman007"},"modified":"2026-01-18T21:40:21","modified_gmt":"2026-01-18T19:40:21","slug":"inspiracijske-kartice-by-ana-bucevic-mudrost-motivacija-2","status":"publish","type":"product","link":"http:\/\/staging2.anabucevic.com\/en\/product\/inspiracijske-kartice-by-ana-bucevic-mudrost-motivacija-2\/","title":{"rendered":"INSPIRATION CARDS by ANA BU\u010cEVI\u0106 \u2013 Wisdom &amp; Motivation"},"content":{"rendered":"","protected":false},"excerpt":{"rendered":"<p><strong>2.400,00 RSD<\/strong><\/p>\n<p>The inspiration cards are of a new, smaller format.<\/p>\n<p>These inspirational cards were designed by Ana Bu\u010devi\u0107. Each pack contains 31 cards with two different themes. The purpose of these cards is to give you a guiding thought in your day and that, by reading and repeating them every day, you change beliefs that do not serve you into beliefs that will create your new and wonderful reality...<\/p>","protected":false},"featured_media":6338915,"template":"","meta":[],"product_cat":[18],"product_tag":[],"class_list":["post-6391003","product","type-product","status-publish","has-post-thumbnail","hentry","product_cat-knjige-i-ostalo"],"yoast_head":"<!-- This site is optimized with the Yoast SEO plugin v26.0 - https:\/\/yoast.com\/wordpress\/plugins\/seo\/ -->\n<title>INSPIRACIJSKE KARTICE by ANA BU\u010cEVI\u0106 - Mudrost &amp; Motivacija - Ana Bu\u010devi\u0107 - STAGING<\/title>\n<meta name=\"robots\" content=\"noindex, follow, max-snippet:-1, max-image-preview:large, max-video-preview:-1\" \/>\n<meta property=\"og:locale\" content=\"en_GB\" \/>\n<meta property=\"og:type\" content=\"article\" \/>\n<meta property=\"og:title\" content=\"INSPIRACIJSKE KARTICE by ANA BU\u010cEVI\u0106 - Mudrost &amp; Motivacija - Ana Bu\u010devi\u0107 - STAGING\" \/>\n<meta property=\"og:description\" content=\"2.400,00 RSD Inspiracijske kartice su novog manjeg formata. Ove inspiracijske kartice osmislila je Ana Bu\u010devi\u0107. U ovom pakiranju nalazi se 31 kartica sa dvije razli\u010dite teme. Svrha ovih kartica jest da vam budu u danu misao vodilja i da, \u010ditaju\u0107i ih i ponavljaju\u0107i ih svakoga dana, mijenjate uvjerenja koja vam ne slu\u017ee u uvjerenja koja \u0107e kreirati va\u0161u novu i predivnu realnost...\" \/>\n<meta property=\"og:url\" content=\"http:\/\/staging2.anabucevic.com\/en\/product\/inspiracijske-kartice-by-ana-bucevic-mudrost-motivacija-2\/\" \/>\n<meta property=\"og:site_name\" content=\"Ana Bu\u010devi\u0107 - STAGING\" \/>\n<meta property=\"og:image\" content=\"http:\/\/staging2.anabucevic.com\/wp-content\/uploads\/2019\/01\/IK-ob4.jpg\" \/>\n\t<meta property=\"og:image:width\" content=\"1600\" \/>\n\t<meta property=\"og:image:height\" content=\"1600\" \/>\n\t<meta property=\"og:image:type\" content=\"image\/jpeg\" \/>\n<meta name=\"twitter:card\" content=\"summary_large_image\" \/>\n<script type=\"application\/ld+json\" class=\"yoast-schema-graph\">{\"@context\":\"https:\/\/schema.org\",\"@graph\":[{\"@type\":\"WebPage\",\"@id\":\"http:\/\/staging2.anabucevic.com\/product\/inspiracijske-kartice-by-ana-bucevic-mudrost-motivacija-2\/\",\"url\":\"http:\/\/staging2.anabucevic.com\/product\/inspiracijske-kartice-by-ana-bucevic-mudrost-motivacija-2\/\",\"name\":\"INSPIRACIJSKE KARTICE by ANA BU\u010cEVI\u0106 - Mudrost & Motivacija - Ana Bu\u010devi\u0107 - STAGING\",\"isPartOf\":{\"@id\":\"https:\/\/staging2.anabucevic.com\/en\/#website\"},\"primaryImageOfPage\":{\"@id\":\"http:\/\/staging2.anabucevic.com\/product\/inspiracijske-kartice-by-ana-bucevic-mudrost-motivacija-2\/#primaryimage\"},\"image\":{\"@id\":\"http:\/\/staging2.anabucevic.com\/product\/inspiracijske-kartice-by-ana-bucevic-mudrost-motivacija-2\/#primaryimage\"},\"thumbnailUrl\":\"http:\/\/staging2.anabucevic.com\/wp-content\/uploads\/2019\/01\/IK-ob4.jpg\",\"datePublished\":\"2026-01-18T19:40:21+00:00\",\"breadcrumb\":{\"@id\":\"http:\/\/staging2.anabucevic.com\/product\/inspiracijske-kartice-by-ana-bucevic-mudrost-motivacija-2\/#breadcrumb\"},\"inLanguage\":\"en-GB\",\"potentialAction\":[{\"@type\":\"ReadAction\",\"target\":[\"http:\/\/staging2.anabucevic.com\/product\/inspiracijske-kartice-by-ana-bucevic-mudrost-motivacija-2\/\"]}]},{\"@type\":\"ImageObject\",\"inLanguage\":\"en-GB\",\"@id\":\"http:\/\/staging2.anabucevic.com\/product\/inspiracijske-kartice-by-ana-bucevic-mudrost-motivacija-2\/#primaryimage\",\"url\":\"http:\/\/staging2.anabucevic.com\/wp-content\/uploads\/2019\/01\/IK-ob4.jpg\",\"contentUrl\":\"http:\/\/staging2.anabucevic.com\/wp-content\/uploads\/2019\/01\/IK-ob4.jpg\",\"width\":1600,\"height\":1600},{\"@type\":\"BreadcrumbList\",\"@id\":\"http:\/\/staging2.anabucevic.com\/product\/inspiracijske-kartice-by-ana-bucevic-mudrost-motivacija-2\/#breadcrumb\",\"itemListElement\":[{\"@type\":\"ListItem\",\"position\":1,\"name\":\"Home\",\"item\":\"https:\/\/staging2.anabucevic.com\/en\/\"},{\"@type\":\"ListItem\",\"position\":2,\"name\":\"Products\",\"item\":\"https:\/\/staging2.anabucevic.com\/shop\/\"},{\"@type\":\"ListItem\",\"position\":3,\"name\":\"INSPIRACIJSKE KARTICE by ANA BU\u010cEVI\u0106 &#8211; Mudrost &#038; Motivacija\"}]},{\"@type\":\"WebSite\",\"@id\":\"https:\/\/staging2.anabucevic.com\/en\/#website\",\"url\":\"https:\/\/staging2.anabucevic.com\/en\/\",\"name\":\"Ana Bu\u010devi\u0107 - STAGING\",\"description\":\"Budite ono \u0161to \u017eelite postati..\",\"publisher\":{\"@id\":\"https:\/\/staging2.anabucevic.com\/en\/#organization\"},\"potentialAction\":[{\"@type\":\"SearchAction\",\"target\":{\"@type\":\"EntryPoint\",\"urlTemplate\":\"https:\/\/staging2.anabucevic.com\/en\/?s={search_term_string}\"},\"query-input\":{\"@type\":\"PropertyValueSpecification\",\"valueRequired\":true,\"valueName\":\"search_term_string\"}}],\"inLanguage\":\"en-GB\"},{\"@type\":\"Organization\",\"@id\":\"https:\/\/staging2.anabucevic.com\/en\/#organization\",\"name\":\"Ana Bu\u010devi\u0107 - STAGING\",\"url\":\"https:\/\/staging2.anabucevic.com\/en\/\",\"logo\":{\"@type\":\"ImageObject\",\"inLanguage\":\"en-GB\",\"@id\":\"https:\/\/staging2.anabucevic.com\/en\/#\/schema\/logo\/image\/\",\"url\":\"\",\"contentUrl\":\"\",\"caption\":\"Ana Bu\u010devi\u0107 - STAGING\"},\"image\":{\"@id\":\"https:\/\/staging2.anabucevic.com\/en\/#\/schema\/logo\/image\/\"}}]}<\/script>\n<!-- \/ Yoast SEO plugin. -->","yoast_head_json":{"title":"INSPIRACIJSKE KARTICE by ANA BU\u010cEVI\u0106 - Mudrost & Motivacija - Ana Bu\u010devi\u0107 - STAGING","robots":{"index":"noindex","follow":"follow","max-snippet":"max-snippet:-1","max-image-preview":"max-image-preview:large","max-video-preview":"max-video-preview:-1"},"og_locale":"en_GB","og_type":"article","og_title":"INSPIRACIJSKE KARTICE by ANA BU\u010cEVI\u0106 - Mudrost & Motivacija - Ana Bu\u010devi\u0107 - STAGING","og_description":"2.400,00 RSD Inspiracijske kartice su novog manjeg formata. Ove inspiracijske kartice osmislila je Ana Bu\u010devi\u0107. U ovom pakiranju nalazi se 31 kartica sa dvije razli\u010dite teme. Svrha ovih kartica jest da vam budu u danu misao vodilja i da, \u010ditaju\u0107i ih i ponavljaju\u0107i ih svakoga dana, mijenjate uvjerenja koja vam ne slu\u017ee u uvjerenja koja \u0107e kreirati va\u0161u novu i predivnu realnost...","og_url":"http:\/\/staging2.anabucevic.com\/en\/product\/inspiracijske-kartice-by-ana-bucevic-mudrost-motivacija-2\/","og_site_name":"Ana Bu\u010devi\u0107 - STAGING","og_image":[{"width":1600,"height":1600,"url":"http:\/\/staging2.anabucevic.com\/wp-content\/uploads\/2019\/01\/IK-ob4.jpg","type":"image\/jpeg"}],"twitter_card":"summary_large_image","schema":{"@context":"https:\/\/schema.org","@graph":[{"@type":"WebPage","@id":"http:\/\/staging2.anabucevic.com\/product\/inspiracijske-kartice-by-ana-bucevic-mudrost-motivacija-2\/","url":"http:\/\/staging2.anabucevic.com\/product\/inspiracijske-kartice-by-ana-bucevic-mudrost-motivacija-2\/","name":"INSPIRACIJSKE KARTICE by ANA BU\u010cEVI\u0106 - Mudrost & Motivacija - Ana Bu\u010devi\u0107 - STAGING","isPartOf":{"@id":"https:\/\/staging2.anabucevic.com\/en\/#website"},"primaryImageOfPage":{"@id":"http:\/\/staging2.anabucevic.com\/product\/inspiracijske-kartice-by-ana-bucevic-mudrost-motivacija-2\/#primaryimage"},"image":{"@id":"http:\/\/staging2.anabucevic.com\/product\/inspiracijske-kartice-by-ana-bucevic-mudrost-motivacija-2\/#primaryimage"},"thumbnailUrl":"http:\/\/staging2.anabucevic.com\/wp-content\/uploads\/2019\/01\/IK-ob4.jpg","datePublished":"2026-01-18T19:40:21+00:00","breadcrumb":{"@id":"http:\/\/staging2.anabucevic.com\/product\/inspiracijske-kartice-by-ana-bucevic-mudrost-motivacija-2\/#breadcrumb"},"inLanguage":"en-GB","potentialAction":[{"@type":"ReadAction","target":["http:\/\/staging2.anabucevic.com\/product\/inspiracijske-kartice-by-ana-bucevic-mudrost-motivacija-2\/"]}]},{"@type":"ImageObject","inLanguage":"en-GB","@id":"http:\/\/staging2.anabucevic.com\/product\/inspiracijske-kartice-by-ana-bucevic-mudrost-motivacija-2\/#primaryimage","url":"http:\/\/staging2.anabucevic.com\/wp-content\/uploads\/2019\/01\/IK-ob4.jpg","contentUrl":"http:\/\/staging2.anabucevic.com\/wp-content\/uploads\/2019\/01\/IK-ob4.jpg","width":1600,"height":1600},{"@type":"BreadcrumbList","@id":"http:\/\/staging2.anabucevic.com\/product\/inspiracijske-kartice-by-ana-bucevic-mudrost-motivacija-2\/#breadcrumb","itemListElement":[{"@type":"ListItem","position":1,"name":"Home","item":"https:\/\/staging2.anabucevic.com\/en\/"},{"@type":"ListItem","position":2,"name":"Products","item":"https:\/\/staging2.anabucevic.com\/shop\/"},{"@type":"ListItem","position":3,"name":"INSPIRACIJSKE KARTICE by ANA BU\u010cEVI\u0106 &#8211; Mudrost &#038; Motivacija"}]},{"@type":"WebSite","@id":"https:\/\/staging2.anabucevic.com\/en\/#website","url":"https:\/\/staging2.anabucevic.com\/en\/","name":"Ana Bu\u010devi\u0107 - STAGING","description":"Budite ono \u0161to \u017eelite postati..","publisher":{"@id":"https:\/\/staging2.anabucevic.com\/en\/#organization"},"potentialAction":[{"@type":"SearchAction","target":{"@type":"EntryPoint","urlTemplate":"https:\/\/staging2.anabucevic.com\/en\/?s={search_term_string}"},"query-input":{"@type":"PropertyValueSpecification","valueRequired":true,"valueName":"search_term_string"}}],"inLanguage":"en-GB"},{"@type":"Organization","@id":"https:\/\/staging2.anabucevic.com\/en\/#organization","name":"Ana Bu\u010devi\u0107 - STAGING","url":"https:\/\/staging2.anabucevic.com\/en\/","logo":{"@type":"ImageObject","inLanguage":"en-GB","@id":"https:\/\/staging2.anabucevic.com\/en\/#\/schema\/logo\/image\/","url":"","contentUrl":"","caption":"Ana Bu\u010devi\u0107 - STAGING"},"image":{"@id":"https:\/\/staging2.anabucevic.com\/en\/#\/schema\/logo\/image\/"}}]}},"_links":{"self":[{"href":"http:\/\/staging2.anabucevic.com\/en\/wp-json\/wp\/v2\/product\/6391003","targetHints":{"allow":["GET"]}}],"collection":[{"href":"http:\/\/staging2.anabucevic.com\/en\/wp-json\/wp\/v2\/product"}],"about":[{"href":"http:\/\/staging2.anabucevic.com\/en\/wp-json\/wp\/v2\/types\/product"}],"wp:featuredmedia":[{"embeddable":true,"href":"http:\/\/staging2.anabucevic.com\/en\/wp-json\/wp\/v2\/media\/6338915"}],"wp:attachment":[{"href":"http:\/\/staging2.anabucevic.com\/en\/wp-json\/wp\/v2\/media?parent=6391003"}],"wp:term":[{"taxonomy":"product_cat","embeddable":true,"href":"http:\/\/staging2.anabucevic.com\/en\/wp-json\/wp\/v2\/product_cat?post=6391003"},{"taxonomy":"product_tag","embeddable":true,"href":"http:\/\/staging2.anabucevic.com\/en\/wp-json\/wp\/v2\/product_tag?post=6391003"}],"curies":[{"name":"wp","href":"https:\/\/api.w.org\/{rel}","templated":true}]}}