{"id":6391456,"date":"2026-01-18T22:11:11","date_gmt":"2026-01-18T20:11:11","guid":{"rendered":"https:\/\/staging2.anabucevic.com\/impressum-2\/"},"modified":"2026-01-18T22:11:15","modified_gmt":"2026-01-18T20:11:15","slug":"impressum-2","status":"publish","type":"page","link":"http:\/\/staging2.anabucevic.com\/en\/impressum-2\/","title":{"rendered":"Impressum"},"content":{"rendered":"<div data-elementor-type=\"wp-page\" data-elementor-id=\"6391456\" class=\"elementor elementor-6391456\" data-elementor-post-type=\"page\">\n\t\t\t\t<div class=\"elementor-element elementor-element-5f227559 e-flex e-con-boxed e-con e-parent\" data-id=\"5f227559\" data-element_type=\"container\" data-settings=\"{&quot;background_background&quot;:&quot;classic&quot;}\">\n\t\t\t\t\t<div class=\"e-con-inner\">\n\t\t\t\t<div class=\"elementor-element elementor-element-4734a069 elementor-widget elementor-widget-heading\" data-id=\"4734a069\" data-element_type=\"widget\" data-widget_type=\"heading.default\">\n\t\t\t\t\t<h2 class=\"elementor-heading-title elementor-size-default\">Impressum<\/h2>\t\t\t\t<\/div>\n\t\t<div class=\"elementor-element elementor-element-d09730c e-con-full e-flex e-con e-child\" data-id=\"d09730c\" data-element_type=\"container\">\n\t\t<div class=\"elementor-element elementor-element-8b3a49 e-con-full e-flex e-con e-child\" data-id=\"8b3a49\" data-element_type=\"container\">\n\t\t\t\t<div class=\"elementor-element elementor-element-48fc00b6 elementor-widget elementor-widget-heading\" data-id=\"48fc00b6\" data-element_type=\"widget\" data-widget_type=\"heading.default\">\n\t\t\t\t\t<h4 class=\"elementor-heading-title elementor-size-default\">Safari duha d.o.o.<\/h4>\t\t\t\t<\/div>\n\t\t\t\t<div class=\"elementor-element elementor-element-75d4e3c8 elementor-widget elementor-widget-text-editor\" data-id=\"75d4e3c8\" data-element_type=\"widget\" data-widget_type=\"text-editor.default\">\n\t\t\t\t\t\t\t\t\t<p><strong>Sjedi\u0161te:<\/strong> Frana Supila 26, 21000 Split<br \/><strong>OIB:<\/strong>\u00a098594223241<br \/><strong>MBO:<\/strong>\u00a0060401372<\/p>\t\t\t\t\t\t\t\t<\/div>\n\t\t\t\t<\/div>\n\t\t<div class=\"elementor-element elementor-element-9c0ca0 e-con-full e-flex e-con e-child\" data-id=\"9c0ca0\" data-element_type=\"container\">\n\t\t\t\t<div class=\"elementor-element elementor-element-65d2e36b elementor-widget elementor-widget-text-editor\" data-id=\"65d2e36b\" data-element_type=\"widget\" data-widget_type=\"text-editor.default\">\n\t\t\t\t\t\t\t\t\t<p><strong>Direktorica:\u00a0<\/strong>Ana Bu\u010devi\u0107<br \/><strong>IBAN:<\/strong>\u00a0HR0924020061100917759 ; SWIFT\/BIC: ESBCHR22\u2028Otvoren kod Erste&amp;Steiermarkische bank d.d., Jadranski trg 3A, 51000 Rijeka, Hrvatska\u2028\u2028<br \/><strong>Temeljni kapital:<\/strong> 2.654 EUR, upla\u0107en u cijelosti<\/p>\t\t\t\t\t\t\t\t<\/div>\n\t\t\t\t<\/div>\n\t\t\t\t<\/div>\n\t\t\t\t\t<\/div>\n\t\t\t\t<\/div>\n\t\t\t\t<\/div>","protected":false},"excerpt":{"rendered":"<p>Impressum Safari duha d.o.o. Sjedi\u0161te: Frana Supila 26, 21000 SplitOIB:\u00a098594223241MBO:\u00a0060401372 Direktorica:\u00a0Ana Bu\u010devi\u0107IBAN:\u00a0HR0924020061100917759 ; SWIFT\/BIC: ESBCHR22\u2028Otvoren kod Erste&amp;Steiermarkische bank d.d., Jadranski trg 3A, 51000 Rijeka, Hrvatska\u2028\u2028Temeljni kapital: 2.654 EUR, upla\u0107en u [&hellip;]<\/p>","protected":false},"author":9,"featured_media":0,"parent":0,"menu_order":0,"comment_status":"closed","ping_status":"closed","template":"elementor_header_footer","meta":{"footnotes":""},"class_list":["post-6391456","page","type-page","status-publish","hentry"],"yoast_head":"<!-- This site is optimized with the Yoast SEO plugin v26.0 - https:\/\/yoast.com\/wordpress\/plugins\/seo\/ -->\n<title>Impressum - Ana Bu\u010devi\u0107 - STAGING<\/title>\n<meta name=\"robots\" content=\"noindex, follow, max-snippet:-1, max-image-preview:large, max-video-preview:-1\" \/>\n<meta property=\"og:locale\" content=\"en_GB\" \/>\n<meta property=\"og:type\" content=\"article\" \/>\n<meta property=\"og:title\" content=\"Impressum - Ana Bu\u010devi\u0107 - STAGING\" \/>\n<meta property=\"og:description\" content=\"Impressum Safari duha d.o.o. Sjedi\u0161te: Frana Supila 26, 21000 SplitOIB:\u00a098594223241MBO:\u00a0060401372 Direktorica:\u00a0Ana Bu\u010devi\u0107IBAN:\u00a0HR0924020061100917759 ; SWIFT\/BIC: ESBCHR22\u2028Otvoren kod Erste&amp;Steiermarkische bank d.d., Jadranski trg 3A, 51000 Rijeka, Hrvatska\u2028\u2028Temeljni kapital: 2.654 EUR, upla\u0107en u [&hellip;]\" \/>\n<meta property=\"og:url\" content=\"http:\/\/staging2.anabucevic.com\/en\/impressum-2\/\" \/>\n<meta property=\"og:site_name\" content=\"Ana Bu\u010devi\u0107 - STAGING\" \/>\n<meta property=\"article:modified_time\" content=\"2026-01-18T20:11:15+00:00\" \/>\n<meta name=\"twitter:card\" content=\"summary_large_image\" \/>\n<script type=\"application\/ld+json\" class=\"yoast-schema-graph\">{\"@context\":\"https:\/\/schema.org\",\"@graph\":[{\"@type\":\"WebPage\",\"@id\":\"http:\/\/staging2.anabucevic.com\/impressum-2\/\",\"url\":\"http:\/\/staging2.anabucevic.com\/impressum-2\/\",\"name\":\"Impressum - Ana Bu\u010devi\u0107 - STAGING\",\"isPartOf\":{\"@id\":\"https:\/\/staging2.anabucevic.com\/en\/#website\"},\"datePublished\":\"2026-01-18T20:11:11+00:00\",\"dateModified\":\"2026-01-18T20:11:15+00:00\",\"breadcrumb\":{\"@id\":\"http:\/\/staging2.anabucevic.com\/impressum-2\/#breadcrumb\"},\"inLanguage\":\"en-GB\",\"potentialAction\":[{\"@type\":\"ReadAction\",\"target\":[\"http:\/\/staging2.anabucevic.com\/impressum-2\/\"]}]},{\"@type\":\"BreadcrumbList\",\"@id\":\"http:\/\/staging2.anabucevic.com\/impressum-2\/#breadcrumb\",\"itemListElement\":[{\"@type\":\"ListItem\",\"position\":1,\"name\":\"Home\",\"item\":\"https:\/\/staging2.anabucevic.com\/en\/\"},{\"@type\":\"ListItem\",\"position\":2,\"name\":\"Impressum\"}]},{\"@type\":\"WebSite\",\"@id\":\"https:\/\/staging2.anabucevic.com\/en\/#website\",\"url\":\"https:\/\/staging2.anabucevic.com\/en\/\",\"name\":\"Ana Bu\u010devi\u0107 - STAGING\",\"description\":\"Budite ono \u0161to \u017eelite postati..\",\"publisher\":{\"@id\":\"https:\/\/staging2.anabucevic.com\/en\/#organization\"},\"potentialAction\":[{\"@type\":\"SearchAction\",\"target\":{\"@type\":\"EntryPoint\",\"urlTemplate\":\"https:\/\/staging2.anabucevic.com\/en\/?s={search_term_string}\"},\"query-input\":{\"@type\":\"PropertyValueSpecification\",\"valueRequired\":true,\"valueName\":\"search_term_string\"}}],\"inLanguage\":\"en-GB\"},{\"@type\":\"Organization\",\"@id\":\"https:\/\/staging2.anabucevic.com\/en\/#organization\",\"name\":\"Ana Bu\u010devi\u0107 - STAGING\",\"url\":\"https:\/\/staging2.anabucevic.com\/en\/\",\"logo\":{\"@type\":\"ImageObject\",\"inLanguage\":\"en-GB\",\"@id\":\"https:\/\/staging2.anabucevic.com\/en\/#\/schema\/logo\/image\/\",\"url\":\"\",\"contentUrl\":\"\",\"caption\":\"Ana Bu\u010devi\u0107 - STAGING\"},\"image\":{\"@id\":\"https:\/\/staging2.anabucevic.com\/en\/#\/schema\/logo\/image\/\"}}]}<\/script>\n<!-- \/ Yoast SEO plugin. -->","yoast_head_json":{"title":"Impressum - Ana Bu\u010devi\u0107 - STAGING","robots":{"index":"noindex","follow":"follow","max-snippet":"max-snippet:-1","max-image-preview":"max-image-preview:large","max-video-preview":"max-video-preview:-1"},"og_locale":"en_GB","og_type":"article","og_title":"Impressum - Ana Bu\u010devi\u0107 - STAGING","og_description":"Impressum Safari duha d.o.o. Sjedi\u0161te: Frana Supila 26, 21000 SplitOIB:\u00a098594223241MBO:\u00a0060401372 Direktorica:\u00a0Ana Bu\u010devi\u0107IBAN:\u00a0HR0924020061100917759 ; SWIFT\/BIC: ESBCHR22\u2028Otvoren kod Erste&amp;Steiermarkische bank d.d., Jadranski trg 3A, 51000 Rijeka, Hrvatska\u2028\u2028Temeljni kapital: 2.654 EUR, upla\u0107en u [&hellip;]","og_url":"http:\/\/staging2.anabucevic.com\/en\/impressum-2\/","og_site_name":"Ana Bu\u010devi\u0107 - STAGING","article_modified_time":"2026-01-18T20:11:15+00:00","twitter_card":"summary_large_image","schema":{"@context":"https:\/\/schema.org","@graph":[{"@type":"WebPage","@id":"http:\/\/staging2.anabucevic.com\/impressum-2\/","url":"http:\/\/staging2.anabucevic.com\/impressum-2\/","name":"Impressum - Ana Bu\u010devi\u0107 - STAGING","isPartOf":{"@id":"https:\/\/staging2.anabucevic.com\/en\/#website"},"datePublished":"2026-01-18T20:11:11+00:00","dateModified":"2026-01-18T20:11:15+00:00","breadcrumb":{"@id":"http:\/\/staging2.anabucevic.com\/impressum-2\/#breadcrumb"},"inLanguage":"en-GB","potentialAction":[{"@type":"ReadAction","target":["http:\/\/staging2.anabucevic.com\/impressum-2\/"]}]},{"@type":"BreadcrumbList","@id":"http:\/\/staging2.anabucevic.com\/impressum-2\/#breadcrumb","itemListElement":[{"@type":"ListItem","position":1,"name":"Home","item":"https:\/\/staging2.anabucevic.com\/en\/"},{"@type":"ListItem","position":2,"name":"Impressum"}]},{"@type":"WebSite","@id":"https:\/\/staging2.anabucevic.com\/en\/#website","url":"https:\/\/staging2.anabucevic.com\/en\/","name":"Ana Bu\u010devi\u0107 - STAGING","description":"Budite ono \u0161to \u017eelite postati..","publisher":{"@id":"https:\/\/staging2.anabucevic.com\/en\/#organization"},"potentialAction":[{"@type":"SearchAction","target":{"@type":"EntryPoint","urlTemplate":"https:\/\/staging2.anabucevic.com\/en\/?s={search_term_string}"},"query-input":{"@type":"PropertyValueSpecification","valueRequired":true,"valueName":"search_term_string"}}],"inLanguage":"en-GB"},{"@type":"Organization","@id":"https:\/\/staging2.anabucevic.com\/en\/#organization","name":"Ana Bu\u010devi\u0107 - STAGING","url":"https:\/\/staging2.anabucevic.com\/en\/","logo":{"@type":"ImageObject","inLanguage":"en-GB","@id":"https:\/\/staging2.anabucevic.com\/en\/#\/schema\/logo\/image\/","url":"","contentUrl":"","caption":"Ana Bu\u010devi\u0107 - STAGING"},"image":{"@id":"https:\/\/staging2.anabucevic.com\/en\/#\/schema\/logo\/image\/"}}]}},"_links":{"self":[{"href":"http:\/\/staging2.anabucevic.com\/en\/wp-json\/wp\/v2\/pages\/6391456","targetHints":{"allow":["GET"]}}],"collection":[{"href":"http:\/\/staging2.anabucevic.com\/en\/wp-json\/wp\/v2\/pages"}],"about":[{"href":"http:\/\/staging2.anabucevic.com\/en\/wp-json\/wp\/v2\/types\/page"}],"author":[{"embeddable":true,"href":"http:\/\/staging2.anabucevic.com\/en\/wp-json\/wp\/v2\/users\/9"}],"replies":[{"embeddable":true,"href":"http:\/\/staging2.anabucevic.com\/en\/wp-json\/wp\/v2\/comments?post=6391456"}],"version-history":[{"count":4,"href":"http:\/\/staging2.anabucevic.com\/en\/wp-json\/wp\/v2\/pages\/6391456\/revisions"}],"predecessor-version":[{"id":6391515,"href":"http:\/\/staging2.anabucevic.com\/en\/wp-json\/wp\/v2\/pages\/6391456\/revisions\/6391515"}],"wp:attachment":[{"href":"http:\/\/staging2.anabucevic.com\/en\/wp-json\/wp\/v2\/media?parent=6391456"}],"curies":[{"name":"wp","href":"https:\/\/api.w.org\/{rel}","templated":true}]}}