{"id":6391383,"date":"2026-01-18T22:09:14","date_gmt":"2026-01-18T20:09:14","guid":{"rendered":"http:\/\/inkman007"},"modified":"2026-01-18T22:09:14","modified_gmt":"2026-01-18T20:09:14","slug":"kalendar","status":"publish","type":"page","link":"http:\/\/staging2.anabucevic.com\/en\/kalendar\/","title":{"rendered":"Kalendar"},"content":{"rendered":"<div class=\"vc_row wpb_row vc_row-fluid\"><div class=\"wpb_column vc_column_container vc_col-sm-12\"><div class=\"vc_column-inner\"><div class=\"wpb_wrapper\">\n\t<div class=\"wpb_text_column wpb_content_element\" >\n\t\t<div class=\"wpb_wrapper\">\n\t\t\t<p>[add_eventon_list number_of_months=&#8221;12&#8243; event_count=&#8221;5&#8243; show_limit=&#8221;yes&#8221; hide_past=&#8221;yes&#8221; show_year=&#8221;yes&#8221; ]<\/p>\n\n\t\t<\/div>\n\t<\/div>\n<\/div><\/div><\/div><\/div>","protected":false},"excerpt":{"rendered":"[add_eventon_list number_of_months=\"12\" event_count=\"5\" show_limit=\"yes\" hide_past=\"yes\" show_year=\"yes\" ]","protected":false},"author":9,"featured_media":0,"parent":0,"menu_order":0,"comment_status":"closed","ping_status":"open","template":"","meta":{"footnotes":""},"class_list":["post-6391383","page","type-page","status-publish","hentry"],"yoast_head":"<!-- This site is optimized with the Yoast SEO plugin v26.0 - https:\/\/yoast.com\/wordpress\/plugins\/seo\/ -->\n<title>Kalendar - Ana Bu\u010devi\u0107 - STAGING<\/title>\n<meta name=\"robots\" content=\"noindex, follow, max-snippet:-1, max-image-preview:large, max-video-preview:-1\" \/>\n<meta property=\"og:locale\" content=\"en_GB\" \/>\n<meta property=\"og:type\" content=\"article\" \/>\n<meta property=\"og:title\" content=\"Kalendar - Ana Bu\u010devi\u0107 - STAGING\" \/>\n<meta property=\"og:url\" content=\"http:\/\/staging2.anabucevic.com\/en\/kalendar\/\" \/>\n<meta property=\"og:site_name\" content=\"Ana Bu\u010devi\u0107 - STAGING\" \/>\n<meta name=\"twitter:card\" content=\"summary_large_image\" \/>\n<script type=\"application\/ld+json\" class=\"yoast-schema-graph\">{\"@context\":\"https:\/\/schema.org\",\"@graph\":[{\"@type\":\"WebPage\",\"@id\":\"http:\/\/staging2.anabucevic.com\/en\/kalendar\/\",\"url\":\"http:\/\/staging2.anabucevic.com\/en\/kalendar\/\",\"name\":\"Kalendar - Ana Bu\u010devi\u0107 - STAGING\",\"isPartOf\":{\"@id\":\"http:\/\/staging2.anabucevic.com\/#website\"},\"datePublished\":\"2026-01-18T20:09:14+00:00\",\"breadcrumb\":{\"@id\":\"http:\/\/staging2.anabucevic.com\/en\/kalendar\/#breadcrumb\"},\"inLanguage\":\"en-GB\",\"potentialAction\":[{\"@type\":\"ReadAction\",\"target\":[\"http:\/\/staging2.anabucevic.com\/en\/kalendar\/\"]}]},{\"@type\":\"BreadcrumbList\",\"@id\":\"http:\/\/staging2.anabucevic.com\/en\/kalendar\/#breadcrumb\",\"itemListElement\":[{\"@type\":\"ListItem\",\"position\":1,\"name\":\"Home\",\"item\":\"http:\/\/staging2.anabucevic.com\/\"},{\"@type\":\"ListItem\",\"position\":2,\"name\":\"Kalendar\"}]},{\"@type\":\"WebSite\",\"@id\":\"http:\/\/staging2.anabucevic.com\/#website\",\"url\":\"http:\/\/staging2.anabucevic.com\/\",\"name\":\"Ana Bu\u010devi\u0107 - STAGING\",\"description\":\"Budite ono \u0161to \u017eelite postati..\",\"publisher\":{\"@id\":\"http:\/\/staging2.anabucevic.com\/#organization\"},\"potentialAction\":[{\"@type\":\"SearchAction\",\"target\":{\"@type\":\"EntryPoint\",\"urlTemplate\":\"http:\/\/staging2.anabucevic.com\/?s={search_term_string}\"},\"query-input\":{\"@type\":\"PropertyValueSpecification\",\"valueRequired\":true,\"valueName\":\"search_term_string\"}}],\"inLanguage\":\"en-GB\"},{\"@type\":\"Organization\",\"@id\":\"http:\/\/staging2.anabucevic.com\/#organization\",\"name\":\"Ana Bu\u010devi\u0107 - STAGING\",\"url\":\"http:\/\/staging2.anabucevic.com\/\",\"logo\":{\"@type\":\"ImageObject\",\"inLanguage\":\"en-GB\",\"@id\":\"http:\/\/staging2.anabucevic.com\/#\/schema\/logo\/image\/\",\"url\":\"\",\"contentUrl\":\"\",\"caption\":\"Ana Bu\u010devi\u0107 - STAGING\"},\"image\":{\"@id\":\"http:\/\/staging2.anabucevic.com\/#\/schema\/logo\/image\/\"}}]}<\/script>\n<!-- \/ Yoast SEO plugin. -->","yoast_head_json":{"title":"Kalendar - Ana Bu\u010devi\u0107 - STAGING","robots":{"index":"noindex","follow":"follow","max-snippet":"max-snippet:-1","max-image-preview":"max-image-preview:large","max-video-preview":"max-video-preview:-1"},"og_locale":"en_GB","og_type":"article","og_title":"Kalendar - Ana Bu\u010devi\u0107 - STAGING","og_url":"http:\/\/staging2.anabucevic.com\/en\/kalendar\/","og_site_name":"Ana Bu\u010devi\u0107 - STAGING","twitter_card":"summary_large_image","schema":{"@context":"https:\/\/schema.org","@graph":[{"@type":"WebPage","@id":"http:\/\/staging2.anabucevic.com\/en\/kalendar\/","url":"http:\/\/staging2.anabucevic.com\/en\/kalendar\/","name":"Kalendar - Ana Bu\u010devi\u0107 - STAGING","isPartOf":{"@id":"http:\/\/staging2.anabucevic.com\/#website"},"datePublished":"2026-01-18T20:09:14+00:00","breadcrumb":{"@id":"http:\/\/staging2.anabucevic.com\/en\/kalendar\/#breadcrumb"},"inLanguage":"en-GB","potentialAction":[{"@type":"ReadAction","target":["http:\/\/staging2.anabucevic.com\/en\/kalendar\/"]}]},{"@type":"BreadcrumbList","@id":"http:\/\/staging2.anabucevic.com\/en\/kalendar\/#breadcrumb","itemListElement":[{"@type":"ListItem","position":1,"name":"Home","item":"http:\/\/staging2.anabucevic.com\/"},{"@type":"ListItem","position":2,"name":"Kalendar"}]},{"@type":"WebSite","@id":"http:\/\/staging2.anabucevic.com\/#website","url":"http:\/\/staging2.anabucevic.com\/","name":"Ana Bu\u010devi\u0107 - STAGING","description":"Budite ono \u0161to \u017eelite postati..","publisher":{"@id":"http:\/\/staging2.anabucevic.com\/#organization"},"potentialAction":[{"@type":"SearchAction","target":{"@type":"EntryPoint","urlTemplate":"http:\/\/staging2.anabucevic.com\/?s={search_term_string}"},"query-input":{"@type":"PropertyValueSpecification","valueRequired":true,"valueName":"search_term_string"}}],"inLanguage":"en-GB"},{"@type":"Organization","@id":"http:\/\/staging2.anabucevic.com\/#organization","name":"Ana Bu\u010devi\u0107 - STAGING","url":"http:\/\/staging2.anabucevic.com\/","logo":{"@type":"ImageObject","inLanguage":"en-GB","@id":"http:\/\/staging2.anabucevic.com\/#\/schema\/logo\/image\/","url":"","contentUrl":"","caption":"Ana Bu\u010devi\u0107 - STAGING"},"image":{"@id":"http:\/\/staging2.anabucevic.com\/#\/schema\/logo\/image\/"}}]}},"_links":{"self":[{"href":"http:\/\/staging2.anabucevic.com\/en\/wp-json\/wp\/v2\/pages\/6391383","targetHints":{"allow":["GET"]}}],"collection":[{"href":"http:\/\/staging2.anabucevic.com\/en\/wp-json\/wp\/v2\/pages"}],"about":[{"href":"http:\/\/staging2.anabucevic.com\/en\/wp-json\/wp\/v2\/types\/page"}],"author":[{"embeddable":true,"href":"http:\/\/staging2.anabucevic.com\/en\/wp-json\/wp\/v2\/users\/9"}],"replies":[{"embeddable":true,"href":"http:\/\/staging2.anabucevic.com\/en\/wp-json\/wp\/v2\/comments?post=6391383"}],"version-history":[{"count":0,"href":"http:\/\/staging2.anabucevic.com\/en\/wp-json\/wp\/v2\/pages\/6391383\/revisions"}],"wp:attachment":[{"href":"http:\/\/staging2.anabucevic.com\/en\/wp-json\/wp\/v2\/media?parent=6391383"}],"curies":[{"name":"wp","href":"https:\/\/api.w.org\/{rel}","templated":true}]}}