{"id":6391350,"date":"2026-01-18T22:09:12","date_gmt":"2026-01-18T20:09:12","guid":{"rendered":"https:\/\/staging2.anabucevic.com\/coming-soon\/"},"modified":"2026-01-18T22:09:17","modified_gmt":"2026-01-18T20:09:17","slug":"coming-soon","status":"publish","type":"page","link":"http:\/\/staging2.anabucevic.com\/en\/coming-soon\/","title":{"rendered":"Coming soon"},"content":{"rendered":"<div data-elementor-type=\"wp-page\" data-elementor-id=\"6391350\" class=\"elementor elementor-6391350\" data-elementor-post-type=\"page\">\n\t\t\t\t<div class=\"elementor-element elementor-element-1ddf3e90 e-flex e-con-boxed e-con e-parent\" data-id=\"1ddf3e90\" data-element_type=\"container\" data-settings=\"{&quot;background_background&quot;:&quot;classic&quot;}\">\n\t\t\t\t\t<div class=\"e-con-inner\">\n\t\t<div class=\"elementor-element elementor-element-776eb447 e-con-full e-flex elementor-invisible e-con e-child\" data-id=\"776eb447\" data-element_type=\"container\" data-settings=\"{&quot;animation&quot;:&quot;fadeIn&quot;}\">\n\t\t\t\t<div class=\"elementor-element elementor-element-551580a4 elementor-widget elementor-widget-image\" data-id=\"551580a4\" data-element_type=\"widget\" data-widget_type=\"image.default\">\n\t\t\t\t\t\t\t\t\t\t\t\t\t\t\t<img fetchpriority=\"high\" decoding=\"async\" width=\"724\" height=\"616\" src=\"http:\/\/staging2.anabucevic.com\/wp-content\/uploads\/2026\/01\/Ana-Kontakt.png\" class=\"attachment-full size-full wp-image-6390728\" alt=\"\" srcset=\"http:\/\/staging2.anabucevic.com\/wp-content\/uploads\/2026\/01\/Ana-Kontakt.png 724w, http:\/\/staging2.anabucevic.com\/wp-content\/uploads\/2026\/01\/Ana-Kontakt-300x255.png 300w, http:\/\/staging2.anabucevic.com\/wp-content\/uploads\/2026\/01\/Ana-Kontakt-14x12.png 14w, http:\/\/staging2.anabucevic.com\/wp-content\/uploads\/2026\/01\/Ana-Kontakt-600x510.png 600w\" sizes=\"(max-width: 724px) 100vw, 724px\" \/>\t\t\t\t\t\t\t\t\t\t\t\t\t\t\t<\/div>\n\t\t\t\t<\/div>\n\t\t<div class=\"elementor-element elementor-element-7620f811 e-con-full e-flex elementor-invisible e-con e-child\" data-id=\"7620f811\" data-element_type=\"container\" data-settings=\"{&quot;animation&quot;:&quot;fadeInRight&quot;,&quot;animation_delay&quot;:400}\">\n\t\t\t\t<div class=\"elementor-element elementor-element-36b94a2 elementor-widget elementor-widget-heading\" data-id=\"36b94a2\" data-element_type=\"widget\" data-widget_type=\"heading.default\">\n\t\t\t\t\t<h1 class=\"elementor-heading-title elementor-size-default\">Stranica je privremeno nedostupna zbog redizajna.<\/h1>\t\t\t\t<\/div>\n\t\t\t\t<div class=\"elementor-element elementor-element-2d67f667 elementor-widget elementor-widget-text-editor\" data-id=\"2d67f667\" data-element_type=\"widget\" data-widget_type=\"text-editor.default\">\n\t\t\t\t\t\t\t\t\t<p>Hvala vam na strpljenju i razumijevanju dok pripremamo novi dizajn i sadr\u017eaj. Ponovno smo live kroz par dana.<br \/><br \/><\/p><p data-start=\"614\" data-end=\"690\">Za sva pitanja i upite slobodno se javite<br data-start=\"655\" data-end=\"658\" \/>putem e-maila ili kontakt forme.<\/p>\t\t\t\t\t\t\t\t<\/div>\n\t\t\t\t<\/div>\n\t\t\t\t\t<\/div>\n\t\t\t\t<\/div>\n\t\t<div class=\"elementor-element elementor-element-72d7b9ff e-flex e-con-boxed elementor-invisible e-con e-parent\" data-id=\"72d7b9ff\" data-element_type=\"container\" data-settings=\"{&quot;animation&quot;:&quot;fadeInUp&quot;}\">\n\t\t\t\t\t<div class=\"e-con-inner\">\n\t\t<div class=\"elementor-element elementor-element-763bdab7 e-con-full e-flex e-con e-child\" data-id=\"763bdab7\" data-element_type=\"container\">\n\t\t<div class=\"elementor-element elementor-element-1c9ef097 e-con-full e-flex e-con e-child\" data-id=\"1c9ef097\" data-element_type=\"container\">\n\t\t\t\t<div class=\"elementor-element elementor-element-39c75202 elementor-widget elementor-widget-heading\" data-id=\"39c75202\" data-element_type=\"widget\" data-widget_type=\"heading.default\">\n\t\t\t\t\t<h3 class=\"elementor-heading-title elementor-size-default\">Medijski upiti<\/h3>\t\t\t\t<\/div>\n\t\t\t\t<div class=\"elementor-element elementor-element-39e8bbed elementor-widget elementor-widget-text-editor\" data-id=\"39e8bbed\" data-element_type=\"widget\" data-widget_type=\"text-editor.default\">\n\t\t\t\t\t\t\t\t\t<p>Kontakt za upite medija<br \/><a href=\"mailto:press@anabucevic.com\"><span style=\"text-decoration: underline;\">press@anabucevic.com<\/span><\/a><\/p>\t\t\t\t\t\t\t\t<\/div>\n\t\t\t\t<div class=\"elementor-element elementor-element-2568513a elementor-widget-divider--view-line elementor-widget elementor-widget-divider\" data-id=\"2568513a\" data-element_type=\"widget\" data-widget_type=\"divider.default\">\n\t\t\t\t\t\t\t<div class=\"elementor-divider\">\n\t\t\t<span class=\"elementor-divider-separator\">\n\t\t\t\t\t\t<\/span>\n\t\t<\/div>\n\t\t\t\t\t\t<\/div>\n\t\t<div class=\"elementor-element elementor-element-718d9223 e-con-full e-flex e-con e-child\" data-id=\"718d9223\" data-element_type=\"container\">\n\t\t\t\t<div class=\"elementor-element elementor-element-2172856f elementor-widget elementor-widget-heading\" data-id=\"2172856f\" data-element_type=\"widget\" data-widget_type=\"heading.default\">\n\t\t\t\t\t<h3 class=\"elementor-heading-title elementor-size-default\">Webshop upiti<\/h3>\t\t\t\t<\/div>\n\t\t\t\t<div class=\"elementor-element elementor-element-11f32617 elementor-widget elementor-widget-text-editor\" data-id=\"11f32617\" data-element_type=\"widget\" data-widget_type=\"text-editor.default\">\n\t\t\t\t\t\t\t\t\t<p>Kontakt za upite o kupnji<br \/><a href=\"mailto:webshop@anabucevic.com\"><span style=\"text-decoration: underline;\">webshop@anabucevic.com<\/span><\/a><\/p>\t\t\t\t\t\t\t\t<\/div>\n\t\t\t\t<div class=\"elementor-element elementor-element-6013316 elementor-widget-divider--view-line elementor-widget elementor-widget-divider\" data-id=\"6013316\" data-element_type=\"widget\" data-widget_type=\"divider.default\">\n\t\t\t\t\t\t\t<div class=\"elementor-divider\">\n\t\t\t<span class=\"elementor-divider-separator\">\n\t\t\t\t\t\t<\/span>\n\t\t<\/div>\n\t\t\t\t\t\t<\/div>\n\t\t<div class=\"elementor-element elementor-element-41a67d53 e-con-full e-flex e-con e-child\" data-id=\"41a67d53\" data-element_type=\"container\">\n\t\t\t\t<div class=\"elementor-element elementor-element-b50ab17 elementor-widget elementor-widget-heading\" data-id=\"b50ab17\" data-element_type=\"widget\" data-widget_type=\"heading.default\">\n\t\t\t\t\t<h3 class=\"elementor-heading-title elementor-size-default\">Ostali upiti<\/h3>\t\t\t\t<\/div>\n\t\t\t\t<div class=\"elementor-element elementor-element-70f9b6ac elementor-widget elementor-widget-text-editor\" data-id=\"70f9b6ac\" data-element_type=\"widget\" data-widget_type=\"text-editor.default\">\n\t\t\t\t\t\t\t\t\t<p>Vezano uz sve ostale upite<br \/><a href=\"mailto:info@anabucevic.com\"><span style=\"text-decoration: underline;\">info@anabucevic.com<\/span><\/a><\/p>\t\t\t\t\t\t\t\t<\/div>\n\t\t\t\t<div class=\"elementor-element elementor-element-6763d0ce elementor-hidden-mobile elementor-widget-divider--view-line elementor-widget elementor-widget-divider\" data-id=\"6763d0ce\" data-element_type=\"widget\" data-widget_type=\"divider.default\">\n\t\t\t\t\t\t\t<div class=\"elementor-divider\">\n\t\t\t<span class=\"elementor-divider-separator\">\n\t\t\t\t\t\t<\/span>\n\t\t<\/div>\n\t\t\t\t\t\t<\/div>\n\t\t\t\t<\/div>\n\t\t\t\t<\/div>\n\t\t\t\t<\/div>\n\t\t\t\t<\/div>\n\t\t<div class=\"elementor-element elementor-element-653187b2 e-con-full e-flex e-con e-child\" data-id=\"653187b2\" data-element_type=\"container\" data-settings=\"{&quot;background_background&quot;:&quot;classic&quot;}\">\n\t\t\t\t<div class=\"elementor-element elementor-element-1c8a1cd3 elementor-button-align-stretch elementor-widget elementor-widget-form\" data-id=\"1c8a1cd3\" data-element_type=\"widget\" data-settings=\"{&quot;step_next_label&quot;:&quot;Next&quot;,&quot;step_previous_label&quot;:&quot;Previous&quot;,&quot;button_width&quot;:&quot;100&quot;,&quot;step_type&quot;:&quot;number_text&quot;,&quot;step_icon_shape&quot;:&quot;circle&quot;}\" data-widget_type=\"form.default\">\n\t\t\t\t\t\t\t<form class=\"elementor-form\" method=\"post\" name=\"New Form\" aria-label=\"New Form\" novalidate=\"\" action=\"\">\n\t\t\t<input type=\"hidden\" name=\"post_id\" value=\"6391350\"\/>\n\t\t\t<input type=\"hidden\" name=\"form_id\" value=\"1c8a1cd3\"\/>\n\t\t\t<input type=\"hidden\" name=\"referer_title\" value=\"Coming soon - Ana Bu\u010devi\u0107 - STAGING\" \/>\n\n\t\t\t\t\t\t\t<input type=\"hidden\" name=\"queried_id\" value=\"6391350\"\/>\n\t\t\t\n\t\t\t<div class=\"elementor-form-fields-wrapper elementor-labels-above\">\n\t\t\t\t\t\t\t\t<div class=\"elementor-field-type-text elementor-field-group elementor-column elementor-field-group-name elementor-col-50 elementor-field-required elementor-mark-required\">\n\t\t\t\t\t\t\t\t\t\t\t\t<label for=\"form-field-name\" class=\"elementor-field-label\">\n\t\t\t\t\t\t\t\tName\t\t\t\t\t\t\t<\/label>\n\t\t\t\t\t\t\t\t\t\t\t\t\t\t<input size=\"1\" type=\"text\" name=\"form_fields[name]\" id=\"form-field-name\" class=\"elementor-field elementor-size-sm  elementor-field-textual\" placeholder=\"Va\u0161e ime\" required=\"required\">\n\t\t\t\t\t\t\t\t\t\t\t<\/div>\n\t\t\t\t\t\t\t\t<div class=\"elementor-field-type-text elementor-field-group elementor-column elementor-field-group-field_adb813d elementor-col-50 elementor-field-required elementor-mark-required\">\n\t\t\t\t\t\t\t\t\t\t\t\t<label for=\"form-field-field_adb813d\" class=\"elementor-field-label\">\n\t\t\t\t\t\t\t\tLast name\t\t\t\t\t\t\t<\/label>\n\t\t\t\t\t\t\t\t\t\t\t\t\t\t<input size=\"1\" type=\"text\" name=\"form_fields[field_adb813d]\" id=\"form-field-field_adb813d\" class=\"elementor-field elementor-size-sm  elementor-field-textual\" placeholder=\"Va\u0161e prezime\" required=\"required\">\n\t\t\t\t\t\t\t\t\t\t\t<\/div>\n\t\t\t\t\t\t\t\t<div class=\"elementor-field-type-email elementor-field-group elementor-column elementor-field-group-email elementor-col-50 elementor-field-required elementor-mark-required\">\n\t\t\t\t\t\t\t\t\t\t\t\t<label for=\"form-field-email\" class=\"elementor-field-label\">\n\t\t\t\t\t\t\t\tEmail\t\t\t\t\t\t\t<\/label>\n\t\t\t\t\t\t\t\t\t\t\t\t\t\t<input size=\"1\" type=\"email\" name=\"form_fields[email]\" id=\"form-field-email\" class=\"elementor-field elementor-size-sm  elementor-field-textual\" placeholder=\"Va\u0161a email adresa\" required=\"required\">\n\t\t\t\t\t\t\t\t\t\t\t<\/div>\n\t\t\t\t\t\t\t\t<div class=\"elementor-field-type-tel elementor-field-group elementor-column elementor-field-group-field_817ae1d elementor-col-50\">\n\t\t\t\t\t\t\t\t\t\t\t\t<label for=\"form-field-field_817ae1d\" class=\"elementor-field-label\">\n\t\t\t\t\t\t\t\tBroj telefona\t\t\t\t\t\t\t<\/label>\n\t\t\t\t\t\t\t\t<input size=\"1\" type=\"tel\" name=\"form_fields[field_817ae1d]\" id=\"form-field-field_817ae1d\" class=\"elementor-field elementor-size-sm  elementor-field-textual\" placeholder=\"Va\u0161 broj telefona\" pattern=\"[0-9()#&amp;+*-=.]+\" title=\"Only numbers and phone characters (#, -, *, etc) are accepted.\">\n\n\t\t\t\t\t\t<\/div>\n\t\t\t\t\t\t\t\t<div class=\"elementor-field-type-textarea elementor-field-group elementor-column elementor-field-group-message elementor-col-100 elementor-field-required elementor-mark-required\">\n\t\t\t\t\t\t\t\t\t\t\t\t<label for=\"form-field-message\" class=\"elementor-field-label\">\n\t\t\t\t\t\t\t\tmessage\t\t\t\t\t\t\t<\/label>\n\t\t\t\t\t\t<textarea class=\"elementor-field-textual elementor-field  elementor-size-sm\" name=\"form_fields[message]\" id=\"form-field-message\" rows=\"3\" placeholder=\"Mjesto za va\u0161 upit\" required=\"required\"><\/textarea>\t\t\t\t<\/div>\n\t\t\t\t\t\t\t\t<div class=\"elementor-field-type-acceptance elementor-field-group elementor-column elementor-field-group-field_cf41be3 elementor-col-100 elementor-field-required elementor-mark-required\">\n\t\t\t\t\t\t\t<div class=\"elementor-field-subgroup\">\n\t\t\t<span class=\"elementor-field-option\">\n\t\t\t\t<input type=\"checkbox\" name=\"form_fields[field_cf41be3]\" id=\"form-field-field_cf41be3\" class=\"elementor-field elementor-size-sm  elementor-acceptance-field\" required=\"required\">\n\t\t\t\t<label for=\"form-field-field_cf41be3\">I agree that Safari duha d.o.o. collects, stores, uses and processes my personal data, which is made available here, solely for the purpose of providing an adequate response, and I declare that I am familiar with all the rights arising from the protection of personal data, especially with the right to withdraw consent anytime. I make it known that in exercising my rights I have the right to contact Safari duha d.o.o., as well as the Personal Data Protection Agency, that Safari duha d.o.o. permanently deletes received personal data immediately after the purpose of further communication ceases and that I am familiar with Personal Data Protection Policy of Safari duha d.o.o.<\/label>\t\t\t<\/span>\n\t\t<\/div>\n\t\t\t\t\t\t<\/div>\n\t\t\t\t\t\t\t\t<div class=\"elementor-field-group elementor-column elementor-field-type-submit elementor-col-100 e-form__buttons\">\n\t\t\t\t\t<button class=\"elementor-button elementor-size-sm\" type=\"submit\">\n\t\t\t\t\t\t<span class=\"elementor-button-content-wrapper\">\n\t\t\t\t\t\t\t\t\t\t\t\t\t\t\t\t\t\t\t\t\t\t<span class=\"elementor-button-text\">Send inquiry<\/span>\n\t\t\t\t\t\t\t\t\t\t\t\t\t<\/span>\n\t\t\t\t\t<\/button>\n\t\t\t\t<\/div>\n\t\t\t<\/div>\n\t\t<input type=\"hidden\" name=\"trp-form-language\" value=\"en\"\/><\/form>\n\t\t\t\t\t\t<\/div>\n\t\t\t\t<\/div>\n\t\t\t\t\t<\/div>\n\t\t\t\t<\/div>\n\t\t\t\t<\/div>","protected":false},"excerpt":{"rendered":"<p>Stranica je privremeno nedostupna zbog redizajna. Hvala vam na strpljenju i razumijevanju dok pripremamo novi dizajn i sadr\u017eaj. Ponovno smo live kroz par dana. Za sva pitanja i upite slobodno [&hellip;]<\/p>","protected":false},"author":9,"featured_media":0,"parent":0,"menu_order":0,"comment_status":"closed","ping_status":"closed","template":"elementor_canvas","meta":{"footnotes":""},"class_list":["post-6391350","page","type-page","status-publish","hentry"],"yoast_head":"<!-- This site is optimized with the Yoast SEO plugin v26.0 - https:\/\/yoast.com\/wordpress\/plugins\/seo\/ -->\n<title>Coming soon - Ana Bu\u010devi\u0107 - STAGING<\/title>\n<meta name=\"robots\" content=\"noindex, follow, max-snippet:-1, max-image-preview:large, max-video-preview:-1\" \/>\n<meta property=\"og:locale\" content=\"en_GB\" \/>\n<meta property=\"og:type\" content=\"article\" \/>\n<meta property=\"og:title\" content=\"Coming soon - Ana Bu\u010devi\u0107 - STAGING\" \/>\n<meta property=\"og:description\" content=\"Stranica je privremeno nedostupna zbog redizajna. Hvala vam na strpljenju i razumijevanju dok pripremamo novi dizajn i sadr\u017eaj. Ponovno smo live kroz par dana. Za sva pitanja i upite slobodno [&hellip;]\" \/>\n<meta property=\"og:url\" content=\"http:\/\/staging2.anabucevic.com\/en\/coming-soon\/\" \/>\n<meta property=\"og:site_name\" content=\"Ana Bu\u010devi\u0107 - STAGING\" \/>\n<meta property=\"article:modified_time\" content=\"2026-01-18T20:09:17+00:00\" \/>\n<meta property=\"og:image\" content=\"https:\/\/staging2.anabucevic.com\/wp-content\/uploads\/2026\/01\/Ana-Kontakt.png\" \/>\n<meta name=\"twitter:card\" content=\"summary_large_image\" \/>\n<script type=\"application\/ld+json\" class=\"yoast-schema-graph\">{\"@context\":\"https:\/\/schema.org\",\"@graph\":[{\"@type\":\"WebPage\",\"@id\":\"http:\/\/staging2.anabucevic.com\/coming-soon\/\",\"url\":\"http:\/\/staging2.anabucevic.com\/coming-soon\/\",\"name\":\"Coming soon - Ana Bu\u010devi\u0107 - STAGING\",\"isPartOf\":{\"@id\":\"https:\/\/staging2.anabucevic.com\/en\/#website\"},\"primaryImageOfPage\":{\"@id\":\"http:\/\/staging2.anabucevic.com\/coming-soon\/#primaryimage\"},\"image\":{\"@id\":\"http:\/\/staging2.anabucevic.com\/coming-soon\/#primaryimage\"},\"thumbnailUrl\":\"https:\/\/staging2.anabucevic.com\/wp-content\/uploads\/2026\/01\/Ana-Kontakt.png\",\"datePublished\":\"2026-01-18T20:09:12+00:00\",\"dateModified\":\"2026-01-18T20:09:17+00:00\",\"breadcrumb\":{\"@id\":\"http:\/\/staging2.anabucevic.com\/coming-soon\/#breadcrumb\"},\"inLanguage\":\"en-GB\",\"potentialAction\":[{\"@type\":\"ReadAction\",\"target\":[\"http:\/\/staging2.anabucevic.com\/coming-soon\/\"]}]},{\"@type\":\"ImageObject\",\"inLanguage\":\"en-GB\",\"@id\":\"http:\/\/staging2.anabucevic.com\/coming-soon\/#primaryimage\",\"url\":\"https:\/\/staging2.anabucevic.com\/wp-content\/uploads\/2026\/01\/Ana-Kontakt.png\",\"contentUrl\":\"https:\/\/staging2.anabucevic.com\/wp-content\/uploads\/2026\/01\/Ana-Kontakt.png\"},{\"@type\":\"BreadcrumbList\",\"@id\":\"http:\/\/staging2.anabucevic.com\/coming-soon\/#breadcrumb\",\"itemListElement\":[{\"@type\":\"ListItem\",\"position\":1,\"name\":\"Home\",\"item\":\"https:\/\/staging2.anabucevic.com\/en\/\"},{\"@type\":\"ListItem\",\"position\":2,\"name\":\"Coming soon\"}]},{\"@type\":\"WebSite\",\"@id\":\"https:\/\/staging2.anabucevic.com\/en\/#website\",\"url\":\"https:\/\/staging2.anabucevic.com\/en\/\",\"name\":\"Ana Bu\u010devi\u0107 - STAGING\",\"description\":\"Budite ono \u0161to \u017eelite postati..\",\"publisher\":{\"@id\":\"https:\/\/staging2.anabucevic.com\/en\/#organization\"},\"potentialAction\":[{\"@type\":\"SearchAction\",\"target\":{\"@type\":\"EntryPoint\",\"urlTemplate\":\"https:\/\/staging2.anabucevic.com\/en\/?s={search_term_string}\"},\"query-input\":{\"@type\":\"PropertyValueSpecification\",\"valueRequired\":true,\"valueName\":\"search_term_string\"}}],\"inLanguage\":\"en-GB\"},{\"@type\":\"Organization\",\"@id\":\"https:\/\/staging2.anabucevic.com\/en\/#organization\",\"name\":\"Ana Bu\u010devi\u0107 - STAGING\",\"url\":\"https:\/\/staging2.anabucevic.com\/en\/\",\"logo\":{\"@type\":\"ImageObject\",\"inLanguage\":\"en-GB\",\"@id\":\"https:\/\/staging2.anabucevic.com\/en\/#\/schema\/logo\/image\/\",\"url\":\"\",\"contentUrl\":\"\",\"caption\":\"Ana Bu\u010devi\u0107 - STAGING\"},\"image\":{\"@id\":\"https:\/\/staging2.anabucevic.com\/en\/#\/schema\/logo\/image\/\"}}]}<\/script>\n<!-- \/ Yoast SEO plugin. -->","yoast_head_json":{"title":"Coming soon - Ana Bu\u010devi\u0107 - STAGING","robots":{"index":"noindex","follow":"follow","max-snippet":"max-snippet:-1","max-image-preview":"max-image-preview:large","max-video-preview":"max-video-preview:-1"},"og_locale":"en_GB","og_type":"article","og_title":"Coming soon - Ana Bu\u010devi\u0107 - STAGING","og_description":"Stranica je privremeno nedostupna zbog redizajna. Hvala vam na strpljenju i razumijevanju dok pripremamo novi dizajn i sadr\u017eaj. Ponovno smo live kroz par dana. Za sva pitanja i upite slobodno [&hellip;]","og_url":"http:\/\/staging2.anabucevic.com\/en\/coming-soon\/","og_site_name":"Ana Bu\u010devi\u0107 - STAGING","article_modified_time":"2026-01-18T20:09:17+00:00","og_image":[{"url":"https:\/\/staging2.anabucevic.com\/wp-content\/uploads\/2026\/01\/Ana-Kontakt.png","type":"","width":"","height":""}],"twitter_card":"summary_large_image","schema":{"@context":"https:\/\/schema.org","@graph":[{"@type":"WebPage","@id":"http:\/\/staging2.anabucevic.com\/coming-soon\/","url":"http:\/\/staging2.anabucevic.com\/coming-soon\/","name":"Coming soon - Ana Bu\u010devi\u0107 - STAGING","isPartOf":{"@id":"https:\/\/staging2.anabucevic.com\/en\/#website"},"primaryImageOfPage":{"@id":"http:\/\/staging2.anabucevic.com\/coming-soon\/#primaryimage"},"image":{"@id":"http:\/\/staging2.anabucevic.com\/coming-soon\/#primaryimage"},"thumbnailUrl":"https:\/\/staging2.anabucevic.com\/wp-content\/uploads\/2026\/01\/Ana-Kontakt.png","datePublished":"2026-01-18T20:09:12+00:00","dateModified":"2026-01-18T20:09:17+00:00","breadcrumb":{"@id":"http:\/\/staging2.anabucevic.com\/coming-soon\/#breadcrumb"},"inLanguage":"en-GB","potentialAction":[{"@type":"ReadAction","target":["http:\/\/staging2.anabucevic.com\/coming-soon\/"]}]},{"@type":"ImageObject","inLanguage":"en-GB","@id":"http:\/\/staging2.anabucevic.com\/coming-soon\/#primaryimage","url":"https:\/\/staging2.anabucevic.com\/wp-content\/uploads\/2026\/01\/Ana-Kontakt.png","contentUrl":"https:\/\/staging2.anabucevic.com\/wp-content\/uploads\/2026\/01\/Ana-Kontakt.png"},{"@type":"BreadcrumbList","@id":"http:\/\/staging2.anabucevic.com\/coming-soon\/#breadcrumb","itemListElement":[{"@type":"ListItem","position":1,"name":"Home","item":"https:\/\/staging2.anabucevic.com\/en\/"},{"@type":"ListItem","position":2,"name":"Coming soon"}]},{"@type":"WebSite","@id":"https:\/\/staging2.anabucevic.com\/en\/#website","url":"https:\/\/staging2.anabucevic.com\/en\/","name":"Ana Bu\u010devi\u0107 - STAGING","description":"Budite ono \u0161to \u017eelite postati..","publisher":{"@id":"https:\/\/staging2.anabucevic.com\/en\/#organization"},"potentialAction":[{"@type":"SearchAction","target":{"@type":"EntryPoint","urlTemplate":"https:\/\/staging2.anabucevic.com\/en\/?s={search_term_string}"},"query-input":{"@type":"PropertyValueSpecification","valueRequired":true,"valueName":"search_term_string"}}],"inLanguage":"en-GB"},{"@type":"Organization","@id":"https:\/\/staging2.anabucevic.com\/en\/#organization","name":"Ana Bu\u010devi\u0107 - STAGING","url":"https:\/\/staging2.anabucevic.com\/en\/","logo":{"@type":"ImageObject","inLanguage":"en-GB","@id":"https:\/\/staging2.anabucevic.com\/en\/#\/schema\/logo\/image\/","url":"","contentUrl":"","caption":"Ana Bu\u010devi\u0107 - STAGING"},"image":{"@id":"https:\/\/staging2.anabucevic.com\/en\/#\/schema\/logo\/image\/"}}]}},"_links":{"self":[{"href":"http:\/\/staging2.anabucevic.com\/en\/wp-json\/wp\/v2\/pages\/6391350","targetHints":{"allow":["GET"]}}],"collection":[{"href":"http:\/\/staging2.anabucevic.com\/en\/wp-json\/wp\/v2\/pages"}],"about":[{"href":"http:\/\/staging2.anabucevic.com\/en\/wp-json\/wp\/v2\/types\/page"}],"author":[{"embeddable":true,"href":"http:\/\/staging2.anabucevic.com\/en\/wp-json\/wp\/v2\/users\/9"}],"replies":[{"embeddable":true,"href":"http:\/\/staging2.anabucevic.com\/en\/wp-json\/wp\/v2\/comments?post=6391350"}],"version-history":[{"count":4,"href":"http:\/\/staging2.anabucevic.com\/en\/wp-json\/wp\/v2\/pages\/6391350\/revisions"}],"predecessor-version":[{"id":6391411,"href":"http:\/\/staging2.anabucevic.com\/en\/wp-json\/wp\/v2\/pages\/6391350\/revisions\/6391411"}],"wp:attachment":[{"href":"http:\/\/staging2.anabucevic.com\/en\/wp-json\/wp\/v2\/media?parent=6391350"}],"curies":[{"name":"wp","href":"https:\/\/api.w.org\/{rel}","templated":true}]}}